{"id":673,"date":"2024-02-12T07:30:52","date_gmt":"2024-02-12T06:30:52","guid":{"rendered":"https:\/\/sano-agrar.hu\/?page_id=673"},"modified":"2026-03-06T09:36:38","modified_gmt":"2026-03-06T08:36:38","slug":"szakmai-rendezvenyek","status":"publish","type":"page","link":"https:\/\/sano-agrar.hu\/en\/kutatas-fejlesztes\/szakmai-rendezvenyek\/","title":{"rendered":"Szakmai rendezv\u00e9nyek"},"content":{"rendered":"<div data-elementor-type=\"wp-page\" data-elementor-id=\"673\" class=\"elementor elementor-673\" data-elementor-post-type=\"page\">\n\t\t\t\t\t\t<section class=\"elementor-section elementor-top-section elementor-element elementor-element-ff4d729 elementor-section-boxed elementor-section-height-default elementor-section-height-default\" data-id=\"ff4d729\" data-element_type=\"section\" data-e-type=\"section\">\n\t\t\t\t\t\t<div class=\"elementor-container elementor-column-gap-default\">\n\t\t\t\t\t<div class=\"elementor-column elementor-col-100 elementor-top-column elementor-element elementor-element-09bfe98\" data-id=\"09bfe98\" data-element_type=\"column\" data-e-type=\"column\">\n\t\t\t<div class=\"elementor-widget-wrap elementor-element-populated\">\n\t\t\t\t\t\t\t<\/div>\n\t\t<\/div>\n\t\t\t\t\t<\/div>\n\t\t<\/section>\n\t\t<div class=\"elementor-element elementor-element-4aebd33 e-flex e-con-boxed e-con e-parent\" data-id=\"4aebd33\" data-element_type=\"container\" data-e-type=\"container\">\n\t\t\t\t\t<div class=\"e-con-inner\">\n\t\t<div class=\"elementor-element elementor-element-f166b3f e-con-full e-flex e-con e-child\" data-id=\"f166b3f\" data-element_type=\"container\" data-e-type=\"container\">\n\t\t\t\t<div class=\"elementor-element elementor-element-da71841 elementor-widget elementor-widget-text-editor\" data-id=\"da71841\" data-element_type=\"widget\" data-e-type=\"widget\" data-widget_type=\"text-editor.default\">\n\t\t\t\t<div class=\"elementor-widget-container\">\n\t\t\t\t\t\t\t\t\t<h4>Szakmai rendezv\u00e9nyek \u00e9s tud\u00e1smegoszt\u00e1s<\/h4><p>A Sano Agrar Institut sert\u00e9start\u00f3 mintagazdas\u00e1ga nemcsak modern termel\u0151egys\u00e9g, hanem nemzetk\u00f6zi szint\u0171 szakmai kompetenciak\u00f6zpont is, amelynek c\u00e9lja a mez\u0151gazdas\u00e1gi \u00e1gazat magas teljes\u00edtm\u00e9ny\u00e9nek t\u00e1mogat\u00e1sa. V\u00edzi\u00f3nk, hogy nagyteljes\u00edtm\u00e9ny\u0171 kompetencia centerk\u00e9nt m\u0171k\u00f6dj\u00fcnk az agr\u00e1rium sz\u00e1m\u00e1ra, ahol a gyakorlatban tesztelt megold\u00e1sok, a tudom\u00e1ny \u00e9s az \u00fczleti szeml\u00e9let tal\u00e1lkoznak.<\/p><p>A telep szakmai rendezv\u00e9nyhelysz\u00ednk\u00e9nt is funkcion\u00e1l, ahol minden adott professzion\u00e1lis esem\u00e9nyek, k\u00e9pz\u00e9sek, workshopok \u00e9s konferenci\u00e1k lebonyol\u00edt\u00e1s\u00e1hoz. A l\u00e1togat\u00f3k egy erre kialak\u00edtott l\u00e1togat\u00f3i folyos\u00f3n kereszt\u00fcl, biztons\u00e1gosan \u00e9s higi\u00e9nikusan nyerhetnek betekint\u00e9st a m\u0171k\u00f6d\u0151 sert\u00e9stelep mindennapjaiba. A telepl\u00e1togat\u00e1s sor\u00e1n megfigyelhet\u0151k a k\u00fcl\u00f6nb\u00f6z\u0151 munkafolyamatok, a modern technol\u00f3giai megold\u00e1sok, valamint az \u00e1llatok k\u00fcl\u00f6nb\u00f6z\u0151 \u00e9letszakaszai \u2013 a koc\u00e1kt\u00f3l a malacokon \u00e1t eg\u00e9szen a h\u00edz\u00f3sert\u00e9sekig \u2013, re\u00e1lis k\u00e9pet adva a korszer\u0171 sert\u00e9start\u00e1s k\u00f6r\u00fclm\u00e9nyeir\u0151l.<\/p>\t\t\t\t\t\t\t\t<\/div>\n\t\t\t\t<\/div>\n\t\t\t\t<\/div>\n\t\t<div class=\"elementor-element elementor-element-910b778 e-con-full e-flex e-con e-child\" data-id=\"910b778\" data-element_type=\"container\" data-e-type=\"container\">\n\t\t\t\t<div class=\"elementor-element elementor-element-56939ab elementor-widget elementor-widget-theme-post-featured-image elementor-widget-image\" data-id=\"56939ab\" data-element_type=\"widget\" data-e-type=\"widget\" data-widget_type=\"theme-post-featured-image.default\">\n\t\t\t\t<div class=\"elementor-widget-container\">\n\t\t\t\t\t\t\t\t\t\t\t\t\t\t\t\t<a href=\"https:\/\/sano-agrar.hu\/wp-content\/uploads\/2026\/02\/3-kf-rendezvenyek.jpg\" data-elementor-open-lightbox=\"yes\" data-elementor-lightbox-title=\"Kutat\u00e1s-fejleszt\u00e9s - Szakmai rendezv\u00e9nyek\" data-e-action-hash=\"#elementor-action%3Aaction%3Dlightbox%26settings%3DeyJpZCI6MzU3NSwidXJsIjoiaHR0cHM6XC9cL3Nhbm8tYWdyYXIuaHVcL3dwLWNvbnRlbnRcL3VwbG9hZHNcLzIwMjZcLzAyXC8zLWtmLXJlbmRlenZlbnllay5qcGcifQ%3D%3D\">\n\t\t\t\t\t\t\t<img fetchpriority=\"high\" decoding=\"async\" width=\"800\" height=\"533\" src=\"https:\/\/sano-agrar.hu\/wp-content\/uploads\/2026\/02\/3-kf-rendezvenyek-1280x853.jpg\" class=\"attachment-large size-large wp-image-3575\" alt=\"\" srcset=\"https:\/\/sano-agrar.hu\/wp-content\/uploads\/2026\/02\/3-kf-rendezvenyek-1280x853.jpg 1280w, https:\/\/sano-agrar.hu\/wp-content\/uploads\/2026\/02\/3-kf-rendezvenyek-300x200.jpg 300w, https:\/\/sano-agrar.hu\/wp-content\/uploads\/2026\/02\/3-kf-rendezvenyek-768x512.jpg 768w, https:\/\/sano-agrar.hu\/wp-content\/uploads\/2026\/02\/3-kf-rendezvenyek-1536x1024.jpg 1536w, https:\/\/sano-agrar.hu\/wp-content\/uploads\/2026\/02\/3-kf-rendezvenyek-18x12.jpg 18w, https:\/\/sano-agrar.hu\/wp-content\/uploads\/2026\/02\/3-kf-rendezvenyek.jpg 1620w\" sizes=\"(max-width: 800px) 100vw, 800px\" \/>\t\t\t\t\t\t\t\t<\/a>\n\t\t\t\t\t\t\t\t\t\t\t\t\t\t\t<\/div>\n\t\t\t\t<\/div>\n\t\t\t\t<\/div>\n\t\t\t\t\t<\/div>\n\t\t\t\t<\/div>\n\t\t<div class=\"elementor-element elementor-element-6bc5f19 e-flex e-con-boxed e-con e-parent\" data-id=\"6bc5f19\" data-element_type=\"container\" data-e-type=\"container\" data-settings=\"{&quot;background_background&quot;:&quot;classic&quot;}\">\n\t\t\t\t\t<div class=\"e-con-inner\">\n\t\t<div class=\"elementor-element elementor-element-18627b7 e-flex e-con-boxed e-con e-child\" data-id=\"18627b7\" data-element_type=\"container\" data-e-type=\"container\">\n\t\t\t\t\t<div class=\"e-con-inner\">\n\t\t\t\t<div class=\"elementor-element elementor-element-9f3e769 elementor-widget elementor-widget-text-editor\" data-id=\"9f3e769\" data-element_type=\"widget\" data-e-type=\"widget\" data-widget_type=\"text-editor.default\">\n\t\t\t\t<div class=\"elementor-widget-container\">\n\t\t\t\t\t\t\t\t\t<p><strong>A sert\u00e9stelep el\u0151ad\u00f3- \u00e9s konferenciateremmel is rendelkezik<\/strong>, amely lehet\u0151s\u00e9get biztos\u00edt:<\/p><ul><li>szakmai el\u0151ad\u00e1sok,<\/li><li>v\u00e1llalati \u00e9s partnerk\u00e9pz\u00e9sek,<\/li><li>egyetemi oktat\u00e1si programok,<\/li><li>gyakorlati bemutat\u00f3k \u00e9s kerekasztal-besz\u00e9lget\u00e9sek megtart\u00e1s\u00e1ra, k\u00f6zvetlen kapcsolatot teremtve az elm\u00e9let \u00e9s a gyakorlat k\u00f6z\u00f6tt.<\/li><\/ul><p><strong><br \/>A Sano Agrar Institut sert\u00e9stelep\u00e9n sz\u00e1mos hazai \u00e9s nemzetk\u00f6zi szakmai esem\u00e9ny val\u00f3sult m\u00e1r meg helysz\u00edni szakmai rendezv\u00e9ny \u00e9s telepl\u00e1togat\u00e1s form\u00e1j\u00e1ban.<\/strong> T\u00f6bbek k\u00f6z\u00f6tt a Br\u00e4uer Stalltechnik, a Sz\u00e9chenyi Istv\u00e1n Egyetem, a Topigs Norsvin \u00e9s a Magyar Prec\u00edzi\u00f3s \u00c1llattart\u00e1s\u00e9rt Egyes\u00fclet (MAP\u00c1E) redezv\u00e9ny\u00e9nek adott otthont a sert\u00e9stelep.<\/p><p>Term\u00e9szetesen a Sano hazai \u00e9s k\u00fclf\u00f6ldi v\u00e1llalatai rendszeresen szerveznek szakmai napokat, tov\u00e1bbk\u00e9pz\u00e9seket \u00e9s telepl\u00e1togat\u00e1ssal \u00f6sszek\u00f6t\u00f6tt rendezv\u00e9nyeket a modern sert\u00e9start\u00f3 mintagazdas\u00e1gban.<\/p><p><strong>A Sano Agrar Institut sert\u00e9stelepe olyan tal\u00e1lkoz\u00e1si pont, ahol a gyakorlat, a tudom\u00e1ny \u00e9s az innov\u00e1ci\u00f3 k\u00e9z a k\u00e9zben j\u00e1r \u2013 val\u00f3di \u00e9rt\u00e9ket teremtve a szakmai k\u00f6z\u00f6ns\u00e9g, az \u00e1llattart\u00f3 partnerek \u00e9s a j\u00f6v\u0151 agr\u00e1rszakemberei sz\u00e1m\u00e1ra.<\/strong><\/p>\t\t\t\t\t\t\t\t<\/div>\n\t\t\t\t<\/div>\n\t\t\t\t\t<\/div>\n\t\t\t\t<\/div>\n\t\t\t\t\t<\/div>\n\t\t\t\t<\/div>\n\t\t\t\t<\/div>","protected":false},"excerpt":{"rendered":"<p>Szakmai rendezv\u00e9nyek \u00e9s tud\u00e1smegoszt\u00e1s A Sano Agrar Institut sert\u00e9start\u00f3 mintagazdas\u00e1ga nemcsak modern termel\u0151egys\u00e9g, hanem nemzetk\u00f6zi szint\u0171 szakmai kompetenciak\u00f6zpont is, amelynek c\u00e9lja a mez\u0151gazdas\u00e1gi \u00e1gazat magas teljes\u00edtm\u00e9ny\u00e9nek t\u00e1mogat\u00e1sa. V\u00edzi\u00f3nk, hogy nagyteljes\u00edtm\u00e9ny\u0171 kompetencia centerk\u00e9nt m\u0171k\u00f6dj\u00fcnk az agr\u00e1rium sz\u00e1m\u00e1ra, ahol a gyakorlatban tesztelt megold\u00e1sok, a tudom\u00e1ny \u00e9s az \u00fczleti szeml\u00e9let tal\u00e1lkoznak. A telep szakmai rendezv\u00e9nyhelysz\u00ednk\u00e9nt is funkcion\u00e1l, ahol [&hellip;]<\/p>\n","protected":false},"author":1,"featured_media":3575,"parent":657,"menu_order":2,"comment_status":"closed","ping_status":"closed","template":"","meta":{"footnotes":""},"class_list":["post-673","page","type-page","status-publish","has-post-thumbnail","hentry"],"_links":{"self":[{"href":"https:\/\/sano-agrar.hu\/en\/wp-json\/wp\/v2\/pages\/673","targetHints":{"allow":["GET"]}}],"collection":[{"href":"https:\/\/sano-agrar.hu\/en\/wp-json\/wp\/v2\/pages"}],"about":[{"href":"https:\/\/sano-agrar.hu\/en\/wp-json\/wp\/v2\/types\/page"}],"author":[{"embeddable":true,"href":"https:\/\/sano-agrar.hu\/en\/wp-json\/wp\/v2\/users\/1"}],"replies":[{"embeddable":true,"href":"https:\/\/sano-agrar.hu\/en\/wp-json\/wp\/v2\/comments?post=673"}],"version-history":[{"count":4,"href":"https:\/\/sano-agrar.hu\/en\/wp-json\/wp\/v2\/pages\/673\/revisions"}],"predecessor-version":[{"id":4132,"href":"https:\/\/sano-agrar.hu\/en\/wp-json\/wp\/v2\/pages\/673\/revisions\/4132"}],"up":[{"embeddable":true,"href":"https:\/\/sano-agrar.hu\/en\/wp-json\/wp\/v2\/pages\/657"}],"wp:featuredmedia":[{"embeddable":true,"href":"https:\/\/sano-agrar.hu\/en\/wp-json\/wp\/v2\/media\/3575"}],"wp:attachment":[{"href":"https:\/\/sano-agrar.hu\/en\/wp-json\/wp\/v2\/media?parent=673"}],"curies":[{"name":"wp","href":"https:\/\/api.w.org\/{rel}","templated":true}]}}