{"id":657,"date":"2024-02-05T07:00:00","date_gmt":"2024-02-05T06:00:00","guid":{"rendered":"https:\/\/sano-agrar.hu\/?page_id=657"},"modified":"2026-03-06T09:20:36","modified_gmt":"2026-03-06T08:20:36","slug":"kutatas-fejlesztes","status":"publish","type":"page","link":"https:\/\/sano-agrar.hu\/en\/kutatas-fejlesztes\/","title":{"rendered":"Kutat\u00e1s-fejleszt\u00e9s"},"content":{"rendered":"<div data-elementor-type=\"wp-page\" data-elementor-id=\"657\" class=\"elementor elementor-657\" data-elementor-post-type=\"page\">\n\t\t\t\t<div class=\"elementor-element elementor-element-d75a773 e-flex e-con-boxed e-con e-parent\" data-id=\"d75a773\" data-element_type=\"container\" data-e-type=\"container\">\n\t\t\t\t\t<div class=\"e-con-inner\">\n\t\t<div class=\"elementor-element elementor-element-5c2488a e-con-full e-flex e-con e-child\" data-id=\"5c2488a\" data-element_type=\"container\" data-e-type=\"container\">\n\t\t\t\t<\/div>\n\t\t\t\t\t<\/div>\n\t\t\t\t<\/div>\n\t\t<div class=\"elementor-element elementor-element-e4bbe60 e-flex e-con-boxed e-con e-parent\" data-id=\"e4bbe60\" data-element_type=\"container\" data-e-type=\"container\">\n\t\t\t\t\t<div class=\"e-con-inner\">\n\t\t<div class=\"elementor-element elementor-element-13a06d7 e-con-full e-flex e-con e-child\" data-id=\"13a06d7\" data-element_type=\"container\" data-e-type=\"container\">\n\t\t\t\t<div class=\"elementor-element elementor-element-29e96bb elementor-widget elementor-widget-text-editor\" data-id=\"29e96bb\" data-element_type=\"widget\" data-e-type=\"widget\" data-widget_type=\"text-editor.default\">\n\t\t\t\t<div class=\"elementor-widget-container\">\n\t\t\t\t\t\t\t\t\t<h3>A Sano Agrar Institut egyet jelent az innov\u00e1ci\u00f3kkal \u2013 Gyakorlatb\u00f3l a gyakorlat\u00e9rt<\/h3><p>A Sano Agrar Institut a Sano csal\u00e1d r\u00e9szek\u00e9nt v\u00e9gez a nemzetk\u00f6zi c\u00e9gcsoport \u00e9s partnerei sz\u00e1m\u00e1ra j\u00f6v\u0151be mutat\u00f3 vizsg\u00e1latokat \u00e9s k\u00eds\u00e9rleteket. A Sano Agrar Institut kutat\u00e1s-fejleszt\u00e9si tev\u00e9kenys\u00e9ge a kocatart\u00e1sra, malacel\u0151\u00e1ll\u00edt\u00e1sra- \u00e9s nevel\u00e9sre, valamint a sert\u00e9shizlal\u00e1sra szakosodott. A legmodernebb, sikert hoz\u00f3 koncepci\u00f3k \u00e9s a leg\u00fajabb technol\u00f3gi\u00e1k ker\u00fclnek alkalmaz\u00e1sra. Innovat\u00edv, egyedi elgondol\u00e1sokkal \u00e9s sok\u00e9ves kutat\u00e1si, fejleszt\u00e9si tapasztalatokkal teremti meg a Sano Agrar Institut a tudom\u00e1ny ter\u00e9n is el\u00e9rt el\u0151ny\u00e9t.<\/p>\t\t\t\t\t\t\t\t<\/div>\n\t\t\t\t<\/div>\n\t\t\t\t<\/div>\n\t\t\t\t\t<\/div>\n\t\t\t\t<\/div>\n\t\t<div class=\"elementor-element elementor-element-ddf0d86 e-flex e-con-boxed e-con e-parent\" data-id=\"ddf0d86\" data-element_type=\"container\" data-e-type=\"container\" data-settings=\"{&quot;background_background&quot;:&quot;classic&quot;}\">\n\t\t\t\t\t<div class=\"e-con-inner\">\n\t\t<div class=\"elementor-element elementor-element-d059a3f e-con-full e-flex e-con e-child\" data-id=\"d059a3f\" data-element_type=\"container\" data-e-type=\"container\" data-settings=\"{&quot;background_background&quot;:&quot;classic&quot;}\">\n\t\t\t\t<div class=\"elementor-element elementor-element-b7803d7 elementor-grid-3 elementor-grid-tablet-2 elementor-grid-mobile-1 elementor-posts--thumbnail-top elementor-card-shadow-yes elementor-posts__hover-gradient elementor-widget elementor-widget-posts\" data-id=\"b7803d7\" data-element_type=\"widget\" data-e-type=\"widget\" data-settings=\"{&quot;cards_columns&quot;:&quot;3&quot;,&quot;cards_columns_tablet&quot;:&quot;2&quot;,&quot;cards_columns_mobile&quot;:&quot;1&quot;,&quot;cards_row_gap&quot;:{&quot;unit&quot;:&quot;px&quot;,&quot;size&quot;:35,&quot;sizes&quot;:[]},&quot;cards_row_gap_laptop&quot;:{&quot;unit&quot;:&quot;px&quot;,&quot;size&quot;:&quot;&quot;,&quot;sizes&quot;:[]},&quot;cards_row_gap_tablet_extra&quot;:{&quot;unit&quot;:&quot;px&quot;,&quot;size&quot;:&quot;&quot;,&quot;sizes&quot;:[]},&quot;cards_row_gap_tablet&quot;:{&quot;unit&quot;:&quot;px&quot;,&quot;size&quot;:&quot;&quot;,&quot;sizes&quot;:[]},&quot;cards_row_gap_mobile_extra&quot;:{&quot;unit&quot;:&quot;px&quot;,&quot;size&quot;:&quot;&quot;,&quot;sizes&quot;:[]},&quot;cards_row_gap_mobile&quot;:{&quot;unit&quot;:&quot;px&quot;,&quot;size&quot;:&quot;&quot;,&quot;sizes&quot;:[]}}\" data-widget_type=\"posts.cards\">\n\t\t\t\t<div class=\"elementor-widget-container\">\n\t\t\t\t\t\t\t<div class=\"elementor-posts-container elementor-posts elementor-posts--skin-cards elementor-grid\" role=\"list\">\n\t\t\t\t<article class=\"elementor-post elementor-grid-item post-678 page type-page status-publish has-post-thumbnail hentry\" role=\"listitem\">\n\t\t\t<div class=\"elementor-post__card\">\n\t\t\t\t<a class=\"elementor-post__thumbnail__link\" href=\"https:\/\/sano-agrar.hu\/en\/kutatas-fejlesztes\/allatjolet\/\" tabindex=\"-1\" ><div class=\"elementor-post__thumbnail\"><img fetchpriority=\"high\" decoding=\"async\" width=\"768\" height=\"576\" src=\"https:\/\/sano-agrar.hu\/wp-content\/uploads\/2026\/02\/3-kf-allatjolet-768x576.jpg\" class=\"attachment-medium_large size-medium_large wp-image-3573\" alt=\"\" srcset=\"https:\/\/sano-agrar.hu\/wp-content\/uploads\/2026\/02\/3-kf-allatjolet-768x576.jpg 768w, https:\/\/sano-agrar.hu\/wp-content\/uploads\/2026\/02\/3-kf-allatjolet-300x225.jpg 300w, https:\/\/sano-agrar.hu\/wp-content\/uploads\/2026\/02\/3-kf-allatjolet-1280x960.jpg 1280w, https:\/\/sano-agrar.hu\/wp-content\/uploads\/2026\/02\/3-kf-allatjolet-16x12.jpg 16w, https:\/\/sano-agrar.hu\/wp-content\/uploads\/2026\/02\/3-kf-allatjolet.jpg 1440w\" sizes=\"(max-width: 768px) 100vw, 768px\" \/><\/div><\/a>\n\t\t\t\t<div class=\"elementor-post__text\">\n\t\t\t\t<h3 class=\"elementor-post__title\">\n\t\t\t<a href=\"https:\/\/sano-agrar.hu\/en\/kutatas-fejlesztes\/allatjolet\/\" >\n\t\t\t\t\u00c1llatj\u00f3l\u00e9t\t\t\t<\/a>\n\t\t<\/h3>\n\t\t\t\t<div class=\"elementor-post__excerpt\">\n\t\t\t<p>Nagy teljes\u00edtm\u00e9nyhez kiemelked\u0151 \u00e1llatj\u00f3l\u00e9t sz\u00fcks\u00e9ges A Sano Agrar Institut sert\u00e9start\u00f3 mintagazdas\u00e1g\u00e1ban az \u00e1llatj\u00f3l\u00e9t a technol\u00f3giai \u00e9s takarm\u00e1nyoz\u00e1si koncepci\u00f3 szerves r\u00e9sze. A korszer\u0171, modern ist\u00e1ll\u00f3k<\/p>\n\t\t<\/div>\n\t\t\n\t\t<a class=\"elementor-post__read-more\" href=\"https:\/\/sano-agrar.hu\/en\/kutatas-fejlesztes\/allatjolet\/\" aria-label=\"Read more about \u00c1llatj\u00f3l\u00e9t\" tabindex=\"-1\" >\n\t\t\t<i class=\"btn-icon button-before fa fa-chevron-right\"><\/i>&nbsp;Tov\u00e1bbi inform\u00e1ci\u00f3\t\t<\/a>\n\n\t\t\t\t<\/div>\n\t\t\t\t\t<\/div>\n\t\t<\/article>\n\t\t\t\t<article class=\"elementor-post elementor-grid-item post-668 page type-page status-publish has-post-thumbnail hentry\" role=\"listitem\">\n\t\t\t<div class=\"elementor-post__card\">\n\t\t\t\t<a class=\"elementor-post__thumbnail__link\" href=\"https:\/\/sano-agrar.hu\/en\/kutatas-fejlesztes\/termekfejlesztes\/\" tabindex=\"-1\" ><div class=\"elementor-post__thumbnail\"><img decoding=\"async\" width=\"768\" height=\"576\" src=\"https:\/\/sano-agrar.hu\/wp-content\/uploads\/2026\/02\/3-kf-takarmanyozas-768x576.jpg\" class=\"attachment-medium_large size-medium_large wp-image-3576\" alt=\"\" srcset=\"https:\/\/sano-agrar.hu\/wp-content\/uploads\/2026\/02\/3-kf-takarmanyozas-768x576.jpg 768w, https:\/\/sano-agrar.hu\/wp-content\/uploads\/2026\/02\/3-kf-takarmanyozas-300x225.jpg 300w, https:\/\/sano-agrar.hu\/wp-content\/uploads\/2026\/02\/3-kf-takarmanyozas-1280x960.jpg 1280w, https:\/\/sano-agrar.hu\/wp-content\/uploads\/2026\/02\/3-kf-takarmanyozas-16x12.jpg 16w, https:\/\/sano-agrar.hu\/wp-content\/uploads\/2026\/02\/3-kf-takarmanyozas.jpg 1440w\" sizes=\"(max-width: 768px) 100vw, 768px\" \/><\/div><\/a>\n\t\t\t\t<div class=\"elementor-post__text\">\n\t\t\t\t<h3 class=\"elementor-post__title\">\n\t\t\t<a href=\"https:\/\/sano-agrar.hu\/en\/kutatas-fejlesztes\/termekfejlesztes\/\" >\n\t\t\t\tTerm\u00e9kfejleszt\u00e9s\t\t\t<\/a>\n\t\t<\/h3>\n\t\t\t\t<div class=\"elementor-post__excerpt\">\n\t\t\t<p>Takarm\u00e1nyoz\u00e1si k\u00eds\u00e9rletek a folyamatos fejl\u0151d\u00e9s\u00e9rt Az \u00e1llati takarm\u00e1nyok gazdas\u00e1gos \u00e9s hossz\u00fa t\u00e1v\u00fa el\u0151\u00e1ll\u00edt\u00e1sa \u00e9rdek\u00e9ben a tejtermel\u00e9sben tov\u00e1bbi hat\u00e9konys\u00e1gn\u00f6vel\u00e9s lehets\u00e9ges, \u00e9s sz\u00fcks\u00e9ges is. A sikeres<\/p>\n\t\t<\/div>\n\t\t\n\t\t<a class=\"elementor-post__read-more\" href=\"https:\/\/sano-agrar.hu\/en\/kutatas-fejlesztes\/termekfejlesztes\/\" aria-label=\"Read more about Term\u00e9kfejleszt\u00e9s\" tabindex=\"-1\" >\n\t\t\t<i class=\"btn-icon button-before fa fa-chevron-right\"><\/i>&nbsp;Tov\u00e1bbi inform\u00e1ci\u00f3\t\t<\/a>\n\n\t\t\t\t<\/div>\n\t\t\t\t\t<\/div>\n\t\t<\/article>\n\t\t\t\t<article class=\"elementor-post elementor-grid-item post-673 page type-page status-publish has-post-thumbnail hentry\" role=\"listitem\">\n\t\t\t<div class=\"elementor-post__card\">\n\t\t\t\t<a class=\"elementor-post__thumbnail__link\" href=\"https:\/\/sano-agrar.hu\/en\/kutatas-fejlesztes\/szakmai-rendezvenyek\/\" tabindex=\"-1\" ><div class=\"elementor-post__thumbnail\"><img decoding=\"async\" width=\"768\" height=\"512\" src=\"https:\/\/sano-agrar.hu\/wp-content\/uploads\/2026\/02\/3-kf-rendezvenyek-768x512.jpg\" class=\"attachment-medium_large size-medium_large wp-image-3575\" alt=\"\" srcset=\"https:\/\/sano-agrar.hu\/wp-content\/uploads\/2026\/02\/3-kf-rendezvenyek-768x512.jpg 768w, https:\/\/sano-agrar.hu\/wp-content\/uploads\/2026\/02\/3-kf-rendezvenyek-300x200.jpg 300w, https:\/\/sano-agrar.hu\/wp-content\/uploads\/2026\/02\/3-kf-rendezvenyek-1280x853.jpg 1280w, https:\/\/sano-agrar.hu\/wp-content\/uploads\/2026\/02\/3-kf-rendezvenyek-1536x1024.jpg 1536w, https:\/\/sano-agrar.hu\/wp-content\/uploads\/2026\/02\/3-kf-rendezvenyek-18x12.jpg 18w, https:\/\/sano-agrar.hu\/wp-content\/uploads\/2026\/02\/3-kf-rendezvenyek.jpg 1620w\" sizes=\"(max-width: 768px) 100vw, 768px\" \/><\/div><\/a>\n\t\t\t\t<div class=\"elementor-post__text\">\n\t\t\t\t<h3 class=\"elementor-post__title\">\n\t\t\t<a href=\"https:\/\/sano-agrar.hu\/en\/kutatas-fejlesztes\/szakmai-rendezvenyek\/\" >\n\t\t\t\tSzakmai rendezv\u00e9nyek\t\t\t<\/a>\n\t\t<\/h3>\n\t\t\t\t<div class=\"elementor-post__excerpt\">\n\t\t\t<p>Szakmai rendezv\u00e9nyek \u00e9s tud\u00e1smegoszt\u00e1s A Sano Agrar Institut sert\u00e9start\u00f3 mintagazdas\u00e1ga nemcsak modern termel\u0151egys\u00e9g, hanem nemzetk\u00f6zi szint\u0171 szakmai kompetenciak\u00f6zpont is, amelynek c\u00e9lja a mez\u0151gazdas\u00e1gi \u00e1gazat<\/p>\n\t\t<\/div>\n\t\t\n\t\t<a class=\"elementor-post__read-more\" href=\"https:\/\/sano-agrar.hu\/en\/kutatas-fejlesztes\/szakmai-rendezvenyek\/\" aria-label=\"Read more about Szakmai rendezv\u00e9nyek\" tabindex=\"-1\" >\n\t\t\t<i class=\"btn-icon button-before fa fa-chevron-right\"><\/i>&nbsp;Tov\u00e1bbi inform\u00e1ci\u00f3\t\t<\/a>\n\n\t\t\t\t<\/div>\n\t\t\t\t\t<\/div>\n\t\t<\/article>\n\t\t\t\t<article class=\"elementor-post elementor-grid-item post-689 page type-page status-publish has-post-thumbnail hentry\" role=\"listitem\">\n\t\t\t<div class=\"elementor-post__card\">\n\t\t\t\t<a class=\"elementor-post__thumbnail__link\" href=\"https:\/\/sano-agrar.hu\/en\/kutatas-fejlesztes\/oktatas\/\" tabindex=\"-1\" ><div class=\"elementor-post__thumbnail\"><img loading=\"lazy\" decoding=\"async\" width=\"768\" height=\"576\" src=\"https:\/\/sano-agrar.hu\/wp-content\/uploads\/2026\/02\/3-kf-oktatas-768x576.jpg\" class=\"attachment-medium_large size-medium_large wp-image-3574\" alt=\"\" srcset=\"https:\/\/sano-agrar.hu\/wp-content\/uploads\/2026\/02\/3-kf-oktatas-768x576.jpg 768w, https:\/\/sano-agrar.hu\/wp-content\/uploads\/2026\/02\/3-kf-oktatas-300x225.jpg 300w, https:\/\/sano-agrar.hu\/wp-content\/uploads\/2026\/02\/3-kf-oktatas-1280x960.jpg 1280w, https:\/\/sano-agrar.hu\/wp-content\/uploads\/2026\/02\/3-kf-oktatas-16x12.jpg 16w, https:\/\/sano-agrar.hu\/wp-content\/uploads\/2026\/02\/3-kf-oktatas.jpg 1440w\" sizes=\"(max-width: 768px) 100vw, 768px\" \/><\/div><\/a>\n\t\t\t\t<div class=\"elementor-post__text\">\n\t\t\t\t<h3 class=\"elementor-post__title\">\n\t\t\t<a href=\"https:\/\/sano-agrar.hu\/en\/kutatas-fejlesztes\/oktatas\/\" >\n\t\t\t\tOktat\u00e1s\t\t\t<\/a>\n\t\t<\/h3>\n\t\t\t\t<div class=\"elementor-post__excerpt\">\n\t\t\t<p>Kiemelked\u0151 tud\u00e1ssal mindig l\u00e9p\u00e9sel\u0151nyben A Sano Agrar Institutn\u00e1l elk\u00f6telezettek vagyunk munkat\u00e1rsaink folyamatos k\u00e9pz\u00e9s\u00e9ben. A c\u00e9lir\u00e1nyos oktat\u00e1si \u00e9s tov\u00e1bbk\u00e9pz\u00e9si programok lehet\u0151s\u00e9get ny\u00fajtanak koll\u00e9g\u00e1inknak, hogy szakmailag<\/p>\n\t\t<\/div>\n\t\t\n\t\t<a class=\"elementor-post__read-more\" href=\"https:\/\/sano-agrar.hu\/en\/kutatas-fejlesztes\/oktatas\/\" aria-label=\"Read more about Oktat\u00e1s\" tabindex=\"-1\" >\n\t\t\t<i class=\"btn-icon button-before fa fa-chevron-right\"><\/i>&nbsp;Tov\u00e1bbi inform\u00e1ci\u00f3\t\t<\/a>\n\n\t\t\t\t<\/div>\n\t\t\t\t\t<\/div>\n\t\t<\/article>\n\t\t\t\t<\/div>\n\t\t\n\t\t\t\t\t\t<\/div>\n\t\t\t\t<\/div>\n\t\t\t\t<\/div>\n\t\t\t\t\t<\/div>\n\t\t\t\t<\/div>\n\t\t\t\t<\/div>","protected":false},"excerpt":{"rendered":"<p>A Sano Agrar Institut egyet jelent az innov\u00e1ci\u00f3kkal \u2013 Gyakorlatb\u00f3l a gyakorlat\u00e9rt A Sano Agrar Institut a Sano csal\u00e1d r\u00e9szek\u00e9nt v\u00e9gez a nemzetk\u00f6zi c\u00e9gcsoport \u00e9s partnerei sz\u00e1m\u00e1ra j\u00f6v\u0151be mutat\u00f3 vizsg\u00e1latokat \u00e9s k\u00eds\u00e9rleteket. A Sano Agrar Institut kutat\u00e1s-fejleszt\u00e9si tev\u00e9kenys\u00e9ge a kocatart\u00e1sra, malacel\u0151\u00e1ll\u00edt\u00e1sra- \u00e9s nevel\u00e9sre, valamint a sert\u00e9shizlal\u00e1sra szakosodott. A legmodernebb, sikert hoz\u00f3 koncepci\u00f3k \u00e9s a leg\u00fajabb [&hellip;]<\/p>\n","protected":false},"author":1,"featured_media":0,"parent":0,"menu_order":6,"comment_status":"closed","ping_status":"closed","template":"","meta":{"footnotes":""},"class_list":["post-657","page","type-page","status-publish","hentry"],"_links":{"self":[{"href":"https:\/\/sano-agrar.hu\/en\/wp-json\/wp\/v2\/pages\/657","targetHints":{"allow":["GET"]}}],"collection":[{"href":"https:\/\/sano-agrar.hu\/en\/wp-json\/wp\/v2\/pages"}],"about":[{"href":"https:\/\/sano-agrar.hu\/en\/wp-json\/wp\/v2\/types\/page"}],"author":[{"embeddable":true,"href":"https:\/\/sano-agrar.hu\/en\/wp-json\/wp\/v2\/users\/1"}],"replies":[{"embeddable":true,"href":"https:\/\/sano-agrar.hu\/en\/wp-json\/wp\/v2\/comments?post=657"}],"version-history":[{"count":4,"href":"https:\/\/sano-agrar.hu\/en\/wp-json\/wp\/v2\/pages\/657\/revisions"}],"predecessor-version":[{"id":4117,"href":"https:\/\/sano-agrar.hu\/en\/wp-json\/wp\/v2\/pages\/657\/revisions\/4117"}],"wp:attachment":[{"href":"https:\/\/sano-agrar.hu\/en\/wp-json\/wp\/v2\/media?parent=657"}],"curies":[{"name":"wp","href":"https:\/\/api.w.org\/{rel}","templated":true}]}}