{"id":642,"date":"2024-02-12T06:50:54","date_gmt":"2024-02-12T05:50:54","guid":{"rendered":"https:\/\/sano-agrar.hu\/?page_id=642"},"modified":"2026-02-23T21:32:54","modified_gmt":"2026-02-23T20:32:54","slug":"sertestenyesztes","status":"publish","type":"page","link":"https:\/\/sano-agrar.hu\/en\/sertestenyesztes\/","title":{"rendered":"Sert\u00e9steny\u00e9szt\u00e9s"},"content":{"rendered":"<div data-elementor-type=\"wp-page\" data-elementor-id=\"642\" class=\"elementor elementor-642\" data-elementor-post-type=\"page\">\n\t\t\t\t\t\t<section class=\"elementor-section elementor-top-section elementor-element elementor-element-5454101 elementor-section-boxed elementor-section-height-default elementor-section-height-default\" data-id=\"5454101\" data-element_type=\"section\" data-e-type=\"section\">\n\t\t\t\t\t\t<div class=\"elementor-container elementor-column-gap-default\">\n\t\t\t\t\t<div class=\"elementor-column elementor-col-100 elementor-top-column elementor-element elementor-element-816363e\" data-id=\"816363e\" data-element_type=\"column\" data-e-type=\"column\">\n\t\t\t<div class=\"elementor-widget-wrap elementor-element-populated\">\n\t\t\t\t\t\t\t<\/div>\n\t\t<\/div>\n\t\t\t\t\t<\/div>\n\t\t<\/section>\n\t\t<div class=\"elementor-element elementor-element-6174e1e e-flex e-con-boxed e-con e-parent\" data-id=\"6174e1e\" data-element_type=\"container\" data-e-type=\"container\">\n\t\t\t\t\t<div class=\"e-con-inner\">\n\t\t<div class=\"elementor-element elementor-element-419d741 e-flex e-con-boxed e-con e-child\" data-id=\"419d741\" data-element_type=\"container\" data-e-type=\"container\">\n\t\t\t\t\t<div class=\"e-con-inner\">\n\t\t\t\t<div class=\"elementor-element elementor-element-e126d98 elementor-widget elementor-widget-text-editor\" data-id=\"e126d98\" data-element_type=\"widget\" data-e-type=\"widget\" data-widget_type=\"text-editor.default\">\n\t\t\t\t<div class=\"elementor-widget-container\">\n\t\t\t\t\t\t\t\t\t<p>A Sano Agrar Institut sert\u00e9start\u00f3 mintagazdas\u00e1g\u00e1ban a sert\u00e9steny\u00e9szt\u00e9s egy egys\u00e9ges, egym\u00e1sra \u00e9p\u00fcl\u0151 rendszerk\u00e9nt m\u0171k\u00f6dik, amely a kocatart\u00e1st\u00f3l a malacnevel\u00e9sen \u00e1t eg\u00e9szen a sert\u00e9shizlal\u00e1sig lefedi a teljes termel\u00e9si l\u00e1ncot. A hangs\u00faly minden szakaszban az \u00e1llatok \u00e9letkor\u00e1hoz \u00e9s teljes\u00edtm\u00e9ny\u00e9hez igaz\u00edtott, prec\u00edz takarm\u00e1nyoz\u00e1son, a magas szint\u0171 \u00e1llateg\u00e9szs\u00e9g\u00fcgyi menedzsmenten \u00e9s a korszer\u0171 technol\u00f3gi\u00e1n van. A kiegyens\u00falyozott kocatakarm\u00e1nyoz\u00e1s biztos\u00edtja a j\u00f3 term\u00e9kenys\u00e9get \u00e9s az egys\u00e9ges almokat, a c\u00e9lzott malacnevel\u00e9si program megalapozza az eg\u00e9szs\u00e9ges fejl\u0151d\u00e9st \u00e9s a magas v\u00e1laszt\u00e1si s\u00falyt, m\u00edg a szakaszos hizlal\u00e1si rendszer hat\u00e9kony n\u00f6veked\u00e9st, kiv\u00e1l\u00f3 takarm\u00e1nyhasznos\u00edt\u00e1st \u00e9s j\u00f3 v\u00e1g\u00e1si min\u0151s\u00e9get eredm\u00e9nyez. A mintagazdas\u00e1g kialak\u00edt\u00e1sa lehet\u0151v\u00e9 teszi takarm\u00e1nyoz\u00e1si, genetikai \u00e9s technol\u00f3giai k\u00eds\u00e9rletek lebonyol\u00edt\u00e1s\u00e1t, \u00edgy a Sano megold\u00e1sai a gyakorlatban tesztelt, gazdas\u00e1gos \u00e9s fenntarthat\u00f3 v\u00e1laszokat k\u00edn\u00e1lnak a modern sert\u00e9start\u00e1s kih\u00edv\u00e1saira.<\/p>\t\t\t\t\t\t\t\t<\/div>\n\t\t\t\t<\/div>\n\t\t\t\t\t<\/div>\n\t\t\t\t<\/div>\n\t\t<div class=\"elementor-element elementor-element-d0e7362 e-flex e-con-boxed e-con e-child\" data-id=\"d0e7362\" data-element_type=\"container\" data-e-type=\"container\">\n\t\t\t\t\t<div class=\"e-con-inner\">\n\t\t\t\t<div class=\"elementor-element elementor-element-9bf1a95 elementor-widget elementor-widget-theme-post-featured-image elementor-widget-image\" data-id=\"9bf1a95\" data-element_type=\"widget\" data-e-type=\"widget\" data-widget_type=\"theme-post-featured-image.default\">\n\t\t\t\t<div class=\"elementor-widget-container\">\n\t\t\t\t\t\t\t\t\t\t\t\t\t\t\t\t<a href=\"https:\/\/sano-agrar.hu\/wp-content\/uploads\/2026\/02\/2-sertestenyesztes.jpg\" data-elementor-open-lightbox=\"yes\" data-elementor-lightbox-title=\"Sert\u00e9steny\u00e9szt\u00e9s\" data-e-action-hash=\"#elementor-action%3Aaction%3Dlightbox%26settings%3DeyJpZCI6MzU3MiwidXJsIjoiaHR0cHM6XC9cL3Nhbm8tYWdyYXIuaHVcL3dwLWNvbnRlbnRcL3VwbG9hZHNcLzIwMjZcLzAyXC8yLXNlcnRlc3Rlbnllc3p0ZXMuanBnIn0%3D\">\n\t\t\t\t\t\t\t<img fetchpriority=\"high\" decoding=\"async\" width=\"800\" height=\"600\" src=\"https:\/\/sano-agrar.hu\/wp-content\/uploads\/2026\/02\/2-sertestenyesztes-1280x960.jpg\" class=\"attachment-large size-large wp-image-3572\" alt=\"\" srcset=\"https:\/\/sano-agrar.hu\/wp-content\/uploads\/2026\/02\/2-sertestenyesztes-1280x960.jpg 1280w, https:\/\/sano-agrar.hu\/wp-content\/uploads\/2026\/02\/2-sertestenyesztes-300x225.jpg 300w, https:\/\/sano-agrar.hu\/wp-content\/uploads\/2026\/02\/2-sertestenyesztes-768x576.jpg 768w, https:\/\/sano-agrar.hu\/wp-content\/uploads\/2026\/02\/2-sertestenyesztes-1536x1152.jpg 1536w, https:\/\/sano-agrar.hu\/wp-content\/uploads\/2026\/02\/2-sertestenyesztes-16x12.jpg 16w, https:\/\/sano-agrar.hu\/wp-content\/uploads\/2026\/02\/2-sertestenyesztes.jpg 1831w\" sizes=\"(max-width: 800px) 100vw, 800px\" \/>\t\t\t\t\t\t\t\t<\/a>\n\t\t\t\t\t\t\t\t\t\t\t\t\t\t\t<\/div>\n\t\t\t\t<\/div>\n\t\t\t\t\t<\/div>\n\t\t\t\t<\/div>\n\t\t\t\t\t<\/div>\n\t\t\t\t<\/div>\n\t\t\t\t<section class=\"elementor-section elementor-top-section elementor-element elementor-element-164a86f elementor-section-boxed elementor-section-height-default elementor-section-height-default\" data-id=\"164a86f\" data-element_type=\"section\" data-e-type=\"section\" data-settings=\"{&quot;background_background&quot;:&quot;classic&quot;}\">\n\t\t\t\t\t\t<div class=\"elementor-container elementor-column-gap-default\">\n\t\t\t\t\t<div class=\"elementor-column elementor-col-100 elementor-top-column elementor-element elementor-element-39cd421\" data-id=\"39cd421\" data-element_type=\"column\" data-e-type=\"column\" data-settings=\"{&quot;background_background&quot;:&quot;classic&quot;}\">\n\t\t\t<div class=\"elementor-widget-wrap elementor-element-populated\">\n\t\t\t\t\t\t<div class=\"elementor-element elementor-element-9cf8d2d elementor-grid-3 elementor-grid-tablet-2 elementor-grid-mobile-1 elementor-posts--thumbnail-top elementor-card-shadow-yes elementor-posts__hover-gradient elementor-widget elementor-widget-posts\" data-id=\"9cf8d2d\" data-element_type=\"widget\" data-e-type=\"widget\" data-settings=\"{&quot;cards_columns&quot;:&quot;3&quot;,&quot;cards_columns_tablet&quot;:&quot;2&quot;,&quot;cards_columns_mobile&quot;:&quot;1&quot;,&quot;cards_row_gap&quot;:{&quot;unit&quot;:&quot;px&quot;,&quot;size&quot;:35,&quot;sizes&quot;:[]},&quot;cards_row_gap_laptop&quot;:{&quot;unit&quot;:&quot;px&quot;,&quot;size&quot;:&quot;&quot;,&quot;sizes&quot;:[]},&quot;cards_row_gap_tablet_extra&quot;:{&quot;unit&quot;:&quot;px&quot;,&quot;size&quot;:&quot;&quot;,&quot;sizes&quot;:[]},&quot;cards_row_gap_tablet&quot;:{&quot;unit&quot;:&quot;px&quot;,&quot;size&quot;:&quot;&quot;,&quot;sizes&quot;:[]},&quot;cards_row_gap_mobile_extra&quot;:{&quot;unit&quot;:&quot;px&quot;,&quot;size&quot;:&quot;&quot;,&quot;sizes&quot;:[]},&quot;cards_row_gap_mobile&quot;:{&quot;unit&quot;:&quot;px&quot;,&quot;size&quot;:&quot;&quot;,&quot;sizes&quot;:[]}}\" data-widget_type=\"posts.cards\">\n\t\t\t\t<div class=\"elementor-widget-container\">\n\t\t\t\t\t\t\t<div class=\"elementor-posts-container elementor-posts elementor-posts--skin-cards elementor-grid\" role=\"list\">\n\t\t\t\t<article class=\"elementor-post elementor-grid-item post-647 page type-page status-publish has-post-thumbnail hentry\" role=\"listitem\">\n\t\t\t<div class=\"elementor-post__card\">\n\t\t\t\t<a class=\"elementor-post__thumbnail__link\" href=\"https:\/\/sano-agrar.hu\/en\/sertestenyesztes\/genetika\/\" tabindex=\"-1\" ><div class=\"elementor-post__thumbnail\"><img decoding=\"async\" width=\"768\" height=\"576\" src=\"https:\/\/sano-agrar.hu\/wp-content\/uploads\/2026\/02\/21-genetika-768x576.jpg\" class=\"attachment-medium_large size-medium_large wp-image-3562\" alt=\"\" srcset=\"https:\/\/sano-agrar.hu\/wp-content\/uploads\/2026\/02\/21-genetika-768x576.jpg 768w, https:\/\/sano-agrar.hu\/wp-content\/uploads\/2026\/02\/21-genetika-300x225.jpg 300w, https:\/\/sano-agrar.hu\/wp-content\/uploads\/2026\/02\/21-genetika-1280x960.jpg 1280w, https:\/\/sano-agrar.hu\/wp-content\/uploads\/2026\/02\/21-genetika-16x12.jpg 16w, https:\/\/sano-agrar.hu\/wp-content\/uploads\/2026\/02\/21-genetika.jpg 1440w\" sizes=\"(max-width: 768px) 100vw, 768px\" \/><\/div><\/a>\n\t\t\t\t<div class=\"elementor-post__text\">\n\t\t\t\t<h3 class=\"elementor-post__title\">\n\t\t\t<a href=\"https:\/\/sano-agrar.hu\/en\/sertestenyesztes\/genetika\/\" >\n\t\t\t\tGenetika\t\t\t<\/a>\n\t\t<\/h3>\n\t\t\t\t<div class=\"elementor-post__excerpt\">\n\t\t\t<p>A Sano Agrar Institut mintagazdas\u00e1g\u00e1ban a Topigs TN-70 genetik\u00e1t v\u00e1lasztottuk, mert mindenben megfelel annak a szeml\u00e9letnek, amit a Sano k\u00e9pvisel. A TN-70 koc\u00e1k nyugodt<\/p>\n\t\t<\/div>\n\t\t\n\t\t<a class=\"elementor-post__read-more\" href=\"https:\/\/sano-agrar.hu\/en\/sertestenyesztes\/genetika\/\" aria-label=\"Read more about Genetika\" tabindex=\"-1\" >\n\t\t\t<i class=\"btn-icon button-before fa fa-chevron-right\"><\/i>&nbsp;Tov\u00e1bbi inform\u00e1ci\u00f3\t\t<\/a>\n\n\t\t\t\t<\/div>\n\t\t\t\t\t<\/div>\n\t\t<\/article>\n\t\t\t\t<article class=\"elementor-post elementor-grid-item post-592 page type-page status-publish has-post-thumbnail hentry\" role=\"listitem\">\n\t\t\t<div class=\"elementor-post__card\">\n\t\t\t\t<a class=\"elementor-post__thumbnail__link\" href=\"https:\/\/sano-agrar.hu\/en\/sertestenyesztes\/malacneveles\/\" tabindex=\"-1\" ><div class=\"elementor-post__thumbnail\"><img decoding=\"async\" width=\"768\" height=\"576\" src=\"https:\/\/sano-agrar.hu\/wp-content\/uploads\/2026\/02\/22-malacneveles-768x576.jpg\" class=\"attachment-medium_large size-medium_large wp-image-3563\" alt=\"\" srcset=\"https:\/\/sano-agrar.hu\/wp-content\/uploads\/2026\/02\/22-malacneveles-768x576.jpg 768w, https:\/\/sano-agrar.hu\/wp-content\/uploads\/2026\/02\/22-malacneveles-300x225.jpg 300w, https:\/\/sano-agrar.hu\/wp-content\/uploads\/2026\/02\/22-malacneveles-1280x960.jpg 1280w, https:\/\/sano-agrar.hu\/wp-content\/uploads\/2026\/02\/22-malacneveles-16x12.jpg 16w, https:\/\/sano-agrar.hu\/wp-content\/uploads\/2026\/02\/22-malacneveles.jpg 1440w\" sizes=\"(max-width: 768px) 100vw, 768px\" \/><\/div><\/a>\n\t\t\t\t<div class=\"elementor-post__text\">\n\t\t\t\t<h3 class=\"elementor-post__title\">\n\t\t\t<a href=\"https:\/\/sano-agrar.hu\/en\/sertestenyesztes\/malacneveles\/\" >\n\t\t\t\tMalacnevel\u00e9s\t\t\t<\/a>\n\t\t<\/h3>\n\t\t\t\t<div class=\"elementor-post__excerpt\">\n\t\t\t<p>A Sano Agrar Institut sert\u00e9start\u00f3 mintagazdas\u00e1g\u00e1ban a malacnevel\u00e9s m\u00e1r a fiaztat\u00f3ban megkezd\u0151dik, szigor\u00faan szervezett technol\u00f3giai \u00e9s takarm\u00e1nyoz\u00e1si rendszer ment\u00e9n. C\u00e9lunk az eg\u00e9szs\u00e9ges, egy\u00f6ntet\u0171 malacok<\/p>\n\t\t<\/div>\n\t\t\n\t\t<a class=\"elementor-post__read-more\" href=\"https:\/\/sano-agrar.hu\/en\/sertestenyesztes\/malacneveles\/\" aria-label=\"Read more about Malacnevel\u00e9s\" tabindex=\"-1\" >\n\t\t\t<i class=\"btn-icon button-before fa fa-chevron-right\"><\/i>&nbsp;Tov\u00e1bbi inform\u00e1ci\u00f3\t\t<\/a>\n\n\t\t\t\t<\/div>\n\t\t\t\t\t<\/div>\n\t\t<\/article>\n\t\t\t\t<article class=\"elementor-post elementor-grid-item post-94 page type-page status-publish has-post-thumbnail hentry\" role=\"listitem\">\n\t\t\t<div class=\"elementor-post__card\">\n\t\t\t\t<a class=\"elementor-post__thumbnail__link\" href=\"https:\/\/sano-agrar.hu\/en\/sertestenyesztes\/kocatartas\/\" tabindex=\"-1\" ><div class=\"elementor-post__thumbnail\"><img loading=\"lazy\" decoding=\"async\" width=\"768\" height=\"545\" src=\"https:\/\/sano-agrar.hu\/wp-content\/uploads\/2026\/02\/23-kocatartas-768x545.jpg\" class=\"attachment-medium_large size-medium_large wp-image-3567\" alt=\"\" srcset=\"https:\/\/sano-agrar.hu\/wp-content\/uploads\/2026\/02\/23-kocatartas-768x545.jpg 768w, https:\/\/sano-agrar.hu\/wp-content\/uploads\/2026\/02\/23-kocatartas-300x213.jpg 300w, https:\/\/sano-agrar.hu\/wp-content\/uploads\/2026\/02\/23-kocatartas-18x12.jpg 18w, https:\/\/sano-agrar.hu\/wp-content\/uploads\/2026\/02\/23-kocatartas.jpg 1199w\" sizes=\"(max-width: 768px) 100vw, 768px\" \/><\/div><\/a>\n\t\t\t\t<div class=\"elementor-post__text\">\n\t\t\t\t<h3 class=\"elementor-post__title\">\n\t\t\t<a href=\"https:\/\/sano-agrar.hu\/en\/sertestenyesztes\/kocatartas\/\" >\n\t\t\t\tKocatart\u00e1s\t\t\t<\/a>\n\t\t<\/h3>\n\t\t\t\t<div class=\"elementor-post__excerpt\">\n\t\t\t<p>A Sano Agrar Institut mintagazdas\u00e1g\u00e1ban a kocatart\u00e1s alapja a tudatosan fel\u00e9p\u00edtett technol\u00f3gia \u00e9s a prec\u00edzen szab\u00e1lyozott, f\u00e1zisokra bontott takarm\u00e1nyoz\u00e1s. A teny\u00e9szkoca teljes\u00edtm\u00e9nyciklusa n\u00e9gy, egym\u00e1st\u00f3l<\/p>\n\t\t<\/div>\n\t\t\n\t\t<a class=\"elementor-post__read-more\" href=\"https:\/\/sano-agrar.hu\/en\/sertestenyesztes\/kocatartas\/\" aria-label=\"Read more about Kocatart\u00e1s\" tabindex=\"-1\" >\n\t\t\t<i class=\"btn-icon button-before fa fa-chevron-right\"><\/i>&nbsp;Tov\u00e1bbi inform\u00e1ci\u00f3\t\t<\/a>\n\n\t\t\t\t<\/div>\n\t\t\t\t\t<\/div>\n\t\t<\/article>\n\t\t\t\t<article class=\"elementor-post elementor-grid-item post-587 page type-page status-publish has-post-thumbnail hentry\" role=\"listitem\">\n\t\t\t<div class=\"elementor-post__card\">\n\t\t\t\t<a class=\"elementor-post__thumbnail__link\" href=\"https:\/\/sano-agrar.hu\/en\/sertestenyesztes\/sertes-hizlalas\/\" tabindex=\"-1\" ><div class=\"elementor-post__thumbnail\"><img loading=\"lazy\" decoding=\"async\" width=\"768\" height=\"576\" src=\"https:\/\/sano-agrar.hu\/wp-content\/uploads\/2026\/02\/24-serteshizlalas-768x576.jpg\" class=\"attachment-medium_large size-medium_large wp-image-3570\" alt=\"\" srcset=\"https:\/\/sano-agrar.hu\/wp-content\/uploads\/2026\/02\/24-serteshizlalas-768x576.jpg 768w, https:\/\/sano-agrar.hu\/wp-content\/uploads\/2026\/02\/24-serteshizlalas-300x225.jpg 300w, https:\/\/sano-agrar.hu\/wp-content\/uploads\/2026\/02\/24-serteshizlalas-1280x960.jpg 1280w, https:\/\/sano-agrar.hu\/wp-content\/uploads\/2026\/02\/24-serteshizlalas-16x12.jpg 16w, https:\/\/sano-agrar.hu\/wp-content\/uploads\/2026\/02\/24-serteshizlalas.jpg 1440w\" sizes=\"(max-width: 768px) 100vw, 768px\" \/><\/div><\/a>\n\t\t\t\t<div class=\"elementor-post__text\">\n\t\t\t\t<h3 class=\"elementor-post__title\">\n\t\t\t<a href=\"https:\/\/sano-agrar.hu\/en\/sertestenyesztes\/sertes-hizlalas\/\" >\n\t\t\t\tSert\u00e9s hizlal\u00e1s\t\t\t<\/a>\n\t\t<\/h3>\n\t\t\t\t<div class=\"elementor-post__excerpt\">\n\t\t\t<p>A gazdas\u00e1g f\u0151 profilja a malacel\u0151\u00e1ll\u00edt\u00e1s, ez\u00e9rt alacsony hizlaldai kapacit\u00e1ssal rendelkezik a sert\u00e9stelep. A hizlald\u00e1ban \u00f6sszesen 1800 f\u00e9r\u0151hely \u00e1ll rendelkez\u00e9sre, els\u0151sorban a takarm\u00e1nyoz\u00e1si k\u00eds\u00e9rletek<\/p>\n\t\t<\/div>\n\t\t\n\t\t<a class=\"elementor-post__read-more\" href=\"https:\/\/sano-agrar.hu\/en\/sertestenyesztes\/sertes-hizlalas\/\" aria-label=\"Read more about Sert\u00e9s hizlal\u00e1s\" tabindex=\"-1\" >\n\t\t\t<i class=\"btn-icon button-before fa fa-chevron-right\"><\/i>&nbsp;Tov\u00e1bbi inform\u00e1ci\u00f3\t\t<\/a>\n\n\t\t\t\t<\/div>\n\t\t\t\t\t<\/div>\n\t\t<\/article>\n\t\t\t\t<\/div>\n\t\t\n\t\t\t\t\t\t<\/div>\n\t\t\t\t<\/div>\n\t\t\t\t\t<\/div>\n\t\t<\/div>\n\t\t\t\t\t<\/div>\n\t\t<\/section>\n\t\t\t\t<\/div>","protected":false},"excerpt":{"rendered":"<p>A Sano Agrar Institut sert\u00e9start\u00f3 mintagazdas\u00e1g\u00e1ban a sert\u00e9steny\u00e9szt\u00e9s egy egys\u00e9ges, egym\u00e1sra \u00e9p\u00fcl\u0151 rendszerk\u00e9nt m\u0171k\u00f6dik, amely a kocatart\u00e1st\u00f3l a malacnevel\u00e9sen \u00e1t eg\u00e9szen a sert\u00e9shizlal\u00e1sig lefedi a teljes termel\u00e9si l\u00e1ncot. A hangs\u00faly minden szakaszban az \u00e1llatok \u00e9letkor\u00e1hoz \u00e9s teljes\u00edtm\u00e9ny\u00e9hez igaz\u00edtott, prec\u00edz takarm\u00e1nyoz\u00e1son, a magas szint\u0171 \u00e1llateg\u00e9szs\u00e9g\u00fcgyi menedzsmenten \u00e9s a korszer\u0171 technol\u00f3gi\u00e1n van. A kiegyens\u00falyozott kocatakarm\u00e1nyoz\u00e1s biztos\u00edtja a [&hellip;]<\/p>\n","protected":false},"author":1,"featured_media":3572,"parent":0,"menu_order":4,"comment_status":"closed","ping_status":"closed","template":"","meta":{"footnotes":""},"class_list":["post-642","page","type-page","status-publish","has-post-thumbnail","hentry"],"_links":{"self":[{"href":"https:\/\/sano-agrar.hu\/en\/wp-json\/wp\/v2\/pages\/642","targetHints":{"allow":["GET"]}}],"collection":[{"href":"https:\/\/sano-agrar.hu\/en\/wp-json\/wp\/v2\/pages"}],"about":[{"href":"https:\/\/sano-agrar.hu\/en\/wp-json\/wp\/v2\/types\/page"}],"author":[{"embeddable":true,"href":"https:\/\/sano-agrar.hu\/en\/wp-json\/wp\/v2\/users\/1"}],"replies":[{"embeddable":true,"href":"https:\/\/sano-agrar.hu\/en\/wp-json\/wp\/v2\/comments?post=642"}],"version-history":[{"count":4,"href":"https:\/\/sano-agrar.hu\/en\/wp-json\/wp\/v2\/pages\/642\/revisions"}],"predecessor-version":[{"id":3897,"href":"https:\/\/sano-agrar.hu\/en\/wp-json\/wp\/v2\/pages\/642\/revisions\/3897"}],"wp:featuredmedia":[{"embeddable":true,"href":"https:\/\/sano-agrar.hu\/en\/wp-json\/wp\/v2\/media\/3572"}],"wp:attachment":[{"href":"https:\/\/sano-agrar.hu\/en\/wp-json\/wp\/v2\/media?parent=642"}],"curies":[{"name":"wp","href":"https:\/\/api.w.org\/{rel}","templated":true}]}}