{"id":622,"date":"2024-02-12T07:40:27","date_gmt":"2024-02-12T06:40:27","guid":{"rendered":"https:\/\/sano-agrar.hu\/?page_id=622"},"modified":"2026-03-06T16:39:42","modified_gmt":"2026-03-06T15:39:42","slug":"tragyakezeles","status":"publish","type":"page","link":"https:\/\/sano-agrar.hu\/en\/technologia\/tragyakezeles\/","title":{"rendered":"Tr\u00e1gyakezel\u00e9s"},"content":{"rendered":"<div data-elementor-type=\"wp-page\" data-elementor-id=\"622\" class=\"elementor elementor-622\" data-elementor-post-type=\"page\">\n\t\t\t\t\t\t<section class=\"elementor-section elementor-top-section elementor-element elementor-element-dfccf2b elementor-section-boxed elementor-section-height-default elementor-section-height-default\" data-id=\"dfccf2b\" data-element_type=\"section\" data-e-type=\"section\">\n\t\t\t\t\t\t<div class=\"elementor-container elementor-column-gap-default\">\n\t\t\t\t\t<div class=\"elementor-column elementor-col-100 elementor-top-column elementor-element elementor-element-adafb54\" data-id=\"adafb54\" data-element_type=\"column\" data-e-type=\"column\">\n\t\t\t<div class=\"elementor-widget-wrap elementor-element-populated\">\n\t\t\t\t\t\t\t<\/div>\n\t\t<\/div>\n\t\t\t\t\t<\/div>\n\t\t<\/section>\n\t\t<div class=\"elementor-element elementor-element-e983495 e-flex e-con-boxed e-con e-parent\" data-id=\"e983495\" data-element_type=\"container\" data-e-type=\"container\">\n\t\t\t\t\t<div class=\"e-con-inner\">\n\t\t<div class=\"elementor-element elementor-element-b7069b7 e-flex e-con-boxed e-con e-child\" data-id=\"b7069b7\" data-element_type=\"container\" data-e-type=\"container\">\n\t\t\t\t\t<div class=\"e-con-inner\">\n\t\t\t\t<div class=\"elementor-element elementor-element-685e3cc elementor-widget elementor-widget-text-editor\" data-id=\"685e3cc\" data-element_type=\"widget\" data-e-type=\"widget\" data-widget_type=\"text-editor.default\">\n\t\t\t\t<div class=\"elementor-widget-container\">\n\t\t\t\t\t\t\t\t\t<p>A tr\u00e1gyakezel\u00e9s lag\u00fan\u00e1s rendszerrel t\u00f6rt\u00e9nik, amelyn\u00e9l lehets\u00e9ges az \u00fcr\u00edt\u00e9s el\u0151tt egy k\u00fcl\u00f6n erre a c\u00e9lra kialak\u00edtott cs\u0151rendszeren kereszt\u00fcl \u00e1t\u00f6bl\u00edteni a lag\u00fan\u00e1kat. Az \u00e1t\u00f6bl\u00edt\u00e9st kezel\u0151i jelz\u00e9sre ind\u00edtja \u00e9s \u00e1ll\u00edtja le a vez\u00e9rl\u0151 rendszer.<\/p><p>A tr\u00e1gyaakn\u00e1kb\u00f3l a h\u00edgtr\u00e1gya egy k\u00f6zponti \u00e1temel\u0151n kereszt\u00fcl a telep \u00e9szakkeleti r\u00e9sz\u00e9n kialak\u00edtott, 2 db 5.000 m\u00b3-es beton t\u00e1rol\u00f3ba ker\u00fcl. Az \u00e9p\u00fclethez tartoz\u00f3 akn\u00e1k \u00fcr\u00edt\u00e9s\u00e9t szintjelz\u00e9s alapj\u00e1n a fel\u00fcgyeleti rendszer automatikusan v\u00e9gzi el.<\/p>\t\t\t\t\t\t\t\t<\/div>\n\t\t\t\t<\/div>\n\t\t\t\t\t<\/div>\n\t\t\t\t<\/div>\n\t\t<div class=\"elementor-element elementor-element-87d22fe e-flex e-con-boxed e-con e-child\" data-id=\"87d22fe\" data-element_type=\"container\" data-e-type=\"container\">\n\t\t\t\t\t<div class=\"e-con-inner\">\n\t\t\t\t<div class=\"elementor-element elementor-element-6f69375 elementor-widget elementor-widget-theme-post-featured-image elementor-widget-image\" data-id=\"6f69375\" data-element_type=\"widget\" data-e-type=\"widget\" data-widget_type=\"theme-post-featured-image.default\">\n\t\t\t\t<div class=\"elementor-widget-container\">\n\t\t\t\t\t\t\t\t\t\t\t\t\t\t\t\t<a href=\"https:\/\/sano-agrar.hu\/wp-content\/uploads\/2026\/02\/4-technologia-tragyakezeles.jpg\" data-elementor-open-lightbox=\"yes\" data-elementor-lightbox-title=\"Technol\u00f3gia - Tr\u00e1gyakezel\u00e9s\" data-e-action-hash=\"#elementor-action%3Aaction%3Dlightbox%26settings%3DeyJpZCI6MzU3OSwidXJsIjoiaHR0cHM6XC9cL3Nhbm8tYWdyYXIuaHVcL3dwLWNvbnRlbnRcL3VwbG9hZHNcLzIwMjZcLzAyXC80LXRlY2hub2xvZ2lhLXRyYWd5YWtlemVsZXMuanBnIn0%3D\">\n\t\t\t\t\t\t\t<img fetchpriority=\"high\" decoding=\"async\" width=\"800\" height=\"600\" src=\"https:\/\/sano-agrar.hu\/wp-content\/uploads\/2026\/02\/4-technologia-tragyakezeles-1280x960.jpg\" class=\"attachment-large size-large wp-image-3579\" alt=\"\" srcset=\"https:\/\/sano-agrar.hu\/wp-content\/uploads\/2026\/02\/4-technologia-tragyakezeles-1280x960.jpg 1280w, https:\/\/sano-agrar.hu\/wp-content\/uploads\/2026\/02\/4-technologia-tragyakezeles-300x225.jpg 300w, https:\/\/sano-agrar.hu\/wp-content\/uploads\/2026\/02\/4-technologia-tragyakezeles-768x576.jpg 768w, https:\/\/sano-agrar.hu\/wp-content\/uploads\/2026\/02\/4-technologia-tragyakezeles-16x12.jpg 16w, https:\/\/sano-agrar.hu\/wp-content\/uploads\/2026\/02\/4-technologia-tragyakezeles.jpg 1440w\" sizes=\"(max-width: 800px) 100vw, 800px\" \/>\t\t\t\t\t\t\t\t<\/a>\n\t\t\t\t\t\t\t\t\t\t\t\t\t\t\t<\/div>\n\t\t\t\t<\/div>\n\t\t\t\t\t<\/div>\n\t\t\t\t<\/div>\n\t\t\t\t\t<\/div>\n\t\t\t\t<\/div>\n\t\t\t\t<\/div>","protected":false},"excerpt":{"rendered":"<p>A tr\u00e1gyakezel\u00e9s lag\u00fan\u00e1s rendszerrel t\u00f6rt\u00e9nik, amelyn\u00e9l lehets\u00e9ges az \u00fcr\u00edt\u00e9s el\u0151tt egy k\u00fcl\u00f6n erre a c\u00e9lra kialak\u00edtott cs\u0151rendszeren kereszt\u00fcl \u00e1t\u00f6bl\u00edteni a lag\u00fan\u00e1kat. Az \u00e1t\u00f6bl\u00edt\u00e9st kezel\u0151i jelz\u00e9sre ind\u00edtja \u00e9s \u00e1ll\u00edtja le a vez\u00e9rl\u0151 rendszer. A tr\u00e1gyaakn\u00e1kb\u00f3l a h\u00edgtr\u00e1gya egy k\u00f6zponti \u00e1temel\u0151n kereszt\u00fcl a telep \u00e9szakkeleti r\u00e9sz\u00e9n kialak\u00edtott, 2 db 5.000 m\u00b3-es beton t\u00e1rol\u00f3ba ker\u00fcl. Az \u00e9p\u00fclethez tartoz\u00f3 [&hellip;]<\/p>\n","protected":false},"author":1,"featured_media":3579,"parent":602,"menu_order":3,"comment_status":"closed","ping_status":"closed","template":"","meta":{"footnotes":""},"class_list":["post-622","page","type-page","status-publish","has-post-thumbnail","hentry"],"_links":{"self":[{"href":"https:\/\/sano-agrar.hu\/en\/wp-json\/wp\/v2\/pages\/622","targetHints":{"allow":["GET"]}}],"collection":[{"href":"https:\/\/sano-agrar.hu\/en\/wp-json\/wp\/v2\/pages"}],"about":[{"href":"https:\/\/sano-agrar.hu\/en\/wp-json\/wp\/v2\/types\/page"}],"author":[{"embeddable":true,"href":"https:\/\/sano-agrar.hu\/en\/wp-json\/wp\/v2\/users\/1"}],"replies":[{"embeddable":true,"href":"https:\/\/sano-agrar.hu\/en\/wp-json\/wp\/v2\/comments?post=622"}],"version-history":[{"count":4,"href":"https:\/\/sano-agrar.hu\/en\/wp-json\/wp\/v2\/pages\/622\/revisions"}],"predecessor-version":[{"id":4141,"href":"https:\/\/sano-agrar.hu\/en\/wp-json\/wp\/v2\/pages\/622\/revisions\/4141"}],"up":[{"embeddable":true,"href":"https:\/\/sano-agrar.hu\/en\/wp-json\/wp\/v2\/pages\/602"}],"wp:featuredmedia":[{"embeddable":true,"href":"https:\/\/sano-agrar.hu\/en\/wp-json\/wp\/v2\/media\/3579"}],"wp:attachment":[{"href":"https:\/\/sano-agrar.hu\/en\/wp-json\/wp\/v2\/media?parent=622"}],"curies":[{"name":"wp","href":"https:\/\/api.w.org\/{rel}","templated":true}]}}