{"id":612,"date":"2024-02-12T07:20:35","date_gmt":"2024-02-12T06:20:35","guid":{"rendered":"https:\/\/sano-agrar.hu\/?page_id=612"},"modified":"2026-02-23T22:58:40","modified_gmt":"2026-02-23T21:58:40","slug":"takarmanyozas","status":"publish","type":"page","link":"https:\/\/sano-agrar.hu\/en\/technologia\/takarmanyozas\/","title":{"rendered":"Takarm\u00e1nyoz\u00e1s"},"content":{"rendered":"<div data-elementor-type=\"wp-page\" data-elementor-id=\"612\" class=\"elementor elementor-612\" data-elementor-post-type=\"page\">\n\t\t\t\t\t\t<section class=\"elementor-section elementor-top-section elementor-element elementor-element-9c18955 elementor-section-boxed elementor-section-height-default elementor-section-height-default\" data-id=\"9c18955\" data-element_type=\"section\" data-e-type=\"section\">\n\t\t\t\t\t\t<div class=\"elementor-container elementor-column-gap-default\">\n\t\t\t\t\t<div class=\"elementor-column elementor-col-100 elementor-top-column elementor-element elementor-element-e30af46\" data-id=\"e30af46\" data-element_type=\"column\" data-e-type=\"column\">\n\t\t\t<div class=\"elementor-widget-wrap elementor-element-populated\">\n\t\t\t\t\t\t\t<\/div>\n\t\t<\/div>\n\t\t\t\t\t<\/div>\n\t\t<\/section>\n\t\t<div class=\"elementor-element elementor-element-d4ddd85 e-flex e-con-boxed e-con e-parent\" data-id=\"d4ddd85\" data-element_type=\"container\" data-e-type=\"container\">\n\t\t\t\t\t<div class=\"e-con-inner\">\n\t\t<div class=\"elementor-element elementor-element-66f8f6c e-flex e-con-boxed e-con e-child\" data-id=\"66f8f6c\" data-element_type=\"container\" data-e-type=\"container\">\n\t\t\t\t\t<div class=\"e-con-inner\">\n\t\t\t\t<div class=\"elementor-element elementor-element-b2d1980 elementor-widget elementor-widget-text-editor\" data-id=\"b2d1980\" data-element_type=\"widget\" data-e-type=\"widget\" data-widget_type=\"text-editor.default\">\n\t\t\t\t<div class=\"elementor-widget-container\">\n\t\t\t\t\t\t\t\t\t<p>A takarm\u00e1nyoz\u00e1s in-line rendszerben, el\u0151re megadott recept\u00far\u00e1k \u00e9s etet\u00e9si program keret\u00e9ben val\u00f3sul meg. A kever\u0151\u00fczem az el\u0151k\u00e9sz\u00edtett komponensekb\u0151l a megadott id\u0151 \u00e9s mennyis\u00e9gi param\u00e9terek alapj\u00e1n adagolja egy pneumatikus sz\u00e1ll\u00edt\u00f3rendszeren kereszt\u00fcl az egyes etet\u0151kh\u00f6z a takarm\u00e1nyt, ha kell, nedves\u00edtett form\u00e1ban is.<\/p><p>Sz\u00fcks\u00e9g szerint minden \u00e1llatot egyedileg tudunk takarm\u00e1nyozni. Az etet\u0151k szenzorai k\u00f6vetik a kiadagolt takarm\u00e1ny fogy\u00e1s\u00e1t. Amennyiben takarm\u00e1ny marad az etet\u0151kben, visszajelz\u00e9st adnak a kezel\u0151szem\u00e9lyzetnek, akik ellen\u0151rzik az etet\u0151ket. A program seg\u00edts\u00e9g\u00e9vel ki\u00e9rt\u00e9kelhet\u0151 \u00e9s elemezhet\u0151 az egyes \u00e1llatok takarm\u00e1nyfelv\u00e9tele, mely alapj\u00e1n optimaliz\u00e1lhat\u00f3 a takarm\u00e1nyoz\u00e1si norma.<\/p><p>A takarm\u00e1nykever\u0151 csarnokban kialak\u00edtott technol\u00f3giai takarm\u00e1nyell\u00e1t\u00e1s sor\u00e1n k\u00eds\u00e9rleti t\u00e1pell\u00e1t\u00f3 k\u00f6r\u00f6ket tervez\u00fcnk, hogy kutat\u00e1si lehet\u0151s\u00e9get biztos\u00edtsunk az \u00fczem r\u00e9sz\u00e9re.<\/p>\t\t\t\t\t\t\t\t<\/div>\n\t\t\t\t<\/div>\n\t\t\t\t\t<\/div>\n\t\t\t\t<\/div>\n\t\t<div class=\"elementor-element elementor-element-9fd97bc e-flex e-con-boxed e-con e-child\" data-id=\"9fd97bc\" data-element_type=\"container\" data-e-type=\"container\">\n\t\t\t\t\t<div class=\"e-con-inner\">\n\t\t\t\t<div class=\"elementor-element elementor-element-ef1687f elementor-widget elementor-widget-theme-post-featured-image elementor-widget-image\" data-id=\"ef1687f\" data-element_type=\"widget\" data-e-type=\"widget\" data-widget_type=\"theme-post-featured-image.default\">\n\t\t\t\t<div class=\"elementor-widget-container\">\n\t\t\t\t\t\t\t\t\t\t\t\t\t\t\t\t<a href=\"https:\/\/sano-agrar.hu\/wp-content\/uploads\/2026\/02\/4-technologia-takarmanyozas.jpg\" data-elementor-open-lightbox=\"yes\" data-elementor-lightbox-title=\"Technol\u00f3gia - Takarm\u00e1nyoz\u00e1s\" data-e-action-hash=\"#elementor-action%3Aaction%3Dlightbox%26settings%3DeyJpZCI6MzU3OCwidXJsIjoiaHR0cHM6XC9cL3Nhbm8tYWdyYXIuaHVcL3dwLWNvbnRlbnRcL3VwbG9hZHNcLzIwMjZcLzAyXC80LXRlY2hub2xvZ2lhLXRha2FybWFueW96YXMuanBnIn0%3D\">\n\t\t\t\t\t\t\t<img fetchpriority=\"high\" decoding=\"async\" width=\"800\" height=\"683\" src=\"https:\/\/sano-agrar.hu\/wp-content\/uploads\/2026\/02\/4-technologia-takarmanyozas.jpg\" class=\"attachment-large size-large wp-image-3578\" alt=\"\" srcset=\"https:\/\/sano-agrar.hu\/wp-content\/uploads\/2026\/02\/4-technologia-takarmanyozas.jpg 1265w, https:\/\/sano-agrar.hu\/wp-content\/uploads\/2026\/02\/4-technologia-takarmanyozas-300x256.jpg 300w, https:\/\/sano-agrar.hu\/wp-content\/uploads\/2026\/02\/4-technologia-takarmanyozas-768x656.jpg 768w, https:\/\/sano-agrar.hu\/wp-content\/uploads\/2026\/02\/4-technologia-takarmanyozas-14x12.jpg 14w\" sizes=\"(max-width: 800px) 100vw, 800px\" \/>\t\t\t\t\t\t\t\t<\/a>\n\t\t\t\t\t\t\t\t\t\t\t\t\t\t\t<\/div>\n\t\t\t\t<\/div>\n\t\t\t\t\t<\/div>\n\t\t\t\t<\/div>\n\t\t\t\t\t<\/div>\n\t\t\t\t<\/div>\n\t\t\t\t<\/div>","protected":false},"excerpt":{"rendered":"<p>A takarm\u00e1nyoz\u00e1s in-line rendszerben, el\u0151re megadott recept\u00far\u00e1k \u00e9s etet\u00e9si program keret\u00e9ben val\u00f3sul meg. A kever\u0151\u00fczem az el\u0151k\u00e9sz\u00edtett komponensekb\u0151l a megadott id\u0151 \u00e9s mennyis\u00e9gi param\u00e9terek alapj\u00e1n adagolja egy pneumatikus sz\u00e1ll\u00edt\u00f3rendszeren kereszt\u00fcl az egyes etet\u0151kh\u00f6z a takarm\u00e1nyt, ha kell, nedves\u00edtett form\u00e1ban is. Sz\u00fcks\u00e9g szerint minden \u00e1llatot egyedileg tudunk takarm\u00e1nyozni. Az etet\u0151k szenzorai k\u00f6vetik a kiadagolt takarm\u00e1ny fogy\u00e1s\u00e1t. [&hellip;]<\/p>\n","protected":false},"author":1,"featured_media":3578,"parent":602,"menu_order":1,"comment_status":"closed","ping_status":"closed","template":"","meta":{"footnotes":""},"class_list":["post-612","page","type-page","status-publish","has-post-thumbnail","hentry"],"_links":{"self":[{"href":"https:\/\/sano-agrar.hu\/en\/wp-json\/wp\/v2\/pages\/612","targetHints":{"allow":["GET"]}}],"collection":[{"href":"https:\/\/sano-agrar.hu\/en\/wp-json\/wp\/v2\/pages"}],"about":[{"href":"https:\/\/sano-agrar.hu\/en\/wp-json\/wp\/v2\/types\/page"}],"author":[{"embeddable":true,"href":"https:\/\/sano-agrar.hu\/en\/wp-json\/wp\/v2\/users\/1"}],"replies":[{"embeddable":true,"href":"https:\/\/sano-agrar.hu\/en\/wp-json\/wp\/v2\/comments?post=612"}],"version-history":[{"count":4,"href":"https:\/\/sano-agrar.hu\/en\/wp-json\/wp\/v2\/pages\/612\/revisions"}],"predecessor-version":[{"id":3957,"href":"https:\/\/sano-agrar.hu\/en\/wp-json\/wp\/v2\/pages\/612\/revisions\/3957"}],"up":[{"embeddable":true,"href":"https:\/\/sano-agrar.hu\/en\/wp-json\/wp\/v2\/pages\/602"}],"wp:featuredmedia":[{"embeddable":true,"href":"https:\/\/sano-agrar.hu\/en\/wp-json\/wp\/v2\/media\/3578"}],"wp:attachment":[{"href":"https:\/\/sano-agrar.hu\/en\/wp-json\/wp\/v2\/media?parent=612"}],"curies":[{"name":"wp","href":"https:\/\/api.w.org\/{rel}","templated":true}]}}