{"id":587,"date":"2024-02-12T12:30:18","date_gmt":"2024-02-12T11:30:18","guid":{"rendered":"https:\/\/sano-agrar.hu\/?page_id=587"},"modified":"2026-03-10T08:22:26","modified_gmt":"2026-03-10T07:22:26","slug":"sertes-hizlalas","status":"publish","type":"page","link":"https:\/\/sano-agrar.hu\/en\/sertestenyesztes\/sertes-hizlalas\/","title":{"rendered":"Sert\u00e9s hizlal\u00e1s"},"content":{"rendered":"<div data-elementor-type=\"wp-page\" data-elementor-id=\"587\" class=\"elementor elementor-587\" data-elementor-post-type=\"page\">\n\t\t\t\t\t\t<section class=\"elementor-section elementor-top-section elementor-element elementor-element-e9c56da elementor-section-boxed elementor-section-height-default elementor-section-height-default\" data-id=\"e9c56da\" data-element_type=\"section\" data-e-type=\"section\">\n\t\t\t\t\t\t<div class=\"elementor-container elementor-column-gap-default\">\n\t\t\t\t\t<div class=\"elementor-column elementor-col-100 elementor-top-column elementor-element elementor-element-1d75404\" data-id=\"1d75404\" data-element_type=\"column\" data-e-type=\"column\">\n\t\t\t<div class=\"elementor-widget-wrap elementor-element-populated\">\n\t\t\t\t\t\t\t<\/div>\n\t\t<\/div>\n\t\t\t\t\t<\/div>\n\t\t<\/section>\n\t\t<div class=\"elementor-element elementor-element-c17edf7 e-flex e-con-boxed e-con e-parent\" data-id=\"c17edf7\" data-element_type=\"container\" data-e-type=\"container\">\n\t\t\t\t\t<div class=\"e-con-inner\">\n\t\t<div class=\"elementor-element elementor-element-fe2ee76 e-con-full e-flex e-con e-child\" data-id=\"fe2ee76\" data-element_type=\"container\" data-e-type=\"container\">\n\t\t\t\t<div class=\"elementor-element elementor-element-73093da elementor-widget elementor-widget-text-editor\" data-id=\"73093da\" data-element_type=\"widget\" data-e-type=\"widget\" data-widget_type=\"text-editor.default\">\n\t\t\t\t<div class=\"elementor-widget-container\">\n\t\t\t\t\t\t\t\t\t<p>A gazdas\u00e1g f\u0151 profilja a malacel\u0151\u00e1ll\u00edt\u00e1s, ez\u00e9rt alacsony hizlaldai kapacit\u00e1ssal rendelkezik a sert\u00e9stelep. A hizlald\u00e1ban \u00f6sszesen <strong>1800 f\u00e9r\u0151hely<\/strong> \u00e1ll rendelkez\u00e9sre, els\u0151sorban a takarm\u00e1nyoz\u00e1si k\u00eds\u00e9rletek lebonyol\u00edt\u00e1s\u00e1ra. E<strong>gy teremben 120 \u00e1llat<\/strong> ker\u00fcl elhelyez\u00e9sre, <strong>4 \u00d7 30-as csoportokban<\/strong>. A kombin\u00e1lt etet\u0151rendszer lehet\u0151v\u00e9 teszi, hogy <strong>egy etet\u0151vel k\u00e9t 30-as csoportot<\/strong> l\u00e1ssunk el, mik\u00f6zben egyazon teremben, azonos k\u00f6r\u00fclm\u00e9nyek k\u00f6z\u00f6tt <strong>k\u00e9t k\u00fcl\u00f6nb\u00f6z\u0151 takarm\u00e1ny<\/strong> is felk\u00edn\u00e1lhat\u00f3. Ez a megold\u00e1s, ide\u00e1lis alapot teremt takarm\u00e1nyoz\u00e1si k\u00eds\u00e9rletekhez.<\/p><p>\u00a0<\/p><h4>Takarm\u00e1nyoz\u00e1s<\/h4><p>A hizlal\u00e1s sor\u00e1n a v\u00e9gs\u00falyt\u00f3l f\u00fcgg\u0151en\u00a0<strong>3 vagy 4 takarm\u00e1nyoz\u00e1si f\u00e1zist<\/strong>\u00a0alkalmazunk.<\/p><ul><li>115 kg alatti v\u00e1g\u00f3s\u00falyn\u00e1l jellemz\u0151en\u00a0<strong>3 f\u00e1zis<\/strong><\/li><li>115 kg felett\u00a0<strong>4 f\u00e1zis<\/strong><\/li><\/ul><p><br \/>A rendszer 1 malacnevel\u0151 (el\u0151hizlal\u00f3) f\u00e1zisb\u00f3l \u00e9s 2 vagy 3 h\u00edz\u00f3 f\u00e1zisb\u00f3l \u00e1ll a c\u00e9lzott v\u00e1g\u00f3s\u00falyt\u00f3l f\u00fcgg\u0151en. A f\u00e1zisv\u00e1lt\u00e1sok k\u00f6z\u00f6tt\u00a0<strong>10\u201314 napos \u00e1tkever\u00e9si id\u0151t<\/strong>\u00a0alkalmazunk, amely seg\u00edti az \u00e1llatok em\u00e9szt\u0151rendszer\u00e9nek alkalmazkod\u00e1s\u00e1t, cs\u00f6kkenti a stresszt, \u00e9s egyben lehet\u0151s\u00e9get ad a takarm\u00e1nyk\u00f6lts\u00e9gek optimaliz\u00e1l\u00e1s\u00e1ra.<\/p>\t\t\t\t\t\t\t\t<\/div>\n\t\t\t\t<\/div>\n\t\t\t\t<\/div>\n\t\t<div class=\"elementor-element elementor-element-94d3e5b e-con-full e-flex e-con e-child\" data-id=\"94d3e5b\" data-element_type=\"container\" data-e-type=\"container\">\n\t\t\t\t<div class=\"elementor-element elementor-element-66661ca elementor-widget elementor-widget-theme-post-featured-image elementor-widget-image\" data-id=\"66661ca\" data-element_type=\"widget\" data-e-type=\"widget\" data-widget_type=\"theme-post-featured-image.default\">\n\t\t\t\t<div class=\"elementor-widget-container\">\n\t\t\t\t\t\t\t\t\t\t\t\t\t\t\t\t<a href=\"https:\/\/sano-agrar.hu\/wp-content\/uploads\/2026\/02\/24-serteshizlalas.jpg\" data-elementor-open-lightbox=\"yes\" data-elementor-lightbox-title=\"Sert\u00e9shizlal\u00e1s\" data-e-action-hash=\"#elementor-action%3Aaction%3Dlightbox%26settings%3DeyJpZCI6MzU3MCwidXJsIjoiaHR0cHM6XC9cL3Nhbm8tYWdyYXIuaHVcL3dwLWNvbnRlbnRcL3VwbG9hZHNcLzIwMjZcLzAyXC8yNC1zZXJ0ZXNoaXpsYWxhcy5qcGcifQ%3D%3D\">\n\t\t\t\t\t\t\t<img fetchpriority=\"high\" decoding=\"async\" width=\"768\" height=\"576\" src=\"https:\/\/sano-agrar.hu\/wp-content\/uploads\/2026\/02\/24-serteshizlalas-768x576.jpg\" class=\"attachment-medium_large size-medium_large wp-image-3570\" alt=\"\" srcset=\"https:\/\/sano-agrar.hu\/wp-content\/uploads\/2026\/02\/24-serteshizlalas-768x576.jpg 768w, https:\/\/sano-agrar.hu\/wp-content\/uploads\/2026\/02\/24-serteshizlalas-300x225.jpg 300w, https:\/\/sano-agrar.hu\/wp-content\/uploads\/2026\/02\/24-serteshizlalas-1280x960.jpg 1280w, https:\/\/sano-agrar.hu\/wp-content\/uploads\/2026\/02\/24-serteshizlalas-16x12.jpg 16w, https:\/\/sano-agrar.hu\/wp-content\/uploads\/2026\/02\/24-serteshizlalas.jpg 1440w\" sizes=\"(max-width: 768px) 100vw, 768px\" \/>\t\t\t\t\t\t\t\t<\/a>\n\t\t\t\t\t\t\t\t\t\t\t\t\t\t\t<\/div>\n\t\t\t\t<\/div>\n\t\t\t\t<\/div>\n\t\t\t\t\t<\/div>\n\t\t\t\t<\/div>\n\t\t<div class=\"elementor-element elementor-element-5aadced e-flex e-con-boxed e-con e-parent\" data-id=\"5aadced\" data-element_type=\"container\" data-e-type=\"container\" data-settings=\"{&quot;background_background&quot;:&quot;classic&quot;}\">\n\t\t\t\t\t<div class=\"e-con-inner\">\n\t\t<div class=\"elementor-element elementor-element-c9ef232 e-con-full e-flex e-con e-child\" data-id=\"c9ef232\" data-element_type=\"container\" data-e-type=\"container\">\n\t\t\t\t<div class=\"elementor-element elementor-element-4364f38 elementor-widget elementor-widget-image\" data-id=\"4364f38\" data-element_type=\"widget\" data-e-type=\"widget\" data-widget_type=\"image.default\">\n\t\t\t\t<div class=\"elementor-widget-container\">\n\t\t\t\t\t\t\t\t\t\t\t\t\t\t\t\t<a href=\"https:\/\/sano-agrar.hu\/wp-content\/uploads\/2026\/02\/24-serteshizlalas-eredmenyek.jpg\" data-elementor-open-lightbox=\"yes\" data-elementor-lightbox-title=\"Sert\u00e9shizlal\u00e1s - eredm\u00e9nyek\" data-e-action-hash=\"#elementor-action%3Aaction%3Dlightbox%26settings%3DeyJpZCI6MzU3MSwidXJsIjoiaHR0cHM6XC9cL3Nhbm8tYWdyYXIuaHVcL3dwLWNvbnRlbnRcL3VwbG9hZHNcLzIwMjZcLzAyXC8yNC1zZXJ0ZXNoaXpsYWxhcy1lcmVkbWVueWVrLmpwZyJ9\">\n\t\t\t\t\t\t\t<img decoding=\"async\" width=\"768\" height=\"576\" src=\"https:\/\/sano-agrar.hu\/wp-content\/uploads\/2026\/02\/24-serteshizlalas-eredmenyek-768x576.jpg\" class=\"attachment-medium_large size-medium_large wp-image-3571\" alt=\"\" srcset=\"https:\/\/sano-agrar.hu\/wp-content\/uploads\/2026\/02\/24-serteshizlalas-eredmenyek-768x576.jpg 768w, https:\/\/sano-agrar.hu\/wp-content\/uploads\/2026\/02\/24-serteshizlalas-eredmenyek-300x225.jpg 300w, https:\/\/sano-agrar.hu\/wp-content\/uploads\/2026\/02\/24-serteshizlalas-eredmenyek-1280x960.jpg 1280w, https:\/\/sano-agrar.hu\/wp-content\/uploads\/2026\/02\/24-serteshizlalas-eredmenyek-16x12.jpg 16w, https:\/\/sano-agrar.hu\/wp-content\/uploads\/2026\/02\/24-serteshizlalas-eredmenyek.jpg 1440w\" sizes=\"(max-width: 768px) 100vw, 768px\" \/>\t\t\t\t\t\t\t\t<\/a>\n\t\t\t\t\t\t\t\t\t\t\t\t\t\t\t<\/div>\n\t\t\t\t<\/div>\n\t\t\t\t<\/div>\n\t\t<div class=\"elementor-element elementor-element-d41f2c3 e-con-full e-flex e-con e-child\" data-id=\"d41f2c3\" data-element_type=\"container\" data-e-type=\"container\">\n\t\t\t\t<div class=\"elementor-element elementor-element-9882e40 elementor-widget elementor-widget-text-editor\" data-id=\"9882e40\" data-element_type=\"widget\" data-e-type=\"widget\" data-widget_type=\"text-editor.default\">\n\t\t\t\t<div class=\"elementor-widget-container\">\n\t\t\t\t\t\t\t\t\t<h4>Teljes\u00edtm\u00e9nymutat\u00f3k \u00e9s eredm\u00e9nyek<\/h4><p>A Sano hizlal\u00e1si programmal el\u00e9rt eredm\u00e9nyek j\u00f3l t\u00fckr\u00f6zik a prec\u00edz takarm\u00e1nyoz\u00e1s \u00e9s technol\u00f3gia el\u0151nyeit k\u00fcl\u00f6nb\u00f6z\u0151 genetik\u00e1k mellett is:<\/p><ul><li><strong>napi testt\u00f6meg-gyarapod\u00e1s:<\/strong> 1100 g felett<\/li><li><strong>fajlagos takarm\u00e1nyfelhaszn\u00e1l\u00e1s:<\/strong> 2,6-2,8 kg<\/li><li><strong>elhull\u00e1s:<\/strong> 1% alatt<\/li><\/ul><p>Ezek az \u00e9rt\u00e9kek nemcsak gazdas\u00e1goss\u00e1gi, hanem \u00e1llateg\u00e9szs\u00e9g\u00fcgyi szempontb\u00f3l is stabil \u00e9s fenntarthat\u00f3 hizlal\u00e1si rendszert jeleznek.<\/p>\t\t\t\t\t\t\t\t<\/div>\n\t\t\t\t<\/div>\n\t\t\t\t<\/div>\n\t\t\t\t\t<\/div>\n\t\t\t\t<\/div>\n\t\t<div class=\"elementor-element elementor-element-50e6362 e-flex e-con-boxed e-con e-parent\" data-id=\"50e6362\" data-element_type=\"container\" data-e-type=\"container\">\n\t\t\t\t\t<div class=\"e-con-inner\">\n\t\t<div class=\"elementor-element elementor-element-7333340 e-flex e-con-boxed e-con e-child\" data-id=\"7333340\" data-element_type=\"container\" data-e-type=\"container\">\n\t\t\t\t\t<div class=\"e-con-inner\">\n\t\t\t\t<div class=\"elementor-element elementor-element-87cc714 elementor-widget elementor-widget-text-editor\" data-id=\"87cc714\" data-element_type=\"widget\" data-e-type=\"widget\" data-widget_type=\"text-editor.default\">\n\t\t\t\t<div class=\"elementor-widget-container\">\n\t\t\t\t\t\t\t\t\t<h4>K\u00eds\u00e9rletek, tesztel\u00e9sek, rugalmass\u00e1g<\/h4><p>A hizlalda kialak\u00edt\u00e1sa lehet\u0151s\u00e9get biztos\u00edt:<\/p><ul><li>takarm\u00e1ny \u00f6sszetev\u0151k, premixek \u00e9s alapanyagok takarm\u00e1nyoz\u00e1si k\u00eds\u00e9rleteire,<\/li><li>k\u00fcl\u00f6nb\u00f6z\u0151 genetikai vonalak tesztel\u00e9s\u00e9re,<\/li><li>azonos k\u00f6r\u00fclm\u00e9nyek melletti, kontroll\u00e1lt \u00f6sszehasonl\u00edt\u00e1sokra.<\/li><\/ul><p><br \/>A modern takarm\u00e1nyoz\u00e1si technol\u00f3gia \u00e9s kombin\u00e1lt etet\u0151k biztos\u00edtj\u00e1k az egys\u00e9ges takarm\u00e1nyfelv\u00e9telt, mik\u00f6zben maxim\u00e1lis rugalmass\u00e1got adnak a recept\u00far\u00e1k kialak\u00edt\u00e1s\u00e1ban.<\/p>\t\t\t\t\t\t\t\t<\/div>\n\t\t\t\t<\/div>\n\t\t\t\t\t<\/div>\n\t\t\t\t<\/div>\n\t\t\t\t\t<\/div>\n\t\t\t\t<\/div>\n\t\t<div class=\"elementor-element elementor-element-3031f80 e-flex e-con-boxed e-con e-parent\" data-id=\"3031f80\" data-element_type=\"container\" data-e-type=\"container\" data-settings=\"{&quot;background_background&quot;:&quot;classic&quot;}\">\n\t\t\t\t\t<div class=\"e-con-inner\">\n\t\t<div class=\"elementor-element elementor-element-b42ec7d e-flex e-con-boxed e-con e-child\" data-id=\"b42ec7d\" data-element_type=\"container\" data-e-type=\"container\">\n\t\t\t\t\t<div class=\"e-con-inner\">\n\t\t\t\t<div class=\"elementor-element elementor-element-320fcdd elementor-widget elementor-widget-text-editor\" data-id=\"320fcdd\" data-element_type=\"widget\" data-e-type=\"widget\" data-widget_type=\"text-editor.default\">\n\t\t\t\t<div class=\"elementor-widget-container\">\n\t\t\t\t\t\t\t\t\t<h3>A Sano h\u00edz\u00f3sert\u00e9s takarm\u00e1nyoz\u00e1si koncepci\u00f3<\/h3><p>A Sano h\u00edz\u00f3takarm\u00e1nyok minden esetben a sert\u00e9sek \u00e9let- \u00e9s teljes\u00edtm\u00e9nyf\u00e1zis\u00e1hoz igazodnak. A c\u00e9l nem csup\u00e1n a gyors hizlal\u00e1s, hanem a <strong>gazdas\u00e1gos, fenntarthat\u00f3 \u00e9s \u00e1llatbar\u00e1t<\/strong> termel\u00e9s, amely hossz\u00fa t\u00e1von is versenyk\u00e9pes megold\u00e1st k\u00edn\u00e1l a sert\u00e9start\u00f3k sz\u00e1m\u00e1ra. A prec\u00edzen fel\u00e9p\u00edtett takarm\u00e1nyoz\u00e1si rendszer biztos\u00edtja, hogy a h\u00edz\u00f3sert\u00e9sek pontosan annyi \u00e9s olyan min\u0151s\u00e9g\u0171 t\u00e1panyagot kapjanak, amennyi a kit\u0171z\u00f6tt teljes\u00edtm\u00e9nyc\u00e9lok el\u00e9r\u00e9s\u00e9hez sz\u00fcks\u00e9ges.<\/p><p><strong>Szeretne t\u00f6bbet megtudni? T\u00f6ltse le a Sano ingyenes malac takarm\u00e1nyoz\u00e1si koncepci\u00f3j\u00e1t most!<\/strong><\/p>\t\t\t\t\t\t\t\t<\/div>\n\t\t\t\t<\/div>\n\t\t\t\t<div class=\"elementor-element elementor-element-37ef7f8 elementor-widget elementor-widget-tp-advanced-buttons\" data-id=\"37ef7f8\" data-element_type=\"widget\" data-e-type=\"widget\" data-widget_type=\"tp-advanced-buttons.default\">\n\t\t\t\t<div class=\"elementor-widget-container\">\n\t\t\t\t\t<div class=\"pt-plus-adv-button-wrapper\" ><div id=\"advbutton69e6fa12801ac\" class=\"pt_plus_adv_button  ab-download  tp_download_st_5   dba_left\"  data-dfname=\"download\"><a href=\"https:\/\/sano.hu\/hizosertes-takarmanyozasi-koncepcio\" target=\"_blank\" class=\"adv-button-link-wrap\" role=\"button\" download=\"download\">Let\u00f6lt\u00e9s<span class=\"icon-wrap\"><i class=\"icon-download\"><\/i><\/span><\/a><div class=\"tp-meter\"><span class=\"tp-meter-progress\"><\/span><\/div><\/div><\/div>\t\t\t\t<\/div>\n\t\t\t\t<\/div>\n\t\t\t\t\t<\/div>\n\t\t\t\t<\/div>\n\t\t\t\t\t<\/div>\n\t\t\t\t<\/div>\n\t\t\t\t<\/div>","protected":false},"excerpt":{"rendered":"<p>A gazdas\u00e1g f\u0151 profilja a malacel\u0151\u00e1ll\u00edt\u00e1s, ez\u00e9rt alacsony hizlaldai kapacit\u00e1ssal rendelkezik a sert\u00e9stelep. A hizlald\u00e1ban \u00f6sszesen 1800 f\u00e9r\u0151hely \u00e1ll rendelkez\u00e9sre, els\u0151sorban a takarm\u00e1nyoz\u00e1si k\u00eds\u00e9rletek lebonyol\u00edt\u00e1s\u00e1ra. Egy teremben 120 \u00e1llat ker\u00fcl elhelyez\u00e9sre, 4 \u00d7 30-as csoportokban. A kombin\u00e1lt etet\u0151rendszer lehet\u0151v\u00e9 teszi, hogy egy etet\u0151vel k\u00e9t 30-as csoportot l\u00e1ssunk el, mik\u00f6zben egyazon teremben, azonos k\u00f6r\u00fclm\u00e9nyek k\u00f6z\u00f6tt k\u00e9t [&hellip;]<\/p>\n","protected":false},"author":1,"featured_media":3570,"parent":642,"menu_order":3,"comment_status":"closed","ping_status":"closed","template":"","meta":{"footnotes":""},"class_list":["post-587","page","type-page","status-publish","has-post-thumbnail","hentry"],"_links":{"self":[{"href":"https:\/\/sano-agrar.hu\/en\/wp-json\/wp\/v2\/pages\/587","targetHints":{"allow":["GET"]}}],"collection":[{"href":"https:\/\/sano-agrar.hu\/en\/wp-json\/wp\/v2\/pages"}],"about":[{"href":"https:\/\/sano-agrar.hu\/en\/wp-json\/wp\/v2\/types\/page"}],"author":[{"embeddable":true,"href":"https:\/\/sano-agrar.hu\/en\/wp-json\/wp\/v2\/users\/1"}],"replies":[{"embeddable":true,"href":"https:\/\/sano-agrar.hu\/en\/wp-json\/wp\/v2\/comments?post=587"}],"version-history":[{"count":4,"href":"https:\/\/sano-agrar.hu\/en\/wp-json\/wp\/v2\/pages\/587\/revisions"}],"predecessor-version":[{"id":4144,"href":"https:\/\/sano-agrar.hu\/en\/wp-json\/wp\/v2\/pages\/587\/revisions\/4144"}],"up":[{"embeddable":true,"href":"https:\/\/sano-agrar.hu\/en\/wp-json\/wp\/v2\/pages\/642"}],"wp:featuredmedia":[{"embeddable":true,"href":"https:\/\/sano-agrar.hu\/en\/wp-json\/wp\/v2\/media\/3570"}],"wp:attachment":[{"href":"https:\/\/sano-agrar.hu\/en\/wp-json\/wp\/v2\/media?parent=587"}],"curies":[{"name":"wp","href":"https:\/\/api.w.org\/{rel}","templated":true}]}}