{"id":4146,"date":"2026-05-08T09:59:21","date_gmt":"2026-05-08T07:59:21","guid":{"rendered":"https:\/\/sano-agrar.hu\/?page_id=4146"},"modified":"2026-05-08T10:25:21","modified_gmt":"2026-05-08T08:25:21","slug":"energiahatekonysagi-jelentesek","status":"publish","type":"page","link":"https:\/\/sano-agrar.hu\/en\/rolunk\/energiahatekonysagi-jelentesek\/","title":{"rendered":"Energiahat\u00e9konys\u00e1gi jelent\u00e9sek"},"content":{"rendered":"<div data-elementor-type=\"wp-page\" data-elementor-id=\"4146\" class=\"elementor elementor-4146\" data-elementor-post-type=\"page\">\n\t\t\t\t<div class=\"elementor-element elementor-element-3480e90 e-flex e-con-boxed e-con e-parent\" data-id=\"3480e90\" data-element_type=\"container\" data-e-type=\"container\">\n\t\t\t\t\t<div class=\"e-con-inner\">\n\t\t\t\t<div class=\"elementor-element elementor-element-9f5d82d elementor-widget elementor-widget-heading\" data-id=\"9f5d82d\" data-element_type=\"widget\" data-e-type=\"widget\" data-widget_type=\"heading.default\">\n\t\t\t\t<div class=\"elementor-widget-container\">\n\t\t\t\t\t<h2 class=\"elementor-heading-title elementor-size-default\">Energiahat\u00e9konys\u00e1g<\/h2>\t\t\t\t<\/div>\n\t\t\t\t<\/div>\n\t\t\t\t\t<\/div>\n\t\t\t\t<\/div>\n\t\t<div class=\"elementor-element elementor-element-5405f4d e-flex e-con-boxed e-con e-parent\" data-id=\"5405f4d\" data-element_type=\"container\" data-e-type=\"container\">\n\t\t\t\t\t<div class=\"e-con-inner\">\n\t\t\t\t<div class=\"elementor-element elementor-element-7e23371 elementor-widget elementor-widget-text-editor\" data-id=\"7e23371\" data-element_type=\"widget\" data-e-type=\"widget\" data-widget_type=\"text-editor.default\">\n\t\t\t\t<div class=\"elementor-widget-container\">\n\t\t\t\t\t\t\t\t\t<p>A Sano Agr\u00e1r Institut-SmartPorcNutrition Kft. \u00fczleti strat\u00e9gi\u00e1j\u00e1nak alapvet\u0151 pill\u00e9re az energiahat\u00e9konys\u00e1g \u00e9s az energiatudatoss\u00e1g, hiszen ezek kiemelked\u0151 fontoss\u00e1ggal b\u00edrnak a mai \u00fczleti \u00e9s gazdas\u00e1gi k\u00f6rnyezetben. A fenntarthat\u00f3 \u00e9s takar\u00e9kos energiagazd\u00e1lkod\u00e1s nem csak a k\u00f6rnyezetv\u00e9delem, hanem a k\u00f6lts\u00e9gmegtakar\u00edt\u00e1s \u00e9s versenyk\u00e9pess\u00e9g szempontj\u00e1b\u00f3l is kulcsfontoss\u00e1g\u00fa t\u00e9nyez\u0151v\u00e9 v\u00e1lt. V\u00e1llalatunk energiahat\u00e9konys\u00e1gra \u00e9s energiatudatoss\u00e1gra val\u00f3 t\u00f6rekv\u00e9seit energetikai szakreferens\u00fcnk t\u00e1mogatja az energiafelhaszn\u00e1l\u00e1sunk \u00e1tfog\u00f3 elemz\u00e9s\u00e9vel, riportok k\u00e9sz\u00edt\u00e9s\u00e9vel, a potenci\u00e1lis energia- \u00e9s k\u00f6lts\u00e9gmegtakar\u00edt\u00e1si lehet\u0151s\u00e9gek felt\u00e1r\u00e1s\u00e1val, illetve a t\u00e1mogat\u00e1si opci\u00f3k \u00e9s piaci v\u00e1ltoz\u00e1sok nyomon k\u00f6vet\u00e9s\u00e9vel.<\/p><p><b>Let\u00f6lthet\u0151 dokumentumok:<\/b><\/p><ul><li><a href=\"https:\/\/sano-agrar.hu\/wp-content\/uploads\/2026\/05\/Enhat_jel_24_Sano.pdf\">Energiahat\u00e9konys\u00e1gi jelent\u00e9s 2024<\/a><\/li><\/ul>\t\t\t\t\t\t\t\t<\/div>\n\t\t\t\t<\/div>\n\t\t\t\t\t<\/div>\n\t\t\t\t<\/div>\n\t\t\t\t<\/div>","protected":false},"excerpt":{"rendered":"<p>Energiahat\u00e9konys\u00e1g A Sano Agr\u00e1r Institut-SmartPorcNutrition Kft. \u00fczleti strat\u00e9gi\u00e1j\u00e1nak alapvet\u0151 pill\u00e9re az energiahat\u00e9konys\u00e1g \u00e9s az energiatudatoss\u00e1g, hiszen ezek kiemelked\u0151 fontoss\u00e1ggal b\u00edrnak a mai \u00fczleti \u00e9s gazdas\u00e1gi k\u00f6rnyezetben. A fenntarthat\u00f3 \u00e9s takar\u00e9kos energiagazd\u00e1lkod\u00e1s nem csak a k\u00f6rnyezetv\u00e9delem, hanem a k\u00f6lts\u00e9gmegtakar\u00edt\u00e1s \u00e9s versenyk\u00e9pess\u00e9g szempontj\u00e1b\u00f3l is kulcsfontoss\u00e1g\u00fa t\u00e9nyez\u0151v\u00e9 v\u00e1lt. V\u00e1llalatunk energiahat\u00e9konys\u00e1gra \u00e9s energiatudatoss\u00e1gra val\u00f3 t\u00f6rekv\u00e9seit energetikai szakreferens\u00fcnk t\u00e1mogatja az [&hellip;]<\/p>\n","protected":false},"author":2,"featured_media":0,"parent":2,"menu_order":0,"comment_status":"closed","ping_status":"closed","template":"","meta":{"footnotes":""},"class_list":["post-4146","page","type-page","status-publish","hentry"],"_links":{"self":[{"href":"https:\/\/sano-agrar.hu\/en\/wp-json\/wp\/v2\/pages\/4146","targetHints":{"allow":["GET"]}}],"collection":[{"href":"https:\/\/sano-agrar.hu\/en\/wp-json\/wp\/v2\/pages"}],"about":[{"href":"https:\/\/sano-agrar.hu\/en\/wp-json\/wp\/v2\/types\/page"}],"author":[{"embeddable":true,"href":"https:\/\/sano-agrar.hu\/en\/wp-json\/wp\/v2\/users\/2"}],"replies":[{"embeddable":true,"href":"https:\/\/sano-agrar.hu\/en\/wp-json\/wp\/v2\/comments?post=4146"}],"version-history":[{"count":4,"href":"https:\/\/sano-agrar.hu\/en\/wp-json\/wp\/v2\/pages\/4146\/revisions"}],"predecessor-version":[{"id":4157,"href":"https:\/\/sano-agrar.hu\/en\/wp-json\/wp\/v2\/pages\/4146\/revisions\/4157"}],"up":[{"embeddable":true,"href":"https:\/\/sano-agrar.hu\/en\/wp-json\/wp\/v2\/pages\/2"}],"wp:attachment":[{"href":"https:\/\/sano-agrar.hu\/en\/wp-json\/wp\/v2\/media?parent=4146"}],"curies":[{"name":"wp","href":"https:\/\/api.w.org\/{rel}","templated":true}]}}