{"id":336,"date":"2023-02-15T17:13:42","date_gmt":"2023-02-15T16:13:42","guid":{"rendered":"https:\/\/sano-agrar.hu\/?page_id=336"},"modified":"2026-03-05T15:04:38","modified_gmt":"2026-03-05T14:04:38","slug":"hirek","status":"publish","type":"page","link":"https:\/\/sano-agrar.hu\/en\/hirek\/","title":{"rendered":"H\u00edrek"},"content":{"rendered":"<div data-elementor-type=\"wp-page\" data-elementor-id=\"336\" class=\"elementor elementor-336\" data-elementor-post-type=\"page\">\n\t\t\t\t\t\t<section class=\"elementor-section elementor-top-section elementor-element elementor-element-66750fb elementor-section-boxed elementor-section-height-default elementor-section-height-default\" data-id=\"66750fb\" data-element_type=\"section\" data-e-type=\"section\">\n\t\t\t\t\t\t<div class=\"elementor-container elementor-column-gap-default\">\n\t\t\t\t\t<div class=\"elementor-column elementor-col-100 elementor-top-column elementor-element elementor-element-b2c4037\" data-id=\"b2c4037\" data-element_type=\"column\" data-e-type=\"column\">\n\t\t\t<div class=\"elementor-widget-wrap elementor-element-populated\">\n\t\t\t\t\t\t\t<\/div>\n\t\t<\/div>\n\t\t\t\t\t<\/div>\n\t\t<\/section>\n\t\t\t\t<section class=\"elementor-section elementor-top-section elementor-element elementor-element-4198259 elementor-section-boxed elementor-section-height-default elementor-section-height-default\" data-id=\"4198259\" data-element_type=\"section\" data-e-type=\"section\">\n\t\t\t\t\t\t<div class=\"elementor-container elementor-column-gap-default\">\n\t\t\t\t\t<div class=\"elementor-column elementor-col-100 elementor-top-column elementor-element elementor-element-d4bccf2\" data-id=\"d4bccf2\" data-element_type=\"column\" data-e-type=\"column\">\n\t\t\t<div class=\"elementor-widget-wrap elementor-element-populated\">\n\t\t\t\t\t\t<div class=\"theplus-equal-height elementor-element elementor-element-881e447 elementor-widget elementor-widget-tp-blog-listout\" data-tp-equal-height-loadded=\".blog-list-content\" data-id=\"881e447\" data-element_type=\"widget\" data-e-type=\"widget\" data-widget_type=\"tp-blog-listout.default\">\n\t\t\t\t\t<div id=\"pt-plus-blog-post-list\" class=\"blog-list post69e7877242002  list-isotope  blog-style-2 hover-image-style-1 layout-style-2\"  data-layout-type=\"fitRows\"   data-id=\"post69e7877242002\" data-style=\"style-2\"   dir= \"data-enable-isotope=\"1\"\" filter-type = \"normal\"><div id=\"post69e7877242002\" class=\"tp-row post-inner-loop post69e7877242002 text-left\" data-extparam= '{\"loading-opt\":\"skeleton\",\"URL-para\":\"\"}'   data-wooattr= '\"MGpwZ1ByUmFhaks3ZENicWlGd29kWForbGZVeTVvN1B5Wnk3cHJvYVdGRkdOb3RjL2N3aUpsRzZOSEVTdU9jQXV3VDhMMFNmbVFRdnpRVlhRVTBQUGUvN2JBaVJEcFdBSFZmRk9IZjdFMHIyYk54enNqK1A0Q1VPZHEvVzdjem0xOE5oelBqYmVJUWd2SkRwVDIzVDRrcnd0VU1FZXB1UlVTdjBOdmpOMkQ5VHk0R2tqbFBPQWJkenp5U2pqd3RGLzVyU2JsWkNTUUJCdHVOSkVWbkZwT3RMdWM3TDRGL2NBbHNKTWhRaXJDaHJaOFdSQ2ZkUFkrdmJMWUZYSTlEWGFRK21ORHFrM3oyRlY4OXg5RzNsa1VxU2o0ZHBaMFBqa1d3UXBJY2NTb0pEakF3Z28wbGM0d2Q2aURFSDJCUTNQcDZPREhoRU9xeGlROFYwRXppbFkwakt3dUNhRDVrckNyUHl6SnV0WFpXWmdWTlZDTVZ0Y2IzZmhOVDdHS2ZOaWw3Q0NUc0pZN2xZMlFIbEpYa0thS09menQyQWdQbmlCc2tWUGNRR1JjT1c0TkU1UlorSzJnd1EvY3hWc0h3RW52bWNxQU1CVGRlaE1EaXNMZTJVbFMvZ0N0b2g4R3hRT1lKcnU4VmljTk0rdTBDYWtXNTZqL08yVHBMQ3pZTm94emN5bmlTSkY2UU1xcWVjTHc0aDd0WXBzRXVucWk4VWpsR3RPK09WdkZkaTJMb0oya2NsWCsyNFBuRmtrRWtoVUxheTFhRGtEU2o0MVBTcWRVWHUvMzFMVXBsMW13aWliZzdkRXJsSzR5dGNQcE5OU3RKcllkM3NKWDN0b3ltbU10a0JYenM3RDBYaXMyeGEvQWpYMWVxa2JmbnZCd0t3N2I4eGFvTGdpM01MZHF5N1ZvMTJJUFkyd0ZWV2Fjbm1VeTByalFvak9qcGZIMUg4QlJwL1dSUGQ0L1R5Y2ZCclBQYUlkYzRxS0RxcE9JNXVoTGlLR1R0NXU2c04raDlSem51MERYY1doaEJ2VnE4WnRNMFZWZ3puRTFuSXFzeHRDNTY5R0xLNm5EKzFqdWlPYm1sc1NLOWRzQ3poZzgyNjdWM2ZLU3l1NWJralJGZ1NrUGsxUGt4QW53N3o5RUNJRWtYMHRNRHBZRmFqRDEreEcvWUVydlByZ0JueWlLR2xlbVhEOER5Z2s0Y0FsTEMzb0g1RUs5YklZSnlUYVBVZlcrdTdDYWQ5SGFxSkRxaDIzYXVNN2l5RTJydzcxSkxKd0lkSWhsQnB2RlJrWmsrQi9mVWZvdG1BbC9HeFM5cUNib2RJRXFCdzUxNFdPeDVsTXArSlZncEYvK0h3dlMzcGk2bDh0V1BoK3dRRS83SFp3VVUydHRhQ0tPWUVzQVZTMkozU1NjQ0Q4bW8ySVZ5K1g3Z2JacE1YYnJDcDZLc1N0K0J1b1krS1ZLQVNTRGtQMHM3b0J3R2xydGRJd0tRYUJXVE1WZXZBWmtFYjdwRDdJQmd2UlI1OHh3YW4vSkVEbm14RU0xMGNiWUZTUXpVeG9PWVhQWUJLTXBveSs5dDR5RXFEZXVsOXpoNGtzbGUranNNZU01UWQrbm1lWkJBSG40bjVHaWZoMDNmOWtyOTBKVjlpWElXMGpPUXYwOVM1VWlsU0MxY1JEblUydjlsTUFMdnVGMGFzRlp2Qzlmb01CSE9hWUhtK2MrN0dueFRUMDVEbmk5TnozWWxNN1BUcm1QTjk3ODNpc0xCakZ3MnRxY1FPbTJZMWZVZFMra0xvNzY2SmVNRGlEWHNTb0YwM0ExUWVmNC85N3NqUTJ1cGI3WklOUTBINlM1eXpDM0JNL1EwVU9VT0F0dzFyTldHOEtjM2VNT1V6dE41Y1dtQ0hFMkJOR2N0UlhrZWJqSGgzVTBGdmkyOXRjOUF4M090U1ArSTVnaDUrM0pMSlhsTVAzcC9XRlc2aXRBU1hrbDgyUXdlc0ZINm1JOTZyUkdpUGl2Q1Vvd2ViRXNLYXMwWlBDVXVScHBJKzQyQnZhWDBZUUs4eXVEU2F3REtPcWhXTDJXcElEZWd3V0VKTWxTZkhaVmF3ZGp2VkhwTDZpV1dCTlR1VUJZQmpqMVFjY1FSTVdBOFd2UnJhUVp3Z3IraTZEYTBCeGZ2RFlvTDd6eEUxRldoU0w1Wkl4WjdFYnBsc0RZSzdLOVRRWEF4aEI3UGpRb3phVnRBY3dqSkVETHVVQ2NIbUJRPT0=\"' ><div class=\"grid-item metro-item  tp-col-lg-4 tp-col-md-4 tp-col-sm-12 tp-col-12\"><article id=\"post-4001\" class=\"post-4001 post type-post status-publish format-standard has-post-thumbnail hentry category-hirek-aktualitasok\">\n\t<div class=\"blog-list-content\">\n\t\t\t\t<div class=\"post-content-image\">\n\t\t\t<a href=\"https:\/\/sano-agrar.hu\/en\/precizios-sertestartas-testkozelbol-telt-hazas-szakmai-nap-a-sano-agrar-institutban\/\">\n\t\t\t\t\t<div class=\"blog-featured-image\">\n\t<span class=\"thumb-wrap\">\n\t\t<img fetchpriority=\"high\" decoding=\"async\" width=\"768\" height=\"512\" src=\"https:\/\/sano-agrar.hu\/wp-content\/uploads\/2026\/02\/6-hirek-precizios-rendezveny-1-768x512.jpg\" class=\"attachment-medium_large size-medium_large\" alt=\"\" srcset=\"https:\/\/sano-agrar.hu\/wp-content\/uploads\/2026\/02\/6-hirek-precizios-rendezveny-1-768x512.jpg 768w, https:\/\/sano-agrar.hu\/wp-content\/uploads\/2026\/02\/6-hirek-precizios-rendezveny-1-300x200.jpg 300w, https:\/\/sano-agrar.hu\/wp-content\/uploads\/2026\/02\/6-hirek-precizios-rendezveny-1-1280x853.jpg 1280w, https:\/\/sano-agrar.hu\/wp-content\/uploads\/2026\/02\/6-hirek-precizios-rendezveny-1-1536x1024.jpg 1536w, https:\/\/sano-agrar.hu\/wp-content\/uploads\/2026\/02\/6-hirek-precizios-rendezveny-1-18x12.jpg 18w, https:\/\/sano-agrar.hu\/wp-content\/uploads\/2026\/02\/6-hirek-precizios-rendezveny-1.jpg 1920w\" sizes=\"(max-width: 768px) 100vw, 768px\" \/>\t<\/span>\n\t<\/div>\n\t\t\t<\/a>\n\t\t\t\t\t<\/div>\n\t\t\t\t<div class=\"post-content-bottom\">\n\t\t\t\t\t\t<div class=\"post-metro-content\">\n\t\t\t\t<h3 class=\"post-title\">\n\t<a href=\"https:\/\/sano-agrar.hu\/en\/precizios-sertestartas-testkozelbol-telt-hazas-szakmai-nap-a-sano-agrar-institutban\/\" class=\"normal\">Prec\u00edzi\u00f3s sert\u00e9start\u00e1s testk\u00f6zelb\u0151l \u2013 telt h\u00e1zas szakmai nap a Sano Agrar Institutban<\/a>\n<\/h3>\n\t\t\t\t\t\t\t\t\t<div class=\"post-hover-content\">\n\t\t\t\t\t\t<div class=\"entry-content\">\n\t<p>A Magyar Prec\u00edzi\u00f3s \u00c1llattart\u00e1s\u00e9rt Egyes\u00fclet (MAP\u00c1E) legut\u00f3bbi szakmai napj\u00e1nak a Sano Agrar Institut adott otthont, ahol a prec\u00edzi\u00f3s sert\u00e9start\u00e1s leg\u00fajabb technol\u00f3gi\u00e1i ker\u00fcltek f\u00f3kuszba. A...<\/p>\n<\/div>\n\t\t\t\t\t<\/div>\n\t\t\t\t\t\t\t\t\t\t\t\t\t<div class=\"post-meta-info style-2\"><span class=\"meta-date\"><a href=\"https:\/\/sano-agrar.hu\/en\/precizios-sertestartas-testkozelbol-telt-hazas-szakmai-nap-a-sano-agrar-institutban\/\"><span class=\"entry-date\">2025.10.29.<\/span><\/a><\/span>\n<\/div>\t\t\t\t\t\t\t<\/div>\n\t\t<\/div>\n\t\t\t\t\t<\/div>\n<\/article>\n<\/div><div class=\"grid-item metro-item  tp-col-lg-4 tp-col-md-4 tp-col-sm-12 tp-col-12\"><article id=\"post-3993\" class=\"post-3993 post type-post status-publish format-standard has-post-thumbnail hentry category-hirek-aktualitasok\">\n\t<div class=\"blog-list-content\">\n\t\t\t\t<div class=\"post-content-image\">\n\t\t\t<a href=\"https:\/\/sano-agrar.hu\/en\/a-smart-farming-gazdalkodas-utat-tor-maganak\/\">\n\t\t\t\t\t<div class=\"blog-featured-image\">\n\t<span class=\"thumb-wrap\">\n\t\t<img decoding=\"async\" width=\"710\" height=\"396\" src=\"https:\/\/sano-agrar.hu\/wp-content\/uploads\/2026\/02\/6-hirek-smart-farming.jpg\" class=\"attachment-medium_large size-medium_large\" alt=\"\" srcset=\"https:\/\/sano-agrar.hu\/wp-content\/uploads\/2026\/02\/6-hirek-smart-farming.jpg 710w, https:\/\/sano-agrar.hu\/wp-content\/uploads\/2026\/02\/6-hirek-smart-farming-300x167.jpg 300w, https:\/\/sano-agrar.hu\/wp-content\/uploads\/2026\/02\/6-hirek-smart-farming-18x10.jpg 18w\" sizes=\"(max-width: 710px) 100vw, 710px\" \/>\t<\/span>\n\t<\/div>\n\t\t\t<\/a>\n\t\t\t\t\t<\/div>\n\t\t\t\t<div class=\"post-content-bottom\">\n\t\t\t\t\t\t<div class=\"post-metro-content\">\n\t\t\t\t<h3 class=\"post-title\">\n\t<a href=\"https:\/\/sano-agrar.hu\/en\/a-smart-farming-gazdalkodas-utat-tor-maganak\/\" class=\"normal\">A smart farming gazd\u00e1lkod\u00e1s utat t\u00f6r mag\u00e1nak<\/a>\n<\/h3>\n\t\t\t\t\t\t\t\t\t<div class=\"post-hover-content\">\n\t\t\t\t\t\t<div class=\"entry-content\">\n\t<p>Az innovat\u00edv kameratechnol\u00f3gia \u00e9s a mesters\u00e9ges intelligencia a j\u00f6v\u0151ben akt\u00edvan fogja t\u00e1mogatni a telepi szem\u00e9lyzetet a probl\u00e9m\u00e1k felismer\u00e9s\u00e9ben. A Sano Agrar Institutban a Serket-tech...<\/p>\n<\/div>\n\t\t\t\t\t<\/div>\n\t\t\t\t\t\t\t\t\t\t\t\t\t<div class=\"post-meta-info style-2\"><span class=\"meta-date\"><a href=\"https:\/\/sano-agrar.hu\/en\/a-smart-farming-gazdalkodas-utat-tor-maganak\/\"><span class=\"entry-date\">2025.03.21.<\/span><\/a><\/span>\n<\/div>\t\t\t\t\t\t\t<\/div>\n\t\t<\/div>\n\t\t\t\t\t<\/div>\n<\/article>\n<\/div><div class=\"grid-item metro-item  tp-col-lg-4 tp-col-md-4 tp-col-sm-12 tp-col-12\"><article id=\"post-3982\" class=\"post-3982 post type-post status-publish format-standard has-post-thumbnail hentry category-hirek-aktualitasok\">\n\t<div class=\"blog-list-content\">\n\t\t\t\t<div class=\"post-content-image\">\n\t\t\t<a href=\"https:\/\/sano-agrar.hu\/en\/performance-dijjal-ismertek-el-a-sertestelep-szakmai-munkajat\/\">\n\t\t\t\t\t<div class=\"blog-featured-image\">\n\t<span class=\"thumb-wrap\">\n\t\t<img decoding=\"async\" width=\"768\" height=\"614\" src=\"https:\/\/sano-agrar.hu\/wp-content\/uploads\/2026\/02\/6-hirek-performance-dij-768x614.jpg\" class=\"attachment-medium_large size-medium_large\" alt=\"\" srcset=\"https:\/\/sano-agrar.hu\/wp-content\/uploads\/2026\/02\/6-hirek-performance-dij-768x614.jpg 768w, https:\/\/sano-agrar.hu\/wp-content\/uploads\/2026\/02\/6-hirek-performance-dij-300x240.jpg 300w, https:\/\/sano-agrar.hu\/wp-content\/uploads\/2026\/02\/6-hirek-performance-dij-1280x1024.jpg 1280w, https:\/\/sano-agrar.hu\/wp-content\/uploads\/2026\/02\/6-hirek-performance-dij-15x12.jpg 15w, https:\/\/sano-agrar.hu\/wp-content\/uploads\/2026\/02\/6-hirek-performance-dij.jpg 1350w\" sizes=\"(max-width: 768px) 100vw, 768px\" \/>\t<\/span>\n\t<\/div>\n\t\t\t<\/a>\n\t\t\t\t\t<\/div>\n\t\t\t\t<div class=\"post-content-bottom\">\n\t\t\t\t\t\t<div class=\"post-metro-content\">\n\t\t\t\t<h3 class=\"post-title\">\n\t<a href=\"https:\/\/sano-agrar.hu\/en\/performance-dijjal-ismertek-el-a-sertestelep-szakmai-munkajat\/\" class=\"normal\">Performance d\u00edjjal ismert\u00e9k el a sert\u00e9stelep szakmai munk\u00e1j\u00e1t<\/a>\n<\/h3>\n\t\t\t\t\t\t\t\t\t<div class=\"post-hover-content\">\n\t\t\t\t\t\t<div class=\"entry-content\">\n\t<p>A Sano Agrar Institut sz\u00e1kszendi sert\u00e9start\u00f3 mintagazdas\u00e1g szakmai munk\u00e1j\u00e1t a 2024-ben el\u00e9rt kiv\u00e1l\u00f3 szaporod\u00e1sbiol\u00f3giai eredm\u00e9nyei\u00e9rt a Topigs Norsvin K\u00f6z\u00e9p-Eur\u00f3pai Sert\u00e9snapon Performance d\u00edjjal ismert\u00e9k el,...<\/p>\n<\/div>\n\t\t\t\t\t<\/div>\n\t\t\t\t\t\t\t\t\t\t\t\t\t<div class=\"post-meta-info style-2\"><span class=\"meta-date\"><a href=\"https:\/\/sano-agrar.hu\/en\/performance-dijjal-ismertek-el-a-sertestelep-szakmai-munkajat\/\"><span class=\"entry-date\">2024.11.18.<\/span><\/a><\/span>\n<\/div>\t\t\t\t\t\t\t<\/div>\n\t\t<\/div>\n\t\t\t\t\t<\/div>\n<\/article>\n<\/div><\/div><div class=\"ajax_load_more\"><a class=\"post-load-more\" data-layout=\"grid\" data-offset-posts=\"\" data-load-class=\"post69e7877242002\" data-display_post=\"3\" data-post_load_more=\"3\" data-loaded_posts=\"Nincs t\u00f6bb megjelen\u00edthet\u0151 cikk!\" data-tp_loading_text=\"Bet\u00f6lt\u00e9s...\" data-page=\"1\" data-total_page=\"3\" data-loadattr= 'MGpwZ1ByUmFhaks3ZENicWlGd29kWForbGZVeTVvN1B5Wnk3cHJvYVdGRkdOb3RjL2N3aUpsRzZOSEVTdU9jQXV3VDhMMFNmbVFRdnpRVlhRVTBQUGUvN2JBaVJEcFdBSFZmRk9IZjdFMHIyYk54enNqK1A0Q1VPZHEvVzdjem0xOE5oelBqYmVJUWd2SkRwVDIzVDRrcnd0VU1FZXB1UlVTdjBOdmpOMkQ5VHk0R2tqbFBPQWJkenp5U2pqd3RGLzVyU2JsWkNTUUJCdHVOSkVWbkZwT3RMdWM3TDRGL2NBbHNKTWhRaXJDaHJaOFdSQ2ZkUFkrdmJMWUZYSTlEWGFRK21ORHFrM3oyRlY4OXg5RzNsa1VxU2o0ZHBaMFBqa1d3UXBJY2NTb0pEakF3Z28wbGM0d2Q2aURFSDJCUTNQcDZPREhoRU9xeGlROFYwRXppbFkwakt3dUNhRDVrckNyUHl6SnV0WFpXWmdWTlZDTVZ0Y2IzZmhOVDdHS2ZOaWw3Q0NUc0pZN2xZMlFIbEpYa0thS09menQyQWdQbmlCc2tWUGNRR1JjT1c0TkU1UlorSzJnd1EvY3hWc0h3RW52bWNxQU1CVGRlaE1EaXNMZTJVbFMvZ0N0b2g4R3hRT1lKcnU4VmljTk0rdTBDYWtXNTZqL08yVHBMQ3pZTm94emN5bmlTSkY2UU1xcWVjTHc0aDd0WXBzRXVucWk4VWpsR3RPK09WdkZkaTJMb0oya2NsWCsyNFBuRmtrRWtoVUxheTFhRGtEU2o0MVBTcWRVWHUvMzFMVXBsMW13aWliZzdkRXJsSzR5dGNQcE5OU3RKcllkM3NKWDN0b3ltbU10a0JYenM3RDBYaXMyeGEvQWpYMWVxa2JmbnZCd0t3N2I4eGFvTGdpM01MZHF5N1ZvMTJJUFkyd0ZWV2Fjbm1VeTByalFvak9qcGZIMUg4QlJwL1dSUGQ0L1R5Y2ZCclBQYUlkYzRxS0RxcE9JNXVoTGlLR1R0NXU2c04raDlSem51MERYY1doaEJ2VnE4WnRNMFZWZ3puRTFuSXFzeHRDNTY5R0xLNm5EKzFqdWlPYm1sc1NLOWRzQ3poZzgyNjdWM2ZLU3l1NWJralJGZ1NrUGsxUGt4QW53N3o5RUNJRWtYMHRNRHBZRmFqRDEreEcvWUVydlByZ0JueWlLR2xlbVhEOER5Z2s0Y0FsTEMzb0g1RUs5YklZSnlUYVBVZlcrdTdDYWQ5SGFxSkRxaDIzYXVNN2l5RTJydzcxSkxKd0lkSWhsQnB2RlJrWmsrQi9mVWZvdG1BbC9HeFM5cUNib2RJRXFCdzUxNFdPeDVsTXArSlZncEYvK0h3dlMzcGk2bDh0V1BoK3dRRS83SFp3VVUydHRhQ0tPWUVzQVZTMkozU1NjQ0Q4bW8ySVZ5K1g3Z2JacE1YYnJDcDZLc1N0K0J1b1krS1ZLQVNTRGtQMHM3b0J3R2xydGRJd0tRYUJXVE1WZXZBWmtFYjdwRDdJQmd2UlI1OHh3YW4vSkVEbm14RU0xMGNiWUZTUXpVeG9PWVhQWUJLTXBveSs5dDR5RXFEZXVsOXpoNGtzbGUranNNZU01UWQrbm1lWkJBSG40bjVHaWZoMDNmOWtyOTBKVjlpWElXMGpPUXYwOVM1VWlsU0MxY1JEblUydjlsTUFMdnVGMGFzRlp2Qzlmb01CSE9hWUhtK2MrN0dueFRUMDVEbmk5TnozWWxNN1BUcm1QTjk3ODNpc0xCakZ3MnRxY1FPbTJZMWZVZFMra0xvNzY2SmVNRGlEWHNTb0YwM0ExUWVmNC85N3NqUTJ1cGI3WklOUTBINlM1eXpDM0JNL1EwVU9VT0F0dzFyTldHOEtjM2VNT1V6dE41Y1dtQ0hFMkJOR2N0UlhrZWJqSGgzVTBGdmkyOXRjOUF4M090U1ArSTVnaDUrM0pMSlhsTVAzcC9XRlc2aXRBU1hrbDgyUXdlc0ZINm1JOTZyUkdpUGl2Q1Vvd2ViRXNLYXMwWlBDVXVScHBJKzQyQnZhWDBZUUs4eXVEU2F3REtPcWhXTDJXcElEZWd3V0VKTWxTZkhaVmF3ZGp2VkhwTDZpV1dCTlR1VUJZQmpqMVFjY1FSTVdBOFd2UnJhUVp3Z3IraTZEYTBCeGZ2RFlvTDd6eEUxRldoU0w1Wkl4WjdFYnBsc0RZSzdLOVRRWEF4aEI3UGpRb3phVnRBY3dqSkVETHVVQ2NIbUJRPT0='>Tov\u00e1bbiak bet\u00f6lt\u00e9se<\/a><\/div><\/div>\t\t\t\t<\/div>\n\t\t\t\t\t<\/div>\n\t\t<\/div>\n\t\t\t\t\t<\/div>\n\t\t<\/section>\n\t\t\t\t<\/div>","protected":false},"excerpt":{"rendered":"<p>Szakmai egyeztet\u00e9s a modern sert\u00e9start\u00e1sr\u00f3l A Sano Agrar Institut sert\u00e9stelep\u00e9n tartottunk szakmai napokat partnereinknek, ahol megismerkedhettek az \u00fczem m\u0171k\u00f6d\u00e9s\u00e9vel, az alkalmazott m\u00f3dszerekkel \u00e9s a takarm\u00e1nyoz\u00e1si koncepci\u00f3val. A vend\u00e9gek r\u00e9szt&#8230; 2023.11.30. Sano Agrar Institut &#8211; Az els\u0151 7 h\u00f3nap A Sano Agrar Institut sert\u00e9start\u00f3 mintagazdas\u00e1ga a Sano csoport kutat\u00e1s-fejleszt\u00e9si k\u00f6zpontja, ahol kiemelt hangs\u00falyt fektet\u00fcnk a sert\u00e9s [&hellip;]<\/p>\n","protected":false},"author":1,"featured_media":0,"parent":0,"menu_order":0,"comment_status":"closed","ping_status":"closed","template":"","meta":{"footnotes":""},"class_list":["post-336","page","type-page","status-publish","hentry"],"_links":{"self":[{"href":"https:\/\/sano-agrar.hu\/en\/wp-json\/wp\/v2\/pages\/336","targetHints":{"allow":["GET"]}}],"collection":[{"href":"https:\/\/sano-agrar.hu\/en\/wp-json\/wp\/v2\/pages"}],"about":[{"href":"https:\/\/sano-agrar.hu\/en\/wp-json\/wp\/v2\/types\/page"}],"author":[{"embeddable":true,"href":"https:\/\/sano-agrar.hu\/en\/wp-json\/wp\/v2\/users\/1"}],"replies":[{"embeddable":true,"href":"https:\/\/sano-agrar.hu\/en\/wp-json\/wp\/v2\/comments?post=336"}],"version-history":[{"count":4,"href":"https:\/\/sano-agrar.hu\/en\/wp-json\/wp\/v2\/pages\/336\/revisions"}],"predecessor-version":[{"id":4083,"href":"https:\/\/sano-agrar.hu\/en\/wp-json\/wp\/v2\/pages\/336\/revisions\/4083"}],"wp:attachment":[{"href":"https:\/\/sano-agrar.hu\/en\/wp-json\/wp\/v2\/media?parent=336"}],"curies":[{"name":"wp","href":"https:\/\/api.w.org\/{rel}","templated":true}]}}