{"id":162,"date":"2023-02-15T11:49:14","date_gmt":"2023-02-15T10:49:14","guid":{"rendered":"https:\/\/sano-agrar.hu\/?page_id=162"},"modified":"2026-03-05T15:52:32","modified_gmt":"2026-03-05T14:52:32","slug":"fooldal","status":"publish","type":"page","link":"https:\/\/sano-agrar.hu\/en\/","title":{"rendered":"F\u0151oldal"},"content":{"rendered":"<div data-elementor-type=\"wp-page\" data-elementor-id=\"162\" class=\"elementor elementor-162\" data-elementor-post-type=\"page\">\n\t\t\t\t<div class=\"elementor-element elementor-element-228e61fb e-flex e-con-boxed e-con e-parent\" data-id=\"228e61fb\" data-element_type=\"container\" data-e-type=\"container\">\n\t\t\t\t\t<div class=\"e-con-inner\">\n\t\t<div class=\"elementor-element elementor-element-6d6f3220 e-con-full e-flex e-con e-child\" data-id=\"6d6f3220\" data-element_type=\"container\" data-e-type=\"container\" data-settings=\"{&quot;background_background&quot;:&quot;classic&quot;}\">\n\t\t\t\t<div class=\"elementor-element elementor-element-771b0f08 elementor-widget elementor-widget-spacer\" data-id=\"771b0f08\" data-element_type=\"widget\" data-e-type=\"widget\" data-widget_type=\"spacer.default\">\n\t\t\t\t<div class=\"elementor-widget-container\">\n\t\t\t\t\t\t\t<div class=\"elementor-spacer\">\n\t\t\t<div class=\"elementor-spacer-inner\"><\/div>\n\t\t<\/div>\n\t\t\t\t\t\t<\/div>\n\t\t\t\t<\/div>\n\t\t\t\t<\/div>\n\t\t\t\t\t<\/div>\n\t\t\t\t<\/div>\n\t\t<div class=\"elementor-element elementor-element-ab3b273 e-flex e-con-boxed e-con e-parent\" data-id=\"ab3b273\" data-element_type=\"container\" data-e-type=\"container\" data-settings=\"{&quot;background_background&quot;:&quot;classic&quot;}\">\n\t\t\t\t\t<div class=\"e-con-inner\">\n\t\t<div class=\"elementor-element elementor-element-eb4d743 e-con-full e-flex e-con e-child\" data-id=\"eb4d743\" data-element_type=\"container\" data-e-type=\"container\" data-settings=\"{&quot;background_background&quot;:&quot;classic&quot;}\">\n\t\t\t\t<div class=\"elementor-element elementor-element-005d6c8 elementor-widget elementor-widget-heading\" data-id=\"005d6c8\" data-element_type=\"widget\" data-e-type=\"widget\" data-widget_type=\"heading.default\">\n\t\t\t\t<div class=\"elementor-widget-container\">\n\t\t\t\t\t<h1 class=\"elementor-heading-title elementor-size-default\">A Sano Agrar Institut-r\u00f3l<\/h1>\t\t\t\t<\/div>\n\t\t\t\t<\/div>\n\t\t\t\t<div class=\"elementor-element elementor-element-de22b46 elementor-widget elementor-widget-text-editor\" data-id=\"de22b46\" data-element_type=\"widget\" data-e-type=\"widget\" data-widget_type=\"text-editor.default\">\n\t\t\t\t<div class=\"elementor-widget-container\">\n\t\t\t\t\t\t\t\t\t<p>A Sano Agrar Institut sert\u00e9start\u00f3 mintagazdas\u00e1ga a Sano csoport kutat\u00e1s-fejleszt\u00e9si k\u00f6zpontja, ahol kiemelt hangs\u00falyt fektet\u00fcnk a sert\u00e9s takarm\u00e1nyok kiterjedt gyakorlati tesztel\u00e9s\u00e9re \u00e9s tov\u00e1bbfejleszt\u00e9s\u00e9re. K\u00eds\u00e9rletek \u00e9s tanulm\u00e1nyokat v\u00e9gz\u00fcnk \u00faj term\u00e9kek \u00e9s takarm\u00e1nyoz\u00e1si koncepci\u00f3k kidolgoz\u00e1sa \u00e9rdek\u00e9ben. K\u00fcldet\u00e9s\u00fcnknek tekintj\u00fck a sert\u00e9steny\u00e9szt\u00e9s \u00fajradefini\u00e1l\u00e1s\u00e1t: az \u00e1llatj\u00f3l\u00e9t, a fenntarthat\u00f3s\u00e1g \u00e9s a hat\u00e9konys\u00e1g \u00f6tv\u00f6z\u00e9s\u00e9vel. Modern takarm\u00e1nyoz\u00e1si technol\u00f3gi\u00e1nk teljes digitaliz\u00e1ci\u00f3val forradalmas\u00edtja az \u00e1llatteny\u00e9szt\u00e9s j\u00f6v\u0151j\u00e9t.<\/p>\t\t\t\t\t\t\t\t<\/div>\n\t\t\t\t<\/div>\n\t\t\t\t<div class=\"elementor-element elementor-element-4db31f2 elementor-widget elementor-widget-tp-button\" data-id=\"4db31f2\" data-element_type=\"widget\" data-e-type=\"widget\" data-widget_type=\"tp-button.default\">\n\t\t\t\t<div class=\"elementor-widget-container\">\n\t\t\t\t\t<div class=\"pt-plus-button-wrapper   text-left\"><div class=\"button_parallax\" ><div id=\"button69fb2a9a81883\"  class=\"text-left ts-button content_hover_effect\" ><div class=\"pt_plus_button btn69fb2a9a813ed button-style-1\"  ><div class=\"animted-content-inner\"><a href=\"https:\/\/sano-agrar.hu\/en\/rolunk\/\" class=\"button-link-wrap\" role=\"button\" data-hover=\"B\u0151vebben\"  ><i class=\"btn-icon button-before fa fa-chevron-right\"><\/i>B\u0151vebben<div class=\"button_line\"><\/div><\/a><\/div><\/div><\/div><\/div><\/div>\t\t\t\t<\/div>\n\t\t\t\t<\/div>\n\t\t\t\t<\/div>\n\t\t\t\t\t<\/div>\n\t\t\t\t<\/div>\n\t\t<div class=\"elementor-element elementor-element-52ac14b e-flex e-con-boxed e-con e-parent\" data-id=\"52ac14b\" data-element_type=\"container\" data-e-type=\"container\" data-settings=\"{&quot;background_background&quot;:&quot;classic&quot;}\">\n\t\t\t\t\t<div class=\"e-con-inner\">\n\t\t<div class=\"elementor-element elementor-element-82a630e e-con-full e-flex e-con e-child\" data-id=\"82a630e\" data-element_type=\"container\" data-e-type=\"container\" data-settings=\"{&quot;background_background&quot;:&quot;classic&quot;}\">\n\t\t\t\t<div class=\"elementor-element elementor-element-7c68bda elementor-widget elementor-widget-heading\" data-id=\"7c68bda\" data-element_type=\"widget\" data-e-type=\"widget\" data-widget_type=\"heading.default\">\n\t\t\t\t<div class=\"elementor-widget-container\">\n\t\t\t\t\t<h2 class=\"elementor-heading-title elementor-size-default\">H\u00edrek<\/h2>\t\t\t\t<\/div>\n\t\t\t\t<\/div>\n\t\t\t\t<div class=\"theplus-equal-height elementor-element elementor-element-7f3b08f elementor-widget elementor-widget-tp-blog-listout\" data-tp-equal-height-loadded=\".blog-list-content\" data-id=\"7f3b08f\" data-element_type=\"widget\" data-e-type=\"widget\" data-widget_type=\"tp-blog-listout.default\">\n\t\t\t\t\t<div id=\"pt-plus-blog-post-list\" class=\"blog-list post69fb2a9a8c849  list-isotope  blog-style-2 hover-image-style-1 layout-style-2\"  data-layout-type=\"fitRows\"   data-id=\"post69fb2a9a8c849\" data-style=\"style-2\"   dir= \"data-enable-isotope=\"1\"\" filter-type = \"normal\"><div id=\"post69fb2a9a8c849\" class=\"tp-row post-inner-loop post69fb2a9a8c849 text-left\" data-extparam= '{\"loading-opt\":\"skeleton\",\"URL-para\":\"\"}'  ><div class=\"grid-item metro-item  tp-col-lg-4 tp-col-md-4 tp-col-sm-12 tp-col-12\"><article id=\"post-4001\" class=\"post-4001 post type-post status-publish format-standard has-post-thumbnail hentry category-hirek-aktualitasok\">\n\t<div class=\"blog-list-content\">\n\t\t\t\t<div class=\"post-content-image\">\n\t\t\t<a href=\"https:\/\/sano-agrar.hu\/en\/precizios-sertestartas-testkozelbol-telt-hazas-szakmai-nap-a-sano-agrar-institutban\/\">\n\t\t\t\t\t<div class=\"blog-featured-image\">\n\t<span class=\"thumb-wrap\">\n\t\t<img fetchpriority=\"high\" decoding=\"async\" width=\"768\" height=\"512\" src=\"https:\/\/sano-agrar.hu\/wp-content\/uploads\/2026\/02\/6-hirek-precizios-rendezveny-1-768x512.jpg\" class=\"attachment-medium_large size-medium_large\" alt=\"\" srcset=\"https:\/\/sano-agrar.hu\/wp-content\/uploads\/2026\/02\/6-hirek-precizios-rendezveny-1-768x512.jpg 768w, https:\/\/sano-agrar.hu\/wp-content\/uploads\/2026\/02\/6-hirek-precizios-rendezveny-1-300x200.jpg 300w, https:\/\/sano-agrar.hu\/wp-content\/uploads\/2026\/02\/6-hirek-precizios-rendezveny-1-1280x853.jpg 1280w, https:\/\/sano-agrar.hu\/wp-content\/uploads\/2026\/02\/6-hirek-precizios-rendezveny-1-1536x1024.jpg 1536w, https:\/\/sano-agrar.hu\/wp-content\/uploads\/2026\/02\/6-hirek-precizios-rendezveny-1-18x12.jpg 18w, https:\/\/sano-agrar.hu\/wp-content\/uploads\/2026\/02\/6-hirek-precizios-rendezveny-1.jpg 1920w\" sizes=\"(max-width: 768px) 100vw, 768px\" \/>\t<\/span>\n\t<\/div>\n\t\t\t<\/a>\n\t\t\t\t\t<\/div>\n\t\t\t\t<div class=\"post-content-bottom\">\n\t\t\t\t\t\t<div class=\"post-metro-content\">\n\t\t\t\t<h3 class=\"post-title\">\n\t<a href=\"https:\/\/sano-agrar.hu\/en\/precizios-sertestartas-testkozelbol-telt-hazas-szakmai-nap-a-sano-agrar-institutban\/\" class=\"normal\">Prec\u00edzi\u00f3s sert\u00e9start\u00e1s testk\u00f6zelb\u0151l \u2013 telt h\u00e1zas szakmai nap a Sano Agrar Institutban<\/a>\n<\/h3>\n\t\t\t\t\t\t\t\t\t<div class=\"post-hover-content\">\n\t\t\t\t\t\t<div class=\"entry-content\">\n\t<p>A Magyar Prec\u00edzi\u00f3s \u00c1llattart\u00e1s\u00e9rt Egyes\u00fclet (MAP\u00c1E) legut\u00f3bbi szakmai napj\u00e1nak a Sano Agrar Institut adott otthont, ahol a prec\u00edzi\u00f3s sert\u00e9start\u00e1s leg\u00fajabb technol\u00f3gi\u00e1i ker\u00fcltek f\u00f3kuszba. A...<\/p>\n<\/div>\n\t\t\t\t\t<\/div>\n\t\t\t\t\t\t\t\t\t\t\t\t\t<div class=\"post-meta-info style-2\"><span class=\"meta-date\"><a href=\"https:\/\/sano-agrar.hu\/en\/precizios-sertestartas-testkozelbol-telt-hazas-szakmai-nap-a-sano-agrar-institutban\/\"><span class=\"entry-date\">2025.10.29.<\/span><\/a><\/span>\n<\/div>\t\t\t\t\t\t\t<\/div>\n\t\t<\/div>\n\t\t\t\t\t<\/div>\n<\/article>\n<\/div><div class=\"grid-item metro-item  tp-col-lg-4 tp-col-md-4 tp-col-sm-12 tp-col-12\"><article id=\"post-3993\" class=\"post-3993 post type-post status-publish format-standard has-post-thumbnail hentry category-hirek-aktualitasok\">\n\t<div class=\"blog-list-content\">\n\t\t\t\t<div class=\"post-content-image\">\n\t\t\t<a href=\"https:\/\/sano-agrar.hu\/en\/a-smart-farming-gazdalkodas-utat-tor-maganak\/\">\n\t\t\t\t\t<div class=\"blog-featured-image\">\n\t<span class=\"thumb-wrap\">\n\t\t<img decoding=\"async\" width=\"710\" height=\"396\" src=\"https:\/\/sano-agrar.hu\/wp-content\/uploads\/2026\/02\/6-hirek-smart-farming.jpg\" class=\"attachment-medium_large size-medium_large\" alt=\"\" srcset=\"https:\/\/sano-agrar.hu\/wp-content\/uploads\/2026\/02\/6-hirek-smart-farming.jpg 710w, https:\/\/sano-agrar.hu\/wp-content\/uploads\/2026\/02\/6-hirek-smart-farming-300x167.jpg 300w, https:\/\/sano-agrar.hu\/wp-content\/uploads\/2026\/02\/6-hirek-smart-farming-18x10.jpg 18w\" sizes=\"(max-width: 710px) 100vw, 710px\" \/>\t<\/span>\n\t<\/div>\n\t\t\t<\/a>\n\t\t\t\t\t<\/div>\n\t\t\t\t<div class=\"post-content-bottom\">\n\t\t\t\t\t\t<div class=\"post-metro-content\">\n\t\t\t\t<h3 class=\"post-title\">\n\t<a href=\"https:\/\/sano-agrar.hu\/en\/a-smart-farming-gazdalkodas-utat-tor-maganak\/\" class=\"normal\">A smart farming gazd\u00e1lkod\u00e1s utat t\u00f6r mag\u00e1nak<\/a>\n<\/h3>\n\t\t\t\t\t\t\t\t\t<div class=\"post-hover-content\">\n\t\t\t\t\t\t<div class=\"entry-content\">\n\t<p>Az innovat\u00edv kameratechnol\u00f3gia \u00e9s a mesters\u00e9ges intelligencia a j\u00f6v\u0151ben akt\u00edvan fogja t\u00e1mogatni a telepi szem\u00e9lyzetet a probl\u00e9m\u00e1k felismer\u00e9s\u00e9ben. A Sano Agrar Institutban a Serket-tech...<\/p>\n<\/div>\n\t\t\t\t\t<\/div>\n\t\t\t\t\t\t\t\t\t\t\t\t\t<div class=\"post-meta-info style-2\"><span class=\"meta-date\"><a href=\"https:\/\/sano-agrar.hu\/en\/a-smart-farming-gazdalkodas-utat-tor-maganak\/\"><span class=\"entry-date\">2025.03.21.<\/span><\/a><\/span>\n<\/div>\t\t\t\t\t\t\t<\/div>\n\t\t<\/div>\n\t\t\t\t\t<\/div>\n<\/article>\n<\/div><div class=\"grid-item metro-item  tp-col-lg-4 tp-col-md-4 tp-col-sm-12 tp-col-12\"><article id=\"post-3982\" class=\"post-3982 post type-post status-publish format-standard has-post-thumbnail hentry category-hirek-aktualitasok\">\n\t<div class=\"blog-list-content\">\n\t\t\t\t<div class=\"post-content-image\">\n\t\t\t<a href=\"https:\/\/sano-agrar.hu\/en\/performance-dijjal-ismertek-el-a-sertestelep-szakmai-munkajat\/\">\n\t\t\t\t\t<div class=\"blog-featured-image\">\n\t<span class=\"thumb-wrap\">\n\t\t<img decoding=\"async\" width=\"768\" height=\"614\" src=\"https:\/\/sano-agrar.hu\/wp-content\/uploads\/2026\/02\/6-hirek-performance-dij-768x614.jpg\" class=\"attachment-medium_large size-medium_large\" alt=\"\" srcset=\"https:\/\/sano-agrar.hu\/wp-content\/uploads\/2026\/02\/6-hirek-performance-dij-768x614.jpg 768w, https:\/\/sano-agrar.hu\/wp-content\/uploads\/2026\/02\/6-hirek-performance-dij-300x240.jpg 300w, https:\/\/sano-agrar.hu\/wp-content\/uploads\/2026\/02\/6-hirek-performance-dij-1280x1024.jpg 1280w, https:\/\/sano-agrar.hu\/wp-content\/uploads\/2026\/02\/6-hirek-performance-dij-15x12.jpg 15w, https:\/\/sano-agrar.hu\/wp-content\/uploads\/2026\/02\/6-hirek-performance-dij.jpg 1350w\" sizes=\"(max-width: 768px) 100vw, 768px\" \/>\t<\/span>\n\t<\/div>\n\t\t\t<\/a>\n\t\t\t\t\t<\/div>\n\t\t\t\t<div class=\"post-content-bottom\">\n\t\t\t\t\t\t<div class=\"post-metro-content\">\n\t\t\t\t<h3 class=\"post-title\">\n\t<a href=\"https:\/\/sano-agrar.hu\/en\/performance-dijjal-ismertek-el-a-sertestelep-szakmai-munkajat\/\" class=\"normal\">Performance d\u00edjjal ismert\u00e9k el a sert\u00e9stelep szakmai munk\u00e1j\u00e1t<\/a>\n<\/h3>\n\t\t\t\t\t\t\t\t\t<div class=\"post-hover-content\">\n\t\t\t\t\t\t<div class=\"entry-content\">\n\t<p>A Sano Agrar Institut sz\u00e1kszendi sert\u00e9start\u00f3 mintagazdas\u00e1g szakmai munk\u00e1j\u00e1t a 2024-ben el\u00e9rt kiv\u00e1l\u00f3 szaporod\u00e1sbiol\u00f3giai eredm\u00e9nyei\u00e9rt a Topigs Norsvin K\u00f6z\u00e9p-Eur\u00f3pai Sert\u00e9snapon Performance d\u00edjjal ismert\u00e9k el,...<\/p>\n<\/div>\n\t\t\t\t\t<\/div>\n\t\t\t\t\t\t\t\t\t\t\t\t\t<div class=\"post-meta-info style-2\"><span class=\"meta-date\"><a href=\"https:\/\/sano-agrar.hu\/en\/performance-dijjal-ismertek-el-a-sertestelep-szakmai-munkajat\/\"><span class=\"entry-date\">2024.11.18.<\/span><\/a><\/span>\n<\/div>\t\t\t\t\t\t\t<\/div>\n\t\t<\/div>\n\t\t\t\t\t<\/div>\n<\/article>\n<\/div><\/div><\/div>\t\t\t\t<\/div>\n\t\t\t\t<\/div>\n\t\t\t\t\t<\/div>\n\t\t\t\t<\/div>\n\t\t<div class=\"elementor-element elementor-element-39aac41 e-flex e-con-boxed e-con e-parent\" data-id=\"39aac41\" data-element_type=\"container\" data-e-type=\"container\">\n\t\t\t\t\t<div class=\"e-con-inner\">\n\t\t<div class=\"elementor-element elementor-element-e003187 e-con-full e-flex e-con e-child\" data-id=\"e003187\" data-element_type=\"container\" data-e-type=\"container\">\n\t\t\t\t<div class=\"elementor-element elementor-element-879e18b elementor-widget elementor-widget-tp-gallery-listout\" data-id=\"879e18b\" data-element_type=\"widget\" data-e-type=\"widget\" data-widget_type=\"tp-gallery-listout.default\">\n\t\t\t\t<div class=\"elementor-widget-container\">\n\t\t\t\t\t<div id=\"pt-plus-gallery-list\" class=\"gallery-list post69fb2a9a9262f  list-isotope  gallery-style-3 hover-image-style-1  tp-gal-fc\"  data-layout-type=\"masonry\"   data-id=\"post69fb2a9a9262f\" data-style=\"style-3\"   dir= \"data-enable-isotope=\"1\"\"><div id=\"post69fb2a9a9262f\" class=\"tp-row post-inner-loop post69fb2a9a9262f\"><div class=\"grid-item metro-item0 tp-col-lg-4 tp-col-md-4 tp-col-sm-12 tp-col-12\"  ><div>\n\t\t<a href=\"https:\/\/sano-agrar.hu\/en\/sertestenyesztes\/malacneveles\/\"   class=\"gallery-list-content\" >\n\t\t\t\t<div class=\"post-content-image\">\n\t\t\n<div class=\"gallery-image\">\n\t<span class=\"thumb-wrap\">\n\t\t<img loading=\"lazy\" decoding=\"async\" width=\"768\" height=\"586\" src=\"https:\/\/sano-agrar.hu\/wp-content\/uploads\/2024\/02\/387x295-malacneveles-768x586.jpg\" class=\"attachment-medium_large size-medium_large\" alt=\"Malacnevel\u00e9s\" srcset=\"https:\/\/sano-agrar.hu\/wp-content\/uploads\/2024\/02\/387x295-malacneveles-768x586.jpg 768w, https:\/\/sano-agrar.hu\/wp-content\/uploads\/2024\/02\/387x295-malacneveles-300x229.jpg 300w, https:\/\/sano-agrar.hu\/wp-content\/uploads\/2024\/02\/387x295-malacneveles-16x12.jpg 16w, https:\/\/sano-agrar.hu\/wp-content\/uploads\/2024\/02\/387x295-malacneveles.jpg 806w\" sizes=\"(max-width: 768px) 100vw, 768px\" \/>\t<\/span>\n<\/div>\n\t<\/div>\n\t\t\t<div class=\"post-content-center\">\n\t\t<div class=\"post-hover-content\">\n\t\t\t<div class=\"meta-search-icon\">\n\t\t\t<div ><i aria-hidden=\"true\" class=\"fas fa-external-link-alt\"><\/i><\/div>\n\t<\/div>\n\t\t\t\t\t\t\n<h3 class=\"post-title\">\n\t\n\t\t\t\t<div>\n\t\t\t\t\t\t\t<\/div>\n\t\t\n<\/h3>\n\t\t\t\t\t<\/div>\n\t<\/div>\n\t<\/a>\n<\/div>\n<\/div><div class=\"grid-item metro-item0 tp-col-lg-4 tp-col-md-4 tp-col-sm-12 tp-col-12\"  ><div>\n\t\t<a href=\"https:\/\/sano-agrar.hu\/en\/sertestenyesztes\/kocatartas\/\"   class=\"gallery-list-content\" >\n\t\t\t\t<div class=\"post-content-image\">\n\t\t\n<div class=\"gallery-image\">\n\t<span class=\"thumb-wrap\">\n\t\t<img loading=\"lazy\" decoding=\"async\" width=\"768\" height=\"586\" src=\"https:\/\/sano-agrar.hu\/wp-content\/uploads\/2026\/02\/387x295-kocatartas-768x586.jpg\" class=\"attachment-medium_large size-medium_large\" alt=\"\" srcset=\"https:\/\/sano-agrar.hu\/wp-content\/uploads\/2026\/02\/387x295-kocatartas-768x586.jpg 768w, https:\/\/sano-agrar.hu\/wp-content\/uploads\/2026\/02\/387x295-kocatartas-300x229.jpg 300w, https:\/\/sano-agrar.hu\/wp-content\/uploads\/2026\/02\/387x295-kocatartas-16x12.jpg 16w, https:\/\/sano-agrar.hu\/wp-content\/uploads\/2026\/02\/387x295-kocatartas.jpg 806w\" sizes=\"(max-width: 768px) 100vw, 768px\" \/>\t<\/span>\n<\/div>\n\t<\/div>\n\t\t\t<div class=\"post-content-center\">\n\t\t<div class=\"post-hover-content\">\n\t\t\t<div class=\"meta-search-icon\">\n\t\t\t<div ><i aria-hidden=\"true\" class=\"fas fa-external-link-alt\"><\/i><\/div>\n\t<\/div>\n\t\t\t\t\t\t\n<h3 class=\"post-title\">\n\t\n\t\t\t\t<div>\n\t\t\t\t\t\t\t<\/div>\n\t\t\n<\/h3>\n\t\t\t\t\t<\/div>\n\t<\/div>\n\t<\/a>\n<\/div>\n<\/div><div class=\"grid-item metro-item0 tp-col-lg-4 tp-col-md-4 tp-col-sm-12 tp-col-12\"  ><div>\n\t\t<a href=\"https:\/\/sano-agrar.hu\/en\/sertestenyesztes\/sertes-hizlalas\/\"   class=\"gallery-list-content\" >\n\t\t\t\t<div class=\"post-content-image\">\n\t\t\n<div class=\"gallery-image\">\n\t<span class=\"thumb-wrap\">\n\t\t<img loading=\"lazy\" decoding=\"async\" width=\"768\" height=\"586\" src=\"https:\/\/sano-agrar.hu\/wp-content\/uploads\/2024\/02\/387x295-sertes-hizlalas-768x586.jpg\" class=\"attachment-medium_large size-medium_large\" alt=\"Sert\u00e9s hizlal\u00e1s\" srcset=\"https:\/\/sano-agrar.hu\/wp-content\/uploads\/2024\/02\/387x295-sertes-hizlalas-768x586.jpg 768w, https:\/\/sano-agrar.hu\/wp-content\/uploads\/2024\/02\/387x295-sertes-hizlalas-300x229.jpg 300w, https:\/\/sano-agrar.hu\/wp-content\/uploads\/2024\/02\/387x295-sertes-hizlalas-16x12.jpg 16w, https:\/\/sano-agrar.hu\/wp-content\/uploads\/2024\/02\/387x295-sertes-hizlalas.jpg 806w\" sizes=\"(max-width: 768px) 100vw, 768px\" \/>\t<\/span>\n<\/div>\n\t<\/div>\n\t\t\t<div class=\"post-content-center\">\n\t\t<div class=\"post-hover-content\">\n\t\t\t<div class=\"meta-search-icon\">\n\t\t\t<div ><i aria-hidden=\"true\" class=\"fas fa-external-link-alt\"><\/i><\/div>\n\t<\/div>\n\t\t\t\t\t\t\n<h3 class=\"post-title\">\n\t\n\t\t\t\t<div>\n\t\t\t\t\t\t\t<\/div>\n\t\t\n<\/h3>\n\t\t\t\t\t<\/div>\n\t<\/div>\n\t<\/a>\n<\/div>\n<\/div><\/div><\/div>\t\t\t\t<\/div>\n\t\t\t\t<\/div>\n\t\t\t\t<\/div>\n\t\t\t\t\t<\/div>\n\t\t\t\t<\/div>\n\t\t\t\t<\/div>","protected":false},"excerpt":{"rendered":"<p>A Sano Agrar Institut-r\u00f3l A Sano Agrar Institut sert\u00e9start\u00f3 mintagazdas\u00e1ga a Sano csoport kutat\u00e1s-fejleszt\u00e9si k\u00f6zpontja, ahol kiemelt hangs\u00falyt fektet\u00fcnk a sert\u00e9s takarm\u00e1nyok kiterjedt gyakorlati tesztel\u00e9s\u00e9re \u00e9s tov\u00e1bbfejleszt\u00e9s\u00e9re. K\u00eds\u00e9rletek \u00e9s tanulm\u00e1nyokat v\u00e9gz\u00fcnk \u00faj term\u00e9kek \u00e9s takarm\u00e1nyoz\u00e1si koncepci\u00f3k kidolgoz\u00e1sa \u00e9rdek\u00e9ben. K\u00fcldet\u00e9s\u00fcnknek tekintj\u00fck a sert\u00e9steny\u00e9szt\u00e9s \u00fajradefini\u00e1l\u00e1s\u00e1t: az \u00e1llatj\u00f3l\u00e9t, a fenntarthat\u00f3s\u00e1g \u00e9s a hat\u00e9konys\u00e1g \u00f6tv\u00f6z\u00e9s\u00e9vel. Modern takarm\u00e1nyoz\u00e1si technol\u00f3gi\u00e1nk teljes [&hellip;]<\/p>\n","protected":false},"author":1,"featured_media":2866,"parent":0,"menu_order":2,"comment_status":"closed","ping_status":"closed","template":"","meta":{"footnotes":""},"class_list":["post-162","page","type-page","status-publish","has-post-thumbnail","hentry"],"_links":{"self":[{"href":"https:\/\/sano-agrar.hu\/en\/wp-json\/wp\/v2\/pages\/162","targetHints":{"allow":["GET"]}}],"collection":[{"href":"https:\/\/sano-agrar.hu\/en\/wp-json\/wp\/v2\/pages"}],"about":[{"href":"https:\/\/sano-agrar.hu\/en\/wp-json\/wp\/v2\/types\/page"}],"author":[{"embeddable":true,"href":"https:\/\/sano-agrar.hu\/en\/wp-json\/wp\/v2\/users\/1"}],"replies":[{"embeddable":true,"href":"https:\/\/sano-agrar.hu\/en\/wp-json\/wp\/v2\/comments?post=162"}],"version-history":[{"count":4,"href":"https:\/\/sano-agrar.hu\/en\/wp-json\/wp\/v2\/pages\/162\/revisions"}],"predecessor-version":[{"id":4114,"href":"https:\/\/sano-agrar.hu\/en\/wp-json\/wp\/v2\/pages\/162\/revisions\/4114"}],"wp:featuredmedia":[{"embeddable":true,"href":"https:\/\/sano-agrar.hu\/en\/wp-json\/wp\/v2\/media\/2866"}],"wp:attachment":[{"href":"https:\/\/sano-agrar.hu\/en\/wp-json\/wp\/v2\/media?parent=162"}],"curies":[{"name":"wp","href":"https:\/\/api.w.org\/{rel}","templated":true}]}}