{"id":94,"date":"2024-02-12T10:20:04","date_gmt":"2024-02-12T09:20:04","guid":{"rendered":"https:\/\/sano-agrar.hu\/?page_id=94"},"modified":"2026-03-05T14:40:33","modified_gmt":"2026-03-05T13:40:33","slug":"kocatartas","status":"publish","type":"page","link":"https:\/\/sano-agrar.hu\/de\/sertestenyesztes\/kocatartas\/","title":{"rendered":"Kocatart\u00e1s"},"content":{"rendered":"<div data-elementor-type=\"wp-page\" data-elementor-id=\"94\" class=\"elementor elementor-94\" data-elementor-post-type=\"page\">\n\t\t\t\t\t\t<section class=\"elementor-section elementor-top-section elementor-element elementor-element-f72008c elementor-section-boxed elementor-section-height-default elementor-section-height-default\" data-id=\"f72008c\" data-element_type=\"section\" data-e-type=\"section\">\n\t\t\t\t\t\t<div class=\"elementor-container elementor-column-gap-default\">\n\t\t\t\t\t<div class=\"elementor-column elementor-col-100 elementor-top-column elementor-element elementor-element-c9c784c\" data-id=\"c9c784c\" data-element_type=\"column\" data-e-type=\"column\">\n\t\t\t<div class=\"elementor-widget-wrap elementor-element-populated\">\n\t\t\t\t\t\t\t<\/div>\n\t\t<\/div>\n\t\t\t\t\t<\/div>\n\t\t<\/section>\n\t\t<div class=\"elementor-element elementor-element-ccb50f6 e-flex e-con-boxed e-con e-parent\" data-id=\"ccb50f6\" data-element_type=\"container\" data-e-type=\"container\">\n\t\t\t\t\t<div class=\"e-con-inner\">\n\t\t<div class=\"elementor-element elementor-element-db3f5f0 e-con-full e-flex e-con e-child\" data-id=\"db3f5f0\" data-element_type=\"container\" data-e-type=\"container\">\n\t\t\t\t<div class=\"elementor-element elementor-element-3108e71 elementor-widget elementor-widget-text-editor\" data-id=\"3108e71\" data-element_type=\"widget\" data-e-type=\"widget\" data-widget_type=\"text-editor.default\">\n\t\t\t\t<div class=\"elementor-widget-container\">\n\t\t\t\t\t\t\t\t\t<p>A Sano Agrar Institut mintagazdas\u00e1g\u00e1ban a kocatart\u00e1s alapja a tudatosan fel\u00e9p\u00edtett technol\u00f3gia \u00e9s a prec\u00edzen szab\u00e1lyozott, f\u00e1zisokra bontott takarm\u00e1nyoz\u00e1s. A teny\u00e9szkoca teljes\u00edtm\u00e9nyciklusa n\u00e9gy, egym\u00e1st\u00f3l j\u00f3l elk\u00fcl\u00f6n\u00edthet\u0151 szakaszra oszlik, amelyek mindegyik\u00e9ben kulcsfontoss\u00e1g\u00fa a kiegyens\u00falyozott energia-, feh\u00e9rje-, \u00e1sv\u00e1nyianyag-, nyomelem- \u00e9s vitaminell\u00e1t\u00e1s. B\u00e1rmely hi\u00e1ny vagy t\u00falk\u00edn\u00e1lat k\u00f6zvetlen\u00fcl rontja a koc\u00e1k eg\u00e9szs\u00e9gi \u00e1llapot\u00e1t, cs\u00f6kkenti a termel\u00e9si mutat\u00f3kat, ler\u00f6vid\u00edti a hasznos \u00e9lettartamot, \u00e9s v\u00e9gs\u0151 soron a gazdas\u00e1g j\u00f6vedelmez\u0151s\u00e9g\u00e9t is vesz\u00e9lyezteti.<\/p><p>A nem megfelel\u0151 takarm\u00e1nyoz\u00e1s hat\u00e1s\u00e1ra romlik a takarm\u00e1nyfelv\u00e9tel, cs\u00f6kkenhet a m\u00e9hen bel\u00fcli magzatfejl\u0151d\u00e9s, kisebb sz\u00fclet\u00e9si s\u00faly\u00fa malacok sz\u00fcletnek, sz\u00e9ls\u0151s\u00e9ges esetben pedig a koca tejtermel\u00e9se is le\u00e1llhat, ami jelent\u0151sen n\u00f6veli a malacvesztes\u00e9get. A Sano kocatakarm\u00e1nyoz\u00e1si program c\u00e9lja ezeknek a kock\u00e1zatoknak a minimaliz\u00e1l\u00e1sa \u00e9s a koc\u00e1k maxim\u00e1lis genetikai potenci\u00e1lj\u00e1nak kihaszn\u00e1l\u00e1sa.<\/p>\t\t\t\t\t\t\t\t<\/div>\n\t\t\t\t<\/div>\n\t\t\t\t<\/div>\n\t\t<div class=\"elementor-element elementor-element-44728c7 e-con-full e-flex e-con e-child\" data-id=\"44728c7\" data-element_type=\"container\" data-e-type=\"container\">\n\t\t\t\t<div class=\"elementor-element elementor-element-012f162 elementor-widget elementor-widget-theme-post-featured-image elementor-widget-image\" data-id=\"012f162\" data-element_type=\"widget\" data-e-type=\"widget\" data-widget_type=\"theme-post-featured-image.default\">\n\t\t\t\t<div class=\"elementor-widget-container\">\n\t\t\t\t\t\t\t\t\t\t\t\t\t\t\t\t<a href=\"https:\/\/sano-agrar.hu\/wp-content\/uploads\/2026\/02\/23-kocatartas.jpg\" data-elementor-open-lightbox=\"yes\" data-elementor-lightbox-title=\"Kocatart\u00e1s\" data-e-action-hash=\"#elementor-action%3Aaction%3Dlightbox%26settings%3DeyJpZCI6MzU2NywidXJsIjoiaHR0cHM6XC9cL3Nhbm8tYWdyYXIuaHVcL3dwLWNvbnRlbnRcL3VwbG9hZHNcLzIwMjZcLzAyXC8yMy1rb2NhdGFydGFzLmpwZyJ9\">\n\t\t\t\t\t\t\t<img fetchpriority=\"high\" decoding=\"async\" width=\"768\" height=\"545\" src=\"https:\/\/sano-agrar.hu\/wp-content\/uploads\/2026\/02\/23-kocatartas-768x545.jpg\" class=\"attachment-medium_large size-medium_large wp-image-3567\" alt=\"\" srcset=\"https:\/\/sano-agrar.hu\/wp-content\/uploads\/2026\/02\/23-kocatartas-768x545.jpg 768w, https:\/\/sano-agrar.hu\/wp-content\/uploads\/2026\/02\/23-kocatartas-300x213.jpg 300w, https:\/\/sano-agrar.hu\/wp-content\/uploads\/2026\/02\/23-kocatartas-18x12.jpg 18w, https:\/\/sano-agrar.hu\/wp-content\/uploads\/2026\/02\/23-kocatartas.jpg 1199w\" sizes=\"(max-width: 768px) 100vw, 768px\" \/>\t\t\t\t\t\t\t\t<\/a>\n\t\t\t\t\t\t\t\t\t\t\t\t\t\t\t<\/div>\n\t\t\t\t<\/div>\n\t\t\t\t<\/div>\n\t\t\t\t\t<\/div>\n\t\t\t\t<\/div>\n\t\t<div class=\"elementor-element elementor-element-26503a0 e-flex e-con-boxed e-con e-parent\" data-id=\"26503a0\" data-element_type=\"container\" data-e-type=\"container\" data-settings=\"{&quot;background_background&quot;:&quot;classic&quot;}\">\n\t\t\t\t\t<div class=\"e-con-inner\">\n\t\t<div class=\"elementor-element elementor-element-9a618e1 e-flex e-con-boxed e-con e-child\" data-id=\"9a618e1\" data-element_type=\"container\" data-e-type=\"container\">\n\t\t\t\t\t<div class=\"e-con-inner\">\n\t\t\t\t<div class=\"elementor-element elementor-element-e470e6e elementor-widget elementor-widget-text-editor\" data-id=\"e470e6e\" data-element_type=\"widget\" data-e-type=\"widget\" data-widget_type=\"text-editor.default\">\n\t\t\t\t<div class=\"elementor-widget-container\">\n\t\t\t\t\t\t\t\t\t<h4>\u00c1llom\u00e1nykezel\u00e9s<\/h4><p>A telep <strong>1250 koca f\u00e9r\u0151hellyel<\/strong> rendelkezik. Saj\u00e1t teny\u00e9szt\u00e9s nincs, a kocas\u00fcld\u0151-ut\u00e1np\u00f3tl\u00e1s v\u00e1s\u00e1rl\u00e1ssal t\u00f6rt\u00e9nik. Az \u00e9rkez\u0151 s\u00fcld\u0151k minden esetben egy k\u00fcl\u00f6n erre a c\u00e9lra kialak\u00edtott karant\u00e9nist\u00e1ll\u00f3ba ker\u00fclnek, ahol megt\u00f6rt\u00e9nik a beszoktat\u00e1s adapt\u00e1ci\u00f3ja, az eg\u00e9szs\u00e9g\u00fcgyi program v\u00e9grehajt\u00e1sa \u00e9s az \u00e1llom\u00e1nyba t\u00f6rt\u00e9n\u0151 z\u00f6kken\u0151mentes integr\u00e1ci\u00f3 el\u0151k\u00e9sz\u00edt\u00e9se.<\/p>\t\t\t\t\t\t\t\t<\/div>\n\t\t\t\t<\/div>\n\t\t\t\t\t<\/div>\n\t\t\t\t<\/div>\n\t\t\t\t\t<\/div>\n\t\t\t\t<\/div>\n\t\t<div class=\"elementor-element elementor-element-9282019 e-flex e-con-boxed e-con e-parent\" data-id=\"9282019\" data-element_type=\"container\" data-e-type=\"container\">\n\t\t\t\t\t<div class=\"e-con-inner\">\n\t\t<div class=\"elementor-element elementor-element-93897c9 e-flex e-con-boxed e-con e-child\" data-id=\"93897c9\" data-element_type=\"container\" data-e-type=\"container\">\n\t\t\t\t\t<div class=\"e-con-inner\">\n\t\t\t\t<div class=\"elementor-element elementor-element-0676e82 elementor-widget elementor-widget-text-editor\" data-id=\"0676e82\" data-element_type=\"widget\" data-e-type=\"widget\" data-widget_type=\"text-editor.default\">\n\t\t\t\t<div class=\"elementor-widget-container\">\n\t\t\t\t\t\t\t\t\t<h4>Eg\u00e9szs\u00e9g\u00fcgyi program<\/h4><p>A reprodukci\u00f3s biztons\u00e1g \u00e9s az alomv\u00e9delem \u00e9rdek\u00e9ben egys\u00e9ges, k\u00f6vetkezetes vakcin\u00e1z\u00e1si programot alkalmazunk:<\/p><ul><li>E.coli vakcin\u00e1z\u00e1s:<ul><li>kocas\u00fcld\u0151k eset\u00e9n a vemhess\u00e9g 70. \u00e9s 90. napj\u00e1n<\/li><li>koca eset\u00e9n a vemhess\u00e9g 90. napj\u00e1n<\/li><\/ul><\/li><li>Parvov\u00edrus: term\u00e9keny\u00edt\u00e9s el\u0151tt 2 h\u00e9ttel<\/li><li>Circov\u00edrus: term\u00e9keny\u00edt\u00e9s el\u0151tt 1 h\u00e9ttel<\/li><\/ul><p><br \/>Ez a rendszer biztos\u00edtja a koc\u00e1k j\u00f3 immunst\u00e1tusz\u00e1t \u00e9s a malacok megfelel\u0151 passz\u00edv v\u00e9delm\u00e9t a fial\u00e1s ut\u00e1ni id\u0151szakban.<\/p>\t\t\t\t\t\t\t\t<\/div>\n\t\t\t\t<\/div>\n\t\t\t\t\t<\/div>\n\t\t\t\t<\/div>\n\t\t\t\t\t<\/div>\n\t\t\t\t<\/div>\n\t\t<div class=\"elementor-element elementor-element-02f45c9 e-flex e-con-boxed e-con e-parent\" data-id=\"02f45c9\" data-element_type=\"container\" data-e-type=\"container\" data-settings=\"{&quot;background_background&quot;:&quot;classic&quot;}\">\n\t\t\t\t\t<div class=\"e-con-inner\">\n\t\t<div class=\"elementor-element elementor-element-4e4a3e0 e-flex e-con-boxed e-con e-child\" data-id=\"4e4a3e0\" data-element_type=\"container\" data-e-type=\"container\">\n\t\t\t\t\t<div class=\"e-con-inner\">\n\t\t\t\t<div class=\"elementor-element elementor-element-0c5e3c7 elementor-widget elementor-widget-text-editor\" data-id=\"0c5e3c7\" data-element_type=\"widget\" data-e-type=\"widget\" data-widget_type=\"text-editor.default\">\n\t\t\t\t<div class=\"elementor-widget-container\">\n\t\t\t\t\t\t\t\t\t<h4>V\u00e1laszt\u00e1s, ivarz\u00e1s \u00e9s term\u00e9keny\u00edt\u00e9s<\/h4><p>A malacokat cs\u00fct\u00f6rt\u00f6k\u00f6n v\u00e1lasztjuk el, ezt k\u00f6vet\u0151en a koc\u00e1k a vemhes\u00edt\u0151 ist\u00e1ll\u00f3ba ker\u00fclnek. Az ivarz\u00e1s meg\u00e1llap\u00edt\u00e1s\u00e1hoz keres\u0151 kanokat haszn\u00e1lunk, jelenleg <strong>3 db keres\u0151 kan<\/strong> \u00e1ll rendelkez\u00e9sre a telepen. A term\u00e9keny\u00edt\u00e9s az ivarz\u00e1st\u00f3l f\u00fcgg\u0151en \u00e1ltal\u00e1ban h\u00e9tf\u0151n t\u00f6rt\u00e9nik el\u0151sz\u00f6r, majd 24 \u00f3r\u00e1val k\u00e9s\u0151bb ism\u00e9telj\u00fck.<br \/>A v\u00e1laszt\u00e1st k\u00f6vet\u0151 els\u0151 5 napban f\u00e9nyprogramot alkalmazunk, amely seg\u00edti az ivarz\u00e1s id\u0151beni \u00e9s egys\u00e9ges jelentkez\u00e9s\u00e9t. A v\u00e1laszt\u00e1s ut\u00e1n m\u00e1r a 4. napon a koc\u00e1k <strong>60\u201365%-a ivarzik<\/strong>, ehhez a peri\u00f3dushoz szinkroniz\u00e1ljuk a p\u00f3tl\u00e1sra \u00e9rkez\u0151 kocas\u00fcld\u0151ket is, \u00edgy a term\u00e9keny\u00edt\u00e9s 3 nap alatt lezajlik. Az ultrahangos vemhess\u00e9gvizsg\u00e1lat rutinszer\u0171en t\u00f6rt\u00e9nik a vemhess\u00e9g 26-28 napj\u00e1n, <strong>a vemhes\u00fcl\u00e9si ar\u00e1ny 98% felett van.<\/strong><br \/>A telepen jelenleg <strong>DanBred<\/strong> sperm\u00e1val dolgozunk, ugyanakkor a technol\u00f3gia lehet\u0151s\u00e9get ad m\u00e1s genetikai vonalak tesztel\u00e9s\u00e9re is.<\/p>\t\t\t\t\t\t\t\t<\/div>\n\t\t\t\t<\/div>\n\t\t\t\t\t<\/div>\n\t\t\t\t<\/div>\n\t\t\t\t\t<\/div>\n\t\t\t\t<\/div>\n\t\t<div class=\"elementor-element elementor-element-1ec486c e-flex e-con-boxed e-con e-parent\" data-id=\"1ec486c\" data-element_type=\"container\" data-e-type=\"container\">\n\t\t\t\t\t<div class=\"e-con-inner\">\n\t\t<div class=\"elementor-element elementor-element-8fef9ef e-con-full e-flex e-con e-child\" data-id=\"8fef9ef\" data-element_type=\"container\" data-e-type=\"container\">\n\t\t\t\t<div class=\"elementor-element elementor-element-a783715 elementor-widget elementor-widget-image\" data-id=\"a783715\" data-element_type=\"widget\" data-e-type=\"widget\" data-widget_type=\"image.default\">\n\t\t\t\t<div class=\"elementor-widget-container\">\n\t\t\t\t\t\t\t\t\t\t\t\t\t\t\t\t<a href=\"https:\/\/sano-agrar.hu\/wp-content\/uploads\/2026\/02\/23-kocatartas-kocaszallas.jpg\" data-elementor-open-lightbox=\"yes\" data-elementor-lightbox-title=\"Kocatart\u00e1s, kocasz\u00e1ll\u00e1s\" data-e-action-hash=\"#elementor-action%3Aaction%3Dlightbox%26settings%3DeyJpZCI6MzU2OSwidXJsIjoiaHR0cHM6XC9cL3Nhbm8tYWdyYXIuaHVcL3dwLWNvbnRlbnRcL3VwbG9hZHNcLzIwMjZcLzAyXC8yMy1rb2NhdGFydGFzLWtvY2FzemFsbGFzLmpwZyJ9\">\n\t\t\t\t\t\t\t<img decoding=\"async\" width=\"768\" height=\"576\" src=\"https:\/\/sano-agrar.hu\/wp-content\/uploads\/2026\/02\/23-kocatartas-kocaszallas-768x576.jpg\" class=\"attachment-medium_large size-medium_large wp-image-3569\" alt=\"\" srcset=\"https:\/\/sano-agrar.hu\/wp-content\/uploads\/2026\/02\/23-kocatartas-kocaszallas-768x576.jpg 768w, https:\/\/sano-agrar.hu\/wp-content\/uploads\/2026\/02\/23-kocatartas-kocaszallas-300x225.jpg 300w, https:\/\/sano-agrar.hu\/wp-content\/uploads\/2026\/02\/23-kocatartas-kocaszallas-1280x960.jpg 1280w, https:\/\/sano-agrar.hu\/wp-content\/uploads\/2026\/02\/23-kocatartas-kocaszallas-16x12.jpg 16w, https:\/\/sano-agrar.hu\/wp-content\/uploads\/2026\/02\/23-kocatartas-kocaszallas.jpg 1440w\" sizes=\"(max-width: 768px) 100vw, 768px\" \/>\t\t\t\t\t\t\t\t<\/a>\n\t\t\t\t\t\t\t\t\t\t\t\t\t\t\t<\/div>\n\t\t\t\t<\/div>\n\t\t\t\t<\/div>\n\t\t<div class=\"elementor-element elementor-element-62ce3d4 e-con-full e-flex e-con e-child\" data-id=\"62ce3d4\" data-element_type=\"container\" data-e-type=\"container\">\n\t\t\t\t<div class=\"elementor-element elementor-element-f10f121 elementor-widget elementor-widget-text-editor\" data-id=\"f10f121\" data-element_type=\"widget\" data-e-type=\"widget\" data-widget_type=\"text-editor.default\">\n\t\t\t\t<div class=\"elementor-widget-container\">\n\t\t\t\t\t\t\t\t\t<h4>Vemhess\u00e9g \u2013 kocasz\u00e1ll\u00e1s<\/h4><p>A koc\u00e1k \u00f6sszesen <strong>28 napot t\u00f6ltenek a vemhes\u00edt\u0151ben<\/strong>, majd a kocasz\u00e1ll\u00e1sra ker\u00fclnek, ahol a fial\u00e1s el\u0151tti id\u0151szakban megt\u00f6rt\u00e9nik az \u00e1llom\u00e1ny egys\u00e9ges kond\u00edci\u00f3szintre t\u00f6rt\u00e9n\u0151 be\u00e1ll\u00edt\u00e1sa. Egy l\u00e9gt\u00e9rben <strong>720 koca<\/strong> ker\u00fcl elhelyez\u00e9sre <strong>egyedi \u00e1ll\u00e1sokban<\/strong>. A takarm\u00e1nyoz\u00e1s t\u00e9rfogatadagol\u00f3val szab\u00e1lyozott, a v\u00edzell\u00e1t\u00e1s <strong>AquaLevel<\/strong> itat\u00f3rendszerrel t\u00f6rt\u00e9nik.<br \/>A vemhess\u00e9g alatti takarm\u00e1nyoz\u00e1s c\u00e9lja az optim\u00e1lis testkond\u00edci\u00f3 meg\u0151rz\u00e9se, a magzatok megfelel\u0151 fejl\u0151d\u00e9se, valamint az em\u00e9szt\u0151rendszer felk\u00e9sz\u00edt\u00e9se a nagy ig\u00e9nybev\u00e9telt jelent\u0151 szoptat\u00e1si szakaszra. A vemhess\u00e9g utols\u00f3 harmad\u00e1ban a magzatok intenz\u00edv n\u00f6veked\u00e9se miatt k\u00fcl\u00f6n\u00f6sen fontos a pontos fejadag-szab\u00e1lyoz\u00e1s.<\/p><p>A koca vonalon <strong>5 k\u00fcl\u00f6nb\u00f6z\u0151 takarm\u00e1nyt<\/strong> alkalmazunk:<\/p><ul><li><strong>V\u00e1laszt\u00e1s ut\u00e1n flushing t\u00e1p (<a href=\"https:\/\/sano.hu\/S51261000-HU-susan-trag\" target=\"_blank\" rel=\"noopener\">Susan Trag\u00ae<\/a>)<\/strong>, amelyet a kocas\u00fcld\u0151kn\u00e9l is haszn\u00e1lunk term\u00e9keny\u00edt\u00e9s el\u0151tt<\/li><li><strong>Vemhes kocat\u00e1p 1\u201330 napig (<a href=\"https:\/\/sano.hu\/S51261000-HU-susan-trag\" target=\"_blank\" rel=\"noopener\">Susan Trag\u00ae<\/a><\/strong><strong>)<\/strong>, kond\u00edci\u00f3f\u00fcgg\u0151 fejadagol\u00e1ssal<\/li><li><strong>Vemhes kocat\u00e1p 30\u2013110 napig (<a href=\"https:\/\/sano.hu\/S51261000-HU-susan-trag\" target=\"_blank\" rel=\"noopener\">Susan Trag\u00ae<\/a>)<\/strong>, a vemhess\u00e9gi id\u0151 \u00e9s a kond\u00edci\u00f3 alapj\u00e1n m\u00f3dos\u00edtott adagokkal<\/li><li><strong>Tranz\u00edci\u00f3s t\u00e1p a fiaztat\u00f3ban (<a href=\"https:\/\/sano.hu\/S51271000-HU-susan-lac\" target=\"_blank\" rel=\"noopener\">Susan Lac\u00ae<\/a>)<\/strong><\/li><li><strong>Szoptat\u00f3 kocat\u00e1p (<a href=\"https:\/\/sano.hu\/S51271000-HU-susan-lac\" target=\"_blank\" rel=\"noopener\">Susan Lac\u00ae<\/a>)<\/strong><\/li><\/ul><p><br \/>A term\u00e9keny\u00edt\u0151ben \u00e9s a csoportos kocasz\u00e1ll\u00e1son az etet\u00e9s <strong>ny\u00edlt v\u00edzfel\u00fclet\u0171 v\u00e1ly\u00fa<\/strong>b\u00f3l t\u00f6rt\u00e9nik, <strong>egyedi fejadagok<\/strong>kal. Az etet\u0151 rendszer lehet\u0151v\u00e9 teszi, hogy k\u00e9t heti csoportok k\u00fcl\u00f6nb\u00f6z\u0151 recept\u00far\u00e1j\u00fa takarm\u00e1nyt kapjanak, ami k\u00fcl\u00f6n\u00f6sen fontos a takarm\u00e1nyoz\u00e1si k\u00eds\u00e9rletek sor\u00e1n.<\/p>\t\t\t\t\t\t\t\t<\/div>\n\t\t\t\t<\/div>\n\t\t\t\t<\/div>\n\t\t\t\t\t<\/div>\n\t\t\t\t<\/div>\n\t\t<div class=\"elementor-element elementor-element-e4dff6f e-flex e-con-boxed e-con e-parent\" data-id=\"e4dff6f\" data-element_type=\"container\" data-e-type=\"container\" data-settings=\"{&quot;background_background&quot;:&quot;classic&quot;}\">\n\t\t\t\t\t<div class=\"e-con-inner\">\n\t\t<div class=\"elementor-element elementor-element-42db296 e-con-full e-flex e-con e-child\" data-id=\"42db296\" data-element_type=\"container\" data-e-type=\"container\">\n\t\t\t\t<div class=\"elementor-element elementor-element-0eb7f0a elementor-widget elementor-widget-text-editor\" data-id=\"0eb7f0a\" data-element_type=\"widget\" data-e-type=\"widget\" data-widget_type=\"text-editor.default\">\n\t\t\t\t<div class=\"elementor-widget-container\">\n\t\t\t\t\t\t\t\t\t<h4>Szoptat\u00e1s \u2013 fiaztat\u00f3<\/h4><p>A koc\u00e1k fial\u00e1s el\u0151tt 5 nappal ker\u00fclnek \u00e1t a fiaztat\u00f3ba. Vas\u00e1rnap t\u00f6rt\u00e9nik a koc\u00e1k f\u00fcr\u00f6szt\u00e9se \u00e9s betelep\u00edt\u00e9se, a fial\u00e1sok cs\u00fct\u00f6rt\u00f6kt\u0151l vas\u00e1rnapig zajlanak. A fial\u00e1si d\u00f6mping idej\u00e9n folyamatos, nappali \u00e9s \u00e9jszakai fel\u00fcgyelet biztos\u00edtott. <strong>A fial\u00e1si ar\u00e1ny 96 %.<\/strong><br \/>A fiaztat\u00f3ban <strong>Air Feed etet\u0151rendszer<\/strong> m\u0171k\u00f6dik. Az <strong>etet\u00e9s napi 4 alkalommal<\/strong>, nedves-dar\u00e1s form\u00e1ban t\u00f6rt\u00e9nik. A betelep\u00edt\u00e9st\u0151l a fial\u00e1s ut\u00e1ni 2. napig a koc\u00e1k tranz\u00edci\u00f3s takarm\u00e1nyt kapnak, majd a 3. napt\u00f3l szoptat\u00f3 kocat\u00e1pra v\u00e1ltunk. Mindk\u00e9t t\u00e1pban Susan Lac premixet haszn\u00e1lunk. A takarm\u00e1nyoz\u00e1s egy el\u0151re fel\u00e9p\u00edtett takarm\u00e1nyoz\u00e1si g\u00f6rbe szerint t\u00f6rt\u00e9nik, amelynek maximuma <strong>8,5 kg\/nap<\/strong>, ezt k\u00f6r\u00fclbel\u00fcl <strong>12 nap alatt<\/strong> \u00e9rj\u00fck el. Az adagokat minden esetben az egyedi ig\u00e9nyekhez igaz\u00edtjuk.<br \/>A rendszer egyik legnagyobb el\u0151nye, hogy <strong>minden koca egyedileg etethet\u0151<\/strong>, s\u0151t ak\u00e1r soronk\u00e9nt vagy egyedenk\u00e9nt elt\u00e9r\u0151 \u00f6sszet\u00e9tel\u0171 takarm\u00e1ny is kijuttathat\u00f3, ami a k\u00eds\u00e9rleti \u00e9s fejleszt\u00e9si munk\u00e1k sor\u00e1n kiemelt jelent\u0151s\u00e9g\u0171.<\/p>\t\t\t\t\t\t\t\t<\/div>\n\t\t\t\t<\/div>\n\t\t\t\t<\/div>\n\t\t<div class=\"elementor-element elementor-element-4924c8f e-con-full e-flex e-con e-child\" data-id=\"4924c8f\" data-element_type=\"container\" data-e-type=\"container\">\n\t\t\t\t<div class=\"elementor-element elementor-element-61eabed elementor-widget elementor-widget-image\" data-id=\"61eabed\" data-element_type=\"widget\" data-e-type=\"widget\" data-widget_type=\"image.default\">\n\t\t\t\t<div class=\"elementor-widget-container\">\n\t\t\t\t\t\t\t\t\t\t\t\t\t\t\t\t<a href=\"https:\/\/sano-agrar.hu\/wp-content\/uploads\/2026\/02\/23-kocatartas-fiaztato.jpg\" data-elementor-open-lightbox=\"yes\" data-elementor-lightbox-title=\"Kocatart\u00e1s, fiaztat\u00f3\" data-e-action-hash=\"#elementor-action%3Aaction%3Dlightbox%26settings%3DeyJpZCI6MzU2OCwidXJsIjoiaHR0cHM6XC9cL3Nhbm8tYWdyYXIuaHVcL3dwLWNvbnRlbnRcL3VwbG9hZHNcLzIwMjZcLzAyXC8yMy1rb2NhdGFydGFzLWZpYXp0YXRvLmpwZyJ9\">\n\t\t\t\t\t\t\t<img decoding=\"async\" width=\"768\" height=\"512\" src=\"https:\/\/sano-agrar.hu\/wp-content\/uploads\/2026\/02\/23-kocatartas-fiaztato-768x512.jpg\" class=\"attachment-medium_large size-medium_large wp-image-3568\" alt=\"\" srcset=\"https:\/\/sano-agrar.hu\/wp-content\/uploads\/2026\/02\/23-kocatartas-fiaztato-768x512.jpg 768w, https:\/\/sano-agrar.hu\/wp-content\/uploads\/2026\/02\/23-kocatartas-fiaztato-300x200.jpg 300w, https:\/\/sano-agrar.hu\/wp-content\/uploads\/2026\/02\/23-kocatartas-fiaztato-1280x853.jpg 1280w, https:\/\/sano-agrar.hu\/wp-content\/uploads\/2026\/02\/23-kocatartas-fiaztato-1536x1024.jpg 1536w, https:\/\/sano-agrar.hu\/wp-content\/uploads\/2026\/02\/23-kocatartas-fiaztato-18x12.jpg 18w, https:\/\/sano-agrar.hu\/wp-content\/uploads\/2026\/02\/23-kocatartas-fiaztato.jpg 1620w\" sizes=\"(max-width: 768px) 100vw, 768px\" \/>\t\t\t\t\t\t\t\t<\/a>\n\t\t\t\t\t\t\t\t\t\t\t\t\t\t\t<\/div>\n\t\t\t\t<\/div>\n\t\t\t\t<\/div>\n\t\t\t\t\t<\/div>\n\t\t\t\t<\/div>\n\t\t<div class=\"elementor-element elementor-element-889a439 e-flex e-con-boxed e-con e-parent\" data-id=\"889a439\" data-element_type=\"container\" data-e-type=\"container\">\n\t\t\t\t\t<div class=\"e-con-inner\">\n\t\t<div class=\"elementor-element elementor-element-bd4a8d1 e-flex e-con-boxed e-con e-child\" data-id=\"bd4a8d1\" data-element_type=\"container\" data-e-type=\"container\">\n\t\t\t\t\t<div class=\"e-con-inner\">\n\t\t\t\t<div class=\"elementor-element elementor-element-87e63e6 elementor-widget elementor-widget-text-editor\" data-id=\"87e63e6\" data-element_type=\"widget\" data-e-type=\"widget\" data-widget_type=\"text-editor.default\">\n\t\t\t\t<div class=\"elementor-widget-container\">\n\t\t\t\t\t\t\t\t\t<h4>Teny\u00e9szkoca takarm\u00e1nyoz\u00e1si koncepci\u00f3<\/h4><p>A Sano koca takarm\u00e1nyoz\u00e1si programja a gyakorlatban bizony\u00edtja, hogy a prec\u00edz menedzsment, az egyedre szabott takarm\u00e1nyoz\u00e1s \u00e9s a stabil technol\u00f3gia egy\u00fcttese hossz\u00fa t\u00e1von is magas termel\u00e9si sz\u00ednvonalat \u00e9s gazdas\u00e1gos \u00fczemel\u00e9st biztos\u00edt.<\/p><p><strong>Szeretne t\u00f6bbet megtudni? T\u00f6ltse le a Sano ingyenes teny\u00e9szkoca takarm\u00e1nyoz\u00e1si koncepci\u00f3j\u00e1t most!<\/strong><\/p>\t\t\t\t\t\t\t\t<\/div>\n\t\t\t\t<\/div>\n\t\t\t\t<div class=\"elementor-element elementor-element-d834efd elementor-widget elementor-widget-tp-advanced-buttons\" data-id=\"d834efd\" data-element_type=\"widget\" data-e-type=\"widget\" data-widget_type=\"tp-advanced-buttons.default\">\n\t\t\t\t<div class=\"elementor-widget-container\">\n\t\t\t\t\t<div class=\"pt-plus-adv-button-wrapper\" ><div id=\"advbutton69e6fa0a66ad0\" class=\"pt_plus_adv_button  ab-download  tp_download_st_5   dba_left\"  data-dfname=\"download\"><a href=\"https:\/\/sano.hu\/koca-es-malac-takarmanyozasi-koncepcio\" target=\"_blank\" class=\"adv-button-link-wrap\" role=\"button\" download=\"download\">Let\u00f6lt\u00e9s<span class=\"icon-wrap\"><i class=\"icon-download\"><\/i><\/span><\/a><div class=\"tp-meter\"><span class=\"tp-meter-progress\"><\/span><\/div><\/div><\/div>\t\t\t\t<\/div>\n\t\t\t\t<\/div>\n\t\t\t\t\t<\/div>\n\t\t\t\t<\/div>\n\t\t\t\t\t<\/div>\n\t\t\t\t<\/div>\n\t\t\t\t<\/div>","protected":false},"excerpt":{"rendered":"<p>A Sano Agrar Institut mintagazdas\u00e1g\u00e1ban a kocatart\u00e1s alapja a tudatosan fel\u00e9p\u00edtett technol\u00f3gia \u00e9s a prec\u00edzen szab\u00e1lyozott, f\u00e1zisokra bontott takarm\u00e1nyoz\u00e1s. A teny\u00e9szkoca teljes\u00edtm\u00e9nyciklusa n\u00e9gy, egym\u00e1st\u00f3l j\u00f3l elk\u00fcl\u00f6n\u00edthet\u0151 szakaszra oszlik, amelyek mindegyik\u00e9ben kulcsfontoss\u00e1g\u00fa a kiegyens\u00falyozott energia-, feh\u00e9rje-, \u00e1sv\u00e1nyianyag-, nyomelem- \u00e9s vitaminell\u00e1t\u00e1s. B\u00e1rmely hi\u00e1ny vagy t\u00falk\u00edn\u00e1lat k\u00f6zvetlen\u00fcl rontja a koc\u00e1k eg\u00e9szs\u00e9gi \u00e1llapot\u00e1t, cs\u00f6kkenti a termel\u00e9si mutat\u00f3kat, ler\u00f6vid\u00edti a [&hellip;]<\/p>\n","protected":false},"author":1,"featured_media":3567,"parent":642,"menu_order":2,"comment_status":"closed","ping_status":"closed","template":"","meta":{"footnotes":""},"class_list":["post-94","page","type-page","status-publish","has-post-thumbnail","hentry"],"_links":{"self":[{"href":"https:\/\/sano-agrar.hu\/de\/wp-json\/wp\/v2\/pages\/94","targetHints":{"allow":["GET"]}}],"collection":[{"href":"https:\/\/sano-agrar.hu\/de\/wp-json\/wp\/v2\/pages"}],"about":[{"href":"https:\/\/sano-agrar.hu\/de\/wp-json\/wp\/v2\/types\/page"}],"author":[{"embeddable":true,"href":"https:\/\/sano-agrar.hu\/de\/wp-json\/wp\/v2\/users\/1"}],"replies":[{"embeddable":true,"href":"https:\/\/sano-agrar.hu\/de\/wp-json\/wp\/v2\/comments?post=94"}],"version-history":[{"count":4,"href":"https:\/\/sano-agrar.hu\/de\/wp-json\/wp\/v2\/pages\/94\/revisions"}],"predecessor-version":[{"id":4067,"href":"https:\/\/sano-agrar.hu\/de\/wp-json\/wp\/v2\/pages\/94\/revisions\/4067"}],"up":[{"embeddable":true,"href":"https:\/\/sano-agrar.hu\/de\/wp-json\/wp\/v2\/pages\/642"}],"wp:featuredmedia":[{"embeddable":true,"href":"https:\/\/sano-agrar.hu\/de\/wp-json\/wp\/v2\/media\/3567"}],"wp:attachment":[{"href":"https:\/\/sano-agrar.hu\/de\/wp-json\/wp\/v2\/media?parent=94"}],"curies":[{"name":"wp","href":"https:\/\/api.w.org\/{rel}","templated":true}]}}