{"id":893,"date":"2024-02-12T10:49:53","date_gmt":"2024-02-12T09:49:53","guid":{"rendered":"https:\/\/sano-agrar.hu\/?page_id=893"},"modified":"2026-02-24T00:04:40","modified_gmt":"2026-02-23T23:04:40","slug":"impresszum","status":"publish","type":"page","link":"https:\/\/sano-agrar.hu\/de\/impresszum\/","title":{"rendered":"Impresszum"},"content":{"rendered":"<div data-elementor-type=\"wp-page\" data-elementor-id=\"893\" class=\"elementor elementor-893\" data-elementor-post-type=\"page\">\n\t\t\t\t\t\t<section class=\"elementor-section elementor-top-section elementor-element elementor-element-fc77c33 elementor-section-boxed elementor-section-height-default elementor-section-height-default\" data-id=\"fc77c33\" data-element_type=\"section\" data-e-type=\"section\">\n\t\t\t\t\t\t<div class=\"elementor-container elementor-column-gap-default\">\n\t\t\t\t\t<div class=\"elementor-column elementor-col-100 elementor-top-column elementor-element elementor-element-deda859\" data-id=\"deda859\" data-element_type=\"column\" data-e-type=\"column\">\n\t\t\t<div class=\"elementor-widget-wrap elementor-element-populated\">\n\t\t\t\t\t\t\t<\/div>\n\t\t<\/div>\n\t\t\t\t\t<\/div>\n\t\t<\/section>\n\t\t\t\t<section class=\"elementor-section elementor-top-section elementor-element elementor-element-2f9a46e elementor-section-boxed elementor-section-height-default elementor-section-height-default\" data-id=\"2f9a46e\" data-element_type=\"section\" data-e-type=\"section\">\n\t\t\t\t\t\t<div class=\"elementor-container elementor-column-gap-default\">\n\t\t\t\t\t<div class=\"elementor-column elementor-col-100 elementor-top-column elementor-element elementor-element-5dd3833\" data-id=\"5dd3833\" data-element_type=\"column\" data-e-type=\"column\">\n\t\t\t<div class=\"elementor-widget-wrap elementor-element-populated\">\n\t\t\t\t\t\t<div class=\"elementor-element elementor-element-b115c58 elementor-widget elementor-widget-text-editor\" data-id=\"b115c58\" data-element_type=\"widget\" data-e-type=\"widget\" data-widget_type=\"text-editor.default\">\n\t\t\t\t<div class=\"elementor-widget-container\">\n\t\t\t\t\t\t\t\t\t<p><strong>Kiad\u00f3:<\/strong><br \/>Sano Agrar Institut-SmartPorcNutrition Kft.<br \/>2856 Sz\u00e1kszend, K\u00fcls\u0151 major 055\/22. hrsz.<br \/>Telefon: +36 30\u00a0949 9305<br \/>E-Mail: info@sano-agrar.hu<\/p><div><div><p>Ad\u00f3sz\u00e1m: 26649485-2-11<br \/>C\u00e9gjegyz\u00e9ksz\u00e1m: 11-09-026728, vezetve a Tatab\u00e1nyai T\u00f6rv\u00e9nysz\u00e9k C\u00e9gb\u00edr\u00f3s\u00e1g\u00e1n<\/p><\/div><\/div><div><div><p>Mindennem\u0171 tartalom \u00e9s egy\u00e9b inform\u00e1ci\u00f3k felhaszn\u00e1l\u00e1sa a Sano Agrar Institut-SmartPorcNutrition Kft. \u00edr\u00e1sbeli enged\u00e9lye n\u00e9lk\u00fcl tilos. Minden, ezen a honlapon felt\u00fcntetett m\u00e1rkajelz\u00e9s a mindenkori v\u00e1llalatok tulajdona. V\u00e1ltoztat\u00e1s joga fenntartva.<\/p><p>Felel\u0151ss\u00e9g: A gondos tartalmi ellen\u0151rz\u00e9s ellen\u00e9re a kapcsol\u00f3d\u00f3 k\u00fcls\u0151 linkek tartalm\u00e1t illet\u0151en nem v\u00e1llalunk felel\u0151ss\u00e9get.<\/p><\/div><\/div>\t\t\t\t\t\t\t\t<\/div>\n\t\t\t\t<\/div>\n\t\t\t\t\t<\/div>\n\t\t<\/div>\n\t\t\t\t\t<\/div>\n\t\t<\/section>\n\t\t\t\t<\/div>","protected":false},"excerpt":{"rendered":"<p>Kiad\u00f3:Sano Agrar Institut-SmartPorcNutrition Kft.2856 Sz\u00e1kszend, K\u00fcls\u0151 major 055\/22. hrsz.Telefon: +36 30\u00a0949 9305E-Mail: info@sano-agrar.hu Ad\u00f3sz\u00e1m: 26649485-2-11C\u00e9gjegyz\u00e9ksz\u00e1m: 11-09-026728, vezetve a Tatab\u00e1nyai T\u00f6rv\u00e9nysz\u00e9k C\u00e9gb\u00edr\u00f3s\u00e1g\u00e1n Mindennem\u0171 tartalom \u00e9s egy\u00e9b inform\u00e1ci\u00f3k felhaszn\u00e1l\u00e1sa a Sano Agrar Institut-SmartPorcNutrition Kft. \u00edr\u00e1sbeli enged\u00e9lye n\u00e9lk\u00fcl tilos. Minden, ezen a honlapon felt\u00fcntetett m\u00e1rkajelz\u00e9s a mindenkori v\u00e1llalatok tulajdona. V\u00e1ltoztat\u00e1s joga fenntartva. Felel\u0151ss\u00e9g: A gondos tartalmi ellen\u0151rz\u00e9s ellen\u00e9re [&hellip;]<\/p>\n","protected":false},"author":1,"featured_media":0,"parent":0,"menu_order":1,"comment_status":"closed","ping_status":"closed","template":"","meta":{"footnotes":""},"class_list":["post-893","page","type-page","status-publish","hentry"],"_links":{"self":[{"href":"https:\/\/sano-agrar.hu\/de\/wp-json\/wp\/v2\/pages\/893","targetHints":{"allow":["GET"]}}],"collection":[{"href":"https:\/\/sano-agrar.hu\/de\/wp-json\/wp\/v2\/pages"}],"about":[{"href":"https:\/\/sano-agrar.hu\/de\/wp-json\/wp\/v2\/types\/page"}],"author":[{"embeddable":true,"href":"https:\/\/sano-agrar.hu\/de\/wp-json\/wp\/v2\/users\/1"}],"replies":[{"embeddable":true,"href":"https:\/\/sano-agrar.hu\/de\/wp-json\/wp\/v2\/comments?post=893"}],"version-history":[{"count":4,"href":"https:\/\/sano-agrar.hu\/de\/wp-json\/wp\/v2\/pages\/893\/revisions"}],"predecessor-version":[{"id":4038,"href":"https:\/\/sano-agrar.hu\/de\/wp-json\/wp\/v2\/pages\/893\/revisions\/4038"}],"wp:attachment":[{"href":"https:\/\/sano-agrar.hu\/de\/wp-json\/wp\/v2\/media?parent=893"}],"curies":[{"name":"wp","href":"https:\/\/api.w.org\/{rel}","templated":true}]}}