{"id":689,"date":"2024-02-12T07:40:57","date_gmt":"2024-02-12T06:40:57","guid":{"rendered":"https:\/\/sano-agrar.hu\/?page_id=689"},"modified":"2026-03-06T09:37:22","modified_gmt":"2026-03-06T08:37:22","slug":"oktatas","status":"publish","type":"page","link":"https:\/\/sano-agrar.hu\/de\/kutatas-fejlesztes\/oktatas\/","title":{"rendered":"Oktat\u00e1s"},"content":{"rendered":"<div data-elementor-type=\"wp-page\" data-elementor-id=\"689\" class=\"elementor elementor-689\" data-elementor-post-type=\"page\">\n\t\t\t\t\t\t<section class=\"elementor-section elementor-top-section elementor-element elementor-element-c9ad9ac elementor-section-boxed elementor-section-height-default elementor-section-height-default\" data-id=\"c9ad9ac\" data-element_type=\"section\" data-e-type=\"section\">\n\t\t\t\t\t\t<div class=\"elementor-container elementor-column-gap-default\">\n\t\t\t\t\t<div class=\"elementor-column elementor-col-100 elementor-top-column elementor-element elementor-element-d9561dc\" data-id=\"d9561dc\" data-element_type=\"column\" data-e-type=\"column\">\n\t\t\t<div class=\"elementor-widget-wrap elementor-element-populated\">\n\t\t\t\t\t\t\t<\/div>\n\t\t<\/div>\n\t\t\t\t\t<\/div>\n\t\t<\/section>\n\t\t<div class=\"elementor-element elementor-element-f10ff05 e-flex e-con-boxed e-con e-parent\" data-id=\"f10ff05\" data-element_type=\"container\" data-e-type=\"container\">\n\t\t\t\t\t<div class=\"e-con-inner\">\n\t\t<div class=\"elementor-element elementor-element-6ca38f2 e-flex e-con-boxed e-con e-child\" data-id=\"6ca38f2\" data-element_type=\"container\" data-e-type=\"container\">\n\t\t\t\t\t<div class=\"e-con-inner\">\n\t\t\t\t<div class=\"elementor-element elementor-element-dc8c693 elementor-widget elementor-widget-text-editor\" data-id=\"dc8c693\" data-element_type=\"widget\" data-e-type=\"widget\" data-widget_type=\"text-editor.default\">\n\t\t\t\t<div class=\"elementor-widget-container\">\n\t\t\t\t\t\t\t\t\t<h4>Kiemelked\u0151 tud\u00e1ssal mindig l\u00e9p\u00e9sel\u0151nyben<\/h4><p>A Sano Agrar Institutn\u00e1l elk\u00f6telezettek vagyunk munkat\u00e1rsaink folyamatos k\u00e9pz\u00e9s\u00e9ben. A c\u00e9lir\u00e1nyos oktat\u00e1si \u00e9s tov\u00e1bbk\u00e9pz\u00e9si programok lehet\u0151s\u00e9get ny\u00fajtanak koll\u00e9g\u00e1inknak, hogy szakmailag \u00e9s szem\u00e9lyesen is tov\u00e1bbfejl\u0151djenek. \u00cdgy biztos\u00edtjuk, hogy munkat\u00e1rsaink rendelkezzenek a legfrissebb szakmai tud\u00e1ssal, annak \u00e9rdek\u00e9ben, hogy a mindennapi feladatok elv\u00e9gz\u00e9se k\u00f6zben ad\u00f3d\u00f3 kih\u00edv\u00e1sokra optim\u00e1lis megold\u00e1st tal\u00e1ljanak.<\/p><p>A Sano Akad\u00e9mia keret\u00e9ben gazd\u00e1lkod\u00f3 partnereinknek, \u00fcgyfeleink munkat\u00e1rsainak \u00e9s Sano keresked\u0151 partnerek r\u00e9sz\u00e9re is \u00e9rdekes tov\u00e1bbk\u00e9pz\u00e9si \u00e9s magasszint\u0171 szakmai programokat biztos\u00edt v\u00e1llalatunk. Elismert szakemberek mindig aktu\u00e1lis \u00e9s \u00e9rdekes t\u00e9m\u00e1kat mutatnak be a takarm\u00e1nyoz\u00e1s, az \u00e1llateg\u00e9szs\u00e9g\u00fcgy, a technol\u00f3gia \u00e9s a menedzsment t\u00e9mak\u00f6r\u00e9ben. Ezen tud\u00e1st\u00f6bblet felv\u00e9rtezi a programban r\u00e9sztvev\u0151ket a korszer\u0171 haszon\u00e1llattart\u00e1s kih\u00edv\u00e1saival szemben.<\/p><p>Fontos sz\u00e1munkra a j\u00f6v\u0151 gener\u00e1ci\u00f3ja, a megfelel\u0151 szakmai ut\u00e1np\u00f3tl\u00e1s k\u00e9pz\u00e9s, ez\u00e9rt a Sano Agrar Institut r\u00e9szt vesz a helyi szakk\u00e9pz\u00e9sben, valamint egy\u00fcttm\u0171k\u00f6dik a gy\u0151ri Sz\u00e9chenyi Istv\u00e1n Egyetemmel.<\/p>\t\t\t\t\t\t\t\t<\/div>\n\t\t\t\t<\/div>\n\t\t\t\t\t<\/div>\n\t\t\t\t<\/div>\n\t\t<div class=\"elementor-element elementor-element-da602bd e-flex e-con-boxed e-con e-child\" data-id=\"da602bd\" data-element_type=\"container\" data-e-type=\"container\">\n\t\t\t\t\t<div class=\"e-con-inner\">\n\t\t\t\t<div class=\"elementor-element elementor-element-4b0c1ae elementor-widget elementor-widget-theme-post-featured-image elementor-widget-image\" data-id=\"4b0c1ae\" data-element_type=\"widget\" data-e-type=\"widget\" data-widget_type=\"theme-post-featured-image.default\">\n\t\t\t\t<div class=\"elementor-widget-container\">\n\t\t\t\t\t\t\t\t\t\t\t\t\t\t\t\t<a href=\"https:\/\/sano-agrar.hu\/wp-content\/uploads\/2026\/02\/3-kf-oktatas.jpg\" data-elementor-open-lightbox=\"yes\" data-elementor-lightbox-title=\"Kutat\u00e1s-fejleszt\u00e9s - Oktat\u00e1s\" data-e-action-hash=\"#elementor-action%3Aaction%3Dlightbox%26settings%3DeyJpZCI6MzU3NCwidXJsIjoiaHR0cHM6XC9cL3Nhbm8tYWdyYXIuaHVcL3dwLWNvbnRlbnRcL3VwbG9hZHNcLzIwMjZcLzAyXC8zLWtmLW9rdGF0YXMuanBnIn0%3D\">\n\t\t\t\t\t\t\t<img fetchpriority=\"high\" decoding=\"async\" width=\"800\" height=\"600\" src=\"https:\/\/sano-agrar.hu\/wp-content\/uploads\/2026\/02\/3-kf-oktatas-1280x960.jpg\" class=\"attachment-large size-large wp-image-3574\" alt=\"\" srcset=\"https:\/\/sano-agrar.hu\/wp-content\/uploads\/2026\/02\/3-kf-oktatas-1280x960.jpg 1280w, https:\/\/sano-agrar.hu\/wp-content\/uploads\/2026\/02\/3-kf-oktatas-300x225.jpg 300w, https:\/\/sano-agrar.hu\/wp-content\/uploads\/2026\/02\/3-kf-oktatas-768x576.jpg 768w, https:\/\/sano-agrar.hu\/wp-content\/uploads\/2026\/02\/3-kf-oktatas-16x12.jpg 16w, https:\/\/sano-agrar.hu\/wp-content\/uploads\/2026\/02\/3-kf-oktatas.jpg 1440w\" sizes=\"(max-width: 800px) 100vw, 800px\" \/>\t\t\t\t\t\t\t\t<\/a>\n\t\t\t\t\t\t\t\t\t\t\t\t\t\t\t<\/div>\n\t\t\t\t<\/div>\n\t\t\t\t\t<\/div>\n\t\t\t\t<\/div>\n\t\t\t\t\t<\/div>\n\t\t\t\t<\/div>\n\t\t\t\t<\/div>","protected":false},"excerpt":{"rendered":"<p>Kiemelked\u0151 tud\u00e1ssal mindig l\u00e9p\u00e9sel\u0151nyben A Sano Agrar Institutn\u00e1l elk\u00f6telezettek vagyunk munkat\u00e1rsaink folyamatos k\u00e9pz\u00e9s\u00e9ben. A c\u00e9lir\u00e1nyos oktat\u00e1si \u00e9s tov\u00e1bbk\u00e9pz\u00e9si programok lehet\u0151s\u00e9get ny\u00fajtanak koll\u00e9g\u00e1inknak, hogy szakmailag \u00e9s szem\u00e9lyesen is tov\u00e1bbfejl\u0151djenek. \u00cdgy biztos\u00edtjuk, hogy munkat\u00e1rsaink rendelkezzenek a legfrissebb szakmai tud\u00e1ssal, annak \u00e9rdek\u00e9ben, hogy a mindennapi feladatok elv\u00e9gz\u00e9se k\u00f6zben ad\u00f3d\u00f3 kih\u00edv\u00e1sokra optim\u00e1lis megold\u00e1st tal\u00e1ljanak. A Sano Akad\u00e9mia keret\u00e9ben gazd\u00e1lkod\u00f3 [&hellip;]<\/p>\n","protected":false},"author":1,"featured_media":3574,"parent":657,"menu_order":3,"comment_status":"closed","ping_status":"closed","template":"","meta":{"footnotes":""},"class_list":["post-689","page","type-page","status-publish","has-post-thumbnail","hentry"],"_links":{"self":[{"href":"https:\/\/sano-agrar.hu\/de\/wp-json\/wp\/v2\/pages\/689","targetHints":{"allow":["GET"]}}],"collection":[{"href":"https:\/\/sano-agrar.hu\/de\/wp-json\/wp\/v2\/pages"}],"about":[{"href":"https:\/\/sano-agrar.hu\/de\/wp-json\/wp\/v2\/types\/page"}],"author":[{"embeddable":true,"href":"https:\/\/sano-agrar.hu\/de\/wp-json\/wp\/v2\/users\/1"}],"replies":[{"embeddable":true,"href":"https:\/\/sano-agrar.hu\/de\/wp-json\/wp\/v2\/comments?post=689"}],"version-history":[{"count":4,"href":"https:\/\/sano-agrar.hu\/de\/wp-json\/wp\/v2\/pages\/689\/revisions"}],"predecessor-version":[{"id":4135,"href":"https:\/\/sano-agrar.hu\/de\/wp-json\/wp\/v2\/pages\/689\/revisions\/4135"}],"up":[{"embeddable":true,"href":"https:\/\/sano-agrar.hu\/de\/wp-json\/wp\/v2\/pages\/657"}],"wp:featuredmedia":[{"embeddable":true,"href":"https:\/\/sano-agrar.hu\/de\/wp-json\/wp\/v2\/media\/3574"}],"wp:attachment":[{"href":"https:\/\/sano-agrar.hu\/de\/wp-json\/wp\/v2\/media?parent=689"}],"curies":[{"name":"wp","href":"https:\/\/api.w.org\/{rel}","templated":true}]}}