{"id":678,"date":"2023-02-12T07:10:02","date_gmt":"2023-02-12T06:10:02","guid":{"rendered":"https:\/\/sano-agrar.hu\/?page_id=678"},"modified":"2026-03-06T09:21:41","modified_gmt":"2026-03-06T08:21:41","slug":"allatjolet","status":"publish","type":"page","link":"https:\/\/sano-agrar.hu\/de\/kutatas-fejlesztes\/allatjolet\/","title":{"rendered":"\u00c1llatj\u00f3l\u00e9t"},"content":{"rendered":"<div data-elementor-type=\"wp-page\" data-elementor-id=\"678\" class=\"elementor elementor-678\" data-elementor-post-type=\"page\">\n\t\t\t\t\t\t<section class=\"elementor-section elementor-top-section elementor-element elementor-element-603c7fe elementor-section-boxed elementor-section-height-default elementor-section-height-default\" data-id=\"603c7fe\" data-element_type=\"section\" data-e-type=\"section\">\n\t\t\t\t\t\t<div class=\"elementor-container elementor-column-gap-default\">\n\t\t\t\t\t<div class=\"elementor-column elementor-col-100 elementor-top-column elementor-element elementor-element-d36a2da\" data-id=\"d36a2da\" data-element_type=\"column\" data-e-type=\"column\">\n\t\t\t<div class=\"elementor-widget-wrap elementor-element-populated\">\n\t\t\t\t\t\t\t<\/div>\n\t\t<\/div>\n\t\t\t\t\t<\/div>\n\t\t<\/section>\n\t\t<div class=\"elementor-element elementor-element-39f317c e-flex e-con-boxed e-con e-parent\" data-id=\"39f317c\" data-element_type=\"container\" data-e-type=\"container\">\n\t\t\t\t\t<div class=\"e-con-inner\">\n\t\t<div class=\"elementor-element elementor-element-539d555 e-flex e-con-boxed e-con e-child\" data-id=\"539d555\" data-element_type=\"container\" data-e-type=\"container\">\n\t\t\t\t\t<div class=\"e-con-inner\">\n\t\t\t\t<div class=\"elementor-element elementor-element-6f66f0b elementor-widget elementor-widget-text-editor\" data-id=\"6f66f0b\" data-element_type=\"widget\" data-e-type=\"widget\" data-widget_type=\"text-editor.default\">\n\t\t\t\t<div class=\"elementor-widget-container\">\n\t\t\t\t\t\t\t\t\t<h4>Nagy teljes\u00edtm\u00e9nyhez kiemelked\u0151 \u00e1llatj\u00f3l\u00e9t sz\u00fcks\u00e9ges<\/h4><p>A Sano Agrar Institut sert\u00e9start\u00f3 mintagazdas\u00e1g\u00e1ban az \u00e1llatj\u00f3l\u00e9t a technol\u00f3giai \u00e9s takarm\u00e1nyoz\u00e1si koncepci\u00f3 szerves r\u00e9sze. A korszer\u0171, modern ist\u00e1ll\u00f3k kialak\u00edt\u00e1sa minden termel\u00e9si szakaszban a sert\u00e9sek term\u00e9szetes ig\u00e9nyeihez igazodik. A telepen szab\u00e1lyozott kl\u00edm\u00e1j\u00fa \u00e9p\u00fcletek m\u0171k\u00f6dnek, ahol az optim\u00e1lis h\u0151m\u00e9rs\u00e9kletet, p\u00e1ratartalmat \u00e9s leveg\u0151min\u0151s\u00e9get korszer\u0171 szell\u0151ztet\u0151- \u00e9s elsz\u00edv\u00f3rendszerek biztos\u00edtj\u00e1k. A fiaztat\u00f3-, nevel\u0151- \u00e9s hizlal\u00f3terekben a r\u00e9szben m\u0171anyag, r\u00e9szben betonos r\u00e1csos padozat seg\u00edti a higi\u00e9nia fenntart\u00e1s\u00e1t, mik\u00f6zben a malacok sz\u00e1m\u00e1ra kialak\u00edtott b\u00fav\u00f3k \u00e9s k\u00fcl\u00f6n f\u0171t\u00f6tt pihen\u0151terek a komfort\u00e9rzetet \u00e9s a stresszmentes k\u00f6rnyezetet szolg\u00e1lj\u00e1k.<\/p><p>A sert\u00e9sek folyamatosan hozz\u00e1f\u00e9rnek a friss iv\u00f3v\u00edzhez korszer\u0171 itat\u00f3rendszereken kereszt\u00fcl, az etet\u00e9si technol\u00f3gia pedig lehet\u0151v\u00e9 teszi az egyedi vagy csoportszint\u0171, ig\u00e9nyekhez igaz\u00edtott takarm\u00e1nyadagol\u00e1st. A csoportos tart\u00e1s sor\u00e1n kiemelt figyelmet ford\u00edtunk a megfelel\u0151 f\u00e9r\u0151helyre, az egy\u00f6ntet\u0171 csoportok kialak\u00edt\u00e1s\u00e1ra \u00e9s a nyugodt \u00e1llattart\u00e1sra, ami hozz\u00e1j\u00e1rul az alacsony stresszszinthez \u00e9s a j\u00f3 eg\u00e9szs\u00e9gi \u00e1llapothoz. A folyamatos megfigyel\u00e9s, a szakszer\u0171 \u00e1llatkezel\u00e9s \u00e9s a modern technol\u00f3gia egy\u00fctt biztos\u00edtja, hogy a sert\u00e9sek j\u00f3 k\u00f6z\u00e9rzetben, eg\u00e9szs\u00e9ges k\u00f6r\u00fclm\u00e9nyek k\u00f6z\u00f6tt fejl\u0151djenek, ami nemcsak etikai, hanem termel\u00e9si \u00e9s gazdas\u00e1gi szempontb\u00f3l is alapfelt\u00e9tele a sikeres sert\u00e9start\u00e1snak.<\/p>\t\t\t\t\t\t\t\t<\/div>\n\t\t\t\t<\/div>\n\t\t\t\t\t<\/div>\n\t\t\t\t<\/div>\n\t\t<div class=\"elementor-element elementor-element-14dcc21 e-flex e-con-boxed e-con e-child\" data-id=\"14dcc21\" data-element_type=\"container\" data-e-type=\"container\">\n\t\t\t\t\t<div class=\"e-con-inner\">\n\t\t\t\t<div class=\"elementor-element elementor-element-1c09f9b elementor-widget elementor-widget-theme-post-featured-image elementor-widget-image\" data-id=\"1c09f9b\" data-element_type=\"widget\" data-e-type=\"widget\" data-widget_type=\"theme-post-featured-image.default\">\n\t\t\t\t<div class=\"elementor-widget-container\">\n\t\t\t\t\t\t\t\t\t\t\t\t\t\t\t\t<a href=\"https:\/\/sano-agrar.hu\/wp-content\/uploads\/2026\/02\/3-kf-allatjolet.jpg\" data-elementor-open-lightbox=\"yes\" data-elementor-lightbox-title=\"Kutat\u00e1s-fejleszt\u00e9s - \u00c1llatj\u00f3l\u00e9t\" data-e-action-hash=\"#elementor-action%3Aaction%3Dlightbox%26settings%3DeyJpZCI6MzU3MywidXJsIjoiaHR0cHM6XC9cL3Nhbm8tYWdyYXIuaHVcL3dwLWNvbnRlbnRcL3VwbG9hZHNcLzIwMjZcLzAyXC8zLWtmLWFsbGF0am9sZXQuanBnIn0%3D\">\n\t\t\t\t\t\t\t<img fetchpriority=\"high\" decoding=\"async\" width=\"800\" height=\"600\" src=\"https:\/\/sano-agrar.hu\/wp-content\/uploads\/2026\/02\/3-kf-allatjolet-1280x960.jpg\" class=\"attachment-large size-large wp-image-3573\" alt=\"\" srcset=\"https:\/\/sano-agrar.hu\/wp-content\/uploads\/2026\/02\/3-kf-allatjolet-1280x960.jpg 1280w, https:\/\/sano-agrar.hu\/wp-content\/uploads\/2026\/02\/3-kf-allatjolet-300x225.jpg 300w, https:\/\/sano-agrar.hu\/wp-content\/uploads\/2026\/02\/3-kf-allatjolet-768x576.jpg 768w, https:\/\/sano-agrar.hu\/wp-content\/uploads\/2026\/02\/3-kf-allatjolet-16x12.jpg 16w, https:\/\/sano-agrar.hu\/wp-content\/uploads\/2026\/02\/3-kf-allatjolet.jpg 1440w\" sizes=\"(max-width: 800px) 100vw, 800px\" \/>\t\t\t\t\t\t\t\t<\/a>\n\t\t\t\t\t\t\t\t\t\t\t\t\t\t\t<\/div>\n\t\t\t\t<\/div>\n\t\t\t\t\t<\/div>\n\t\t\t\t<\/div>\n\t\t\t\t\t<\/div>\n\t\t\t\t<\/div>\n\t\t\t\t<\/div>","protected":false},"excerpt":{"rendered":"<p>Nagy teljes\u00edtm\u00e9nyhez kiemelked\u0151 \u00e1llatj\u00f3l\u00e9t sz\u00fcks\u00e9ges A Sano Agrar Institut sert\u00e9start\u00f3 mintagazdas\u00e1g\u00e1ban az \u00e1llatj\u00f3l\u00e9t a technol\u00f3giai \u00e9s takarm\u00e1nyoz\u00e1si koncepci\u00f3 szerves r\u00e9sze. A korszer\u0171, modern ist\u00e1ll\u00f3k kialak\u00edt\u00e1sa minden termel\u00e9si szakaszban a sert\u00e9sek term\u00e9szetes ig\u00e9nyeihez igazodik. A telepen szab\u00e1lyozott kl\u00edm\u00e1j\u00fa \u00e9p\u00fcletek m\u0171k\u00f6dnek, ahol az optim\u00e1lis h\u0151m\u00e9rs\u00e9kletet, p\u00e1ratartalmat \u00e9s leveg\u0151min\u0151s\u00e9get korszer\u0171 szell\u0151ztet\u0151- \u00e9s elsz\u00edv\u00f3rendszerek biztos\u00edtj\u00e1k. A fiaztat\u00f3-, nevel\u0151- \u00e9s [&hellip;]<\/p>\n","protected":false},"author":1,"featured_media":3573,"parent":657,"menu_order":0,"comment_status":"closed","ping_status":"closed","template":"","meta":{"footnotes":""},"class_list":["post-678","page","type-page","status-publish","has-post-thumbnail","hentry"],"_links":{"self":[{"href":"https:\/\/sano-agrar.hu\/de\/wp-json\/wp\/v2\/pages\/678","targetHints":{"allow":["GET"]}}],"collection":[{"href":"https:\/\/sano-agrar.hu\/de\/wp-json\/wp\/v2\/pages"}],"about":[{"href":"https:\/\/sano-agrar.hu\/de\/wp-json\/wp\/v2\/types\/page"}],"author":[{"embeddable":true,"href":"https:\/\/sano-agrar.hu\/de\/wp-json\/wp\/v2\/users\/1"}],"replies":[{"embeddable":true,"href":"https:\/\/sano-agrar.hu\/de\/wp-json\/wp\/v2\/comments?post=678"}],"version-history":[{"count":4,"href":"https:\/\/sano-agrar.hu\/de\/wp-json\/wp\/v2\/pages\/678\/revisions"}],"predecessor-version":[{"id":4120,"href":"https:\/\/sano-agrar.hu\/de\/wp-json\/wp\/v2\/pages\/678\/revisions\/4120"}],"up":[{"embeddable":true,"href":"https:\/\/sano-agrar.hu\/de\/wp-json\/wp\/v2\/pages\/657"}],"wp:featuredmedia":[{"embeddable":true,"href":"https:\/\/sano-agrar.hu\/de\/wp-json\/wp\/v2\/media\/3573"}],"wp:attachment":[{"href":"https:\/\/sano-agrar.hu\/de\/wp-json\/wp\/v2\/media?parent=678"}],"curies":[{"name":"wp","href":"https:\/\/api.w.org\/{rel}","templated":true}]}}