{"id":668,"date":"2024-02-12T07:20:59","date_gmt":"2024-02-12T06:20:59","guid":{"rendered":"https:\/\/sano-agrar.hu\/?page_id=668"},"modified":"2026-03-06T09:29:31","modified_gmt":"2026-03-06T08:29:31","slug":"termekfejlesztes","status":"publish","type":"page","link":"https:\/\/sano-agrar.hu\/de\/kutatas-fejlesztes\/termekfejlesztes\/","title":{"rendered":"Term\u00e9kfejleszt\u00e9s"},"content":{"rendered":"<div data-elementor-type=\"wp-page\" data-elementor-id=\"668\" class=\"elementor elementor-668\" data-elementor-post-type=\"page\">\n\t\t\t\t\t\t<section class=\"elementor-section elementor-top-section elementor-element elementor-element-5a74ebe elementor-section-boxed elementor-section-height-default elementor-section-height-default\" data-id=\"5a74ebe\" data-element_type=\"section\" data-e-type=\"section\">\n\t\t\t\t\t\t<div class=\"elementor-container elementor-column-gap-default\">\n\t\t\t\t\t<div class=\"elementor-column elementor-col-100 elementor-top-column elementor-element elementor-element-0bc86ad\" data-id=\"0bc86ad\" data-element_type=\"column\" data-e-type=\"column\">\n\t\t\t<div class=\"elementor-widget-wrap elementor-element-populated\">\n\t\t\t\t\t\t\t<\/div>\n\t\t<\/div>\n\t\t\t\t\t<\/div>\n\t\t<\/section>\n\t\t<div class=\"elementor-element elementor-element-7a9a28c e-flex e-con-boxed e-con e-parent\" data-id=\"7a9a28c\" data-element_type=\"container\" data-e-type=\"container\">\n\t\t\t\t\t<div class=\"e-con-inner\">\n\t\t<div class=\"elementor-element elementor-element-af9cf20 e-flex e-con-boxed e-con e-child\" data-id=\"af9cf20\" data-element_type=\"container\" data-e-type=\"container\">\n\t\t\t\t\t<div class=\"e-con-inner\">\n\t\t\t\t<div class=\"elementor-element elementor-element-6a2cec4 elementor-widget elementor-widget-text-editor\" data-id=\"6a2cec4\" data-element_type=\"widget\" data-e-type=\"widget\" data-widget_type=\"text-editor.default\">\n\t\t\t\t<div class=\"elementor-widget-container\">\n\t\t\t\t\t\t\t\t\t<h4>Takarm\u00e1nyoz\u00e1si k\u00eds\u00e9rletek a folyamatos fejl\u0151d\u00e9s\u00e9rt<\/h4><p>Az \u00e1llati takarm\u00e1nyok gazdas\u00e1gos \u00e9s hossz\u00fa t\u00e1v\u00fa el\u0151\u00e1ll\u00edt\u00e1sa \u00e9rdek\u00e9ben a tejtermel\u00e9sben tov\u00e1bbi hat\u00e9konys\u00e1gn\u00f6vel\u00e9s lehets\u00e9ges, \u00e9s sz\u00fcks\u00e9ges is. A sikeres \u00e9s fenntarthat\u00f3 malacel\u0151\u00e1ll\u00edt\u00e1s \u00e9s sert\u00e9sh\u00fas termel\u00e9s biztos\u00edt\u00e1s\u00e1hoz elengedhetetlen az \u00e1lland\u00f3 meg\u00fajul\u00e1s, mivel egyre szerte\u00e1gaz\u00f3bb kih\u00edv\u00e1sokkal \u00e1llunk szemben. Egyfel\u0151l fenntarthat\u00f3, gazdas\u00e1gos sert\u00e9steny\u00e9szt\u00e9sre \u00e9s h\u00fastermel\u00e9sre van sz\u00fcks\u00e9g, m\u00e1sfel\u0151l viszont k\u00e9rd\u00e9ses, hogyan lehet hasznos\u00edtani a legfrissebb t\u00e1pl\u00e1lkoz\u00e1si \u00e9s fiziol\u00f3giai meg\u00e1llap\u00edt\u00e1sokat, hogy lehet helyes d\u00f6nt\u00e9seket hozni a takarm\u00e1nyadag tervez\u00e9sn\u00e9l \u00e9s az \u00e1llatj\u00f3l\u00e9t ter\u00fclet\u00e9n.<\/p><p>A sert\u00e9sek teljes\u00edtm\u00e9nye folyamatosan n\u00f6vekszik, ez\u00e9rt az optim\u00e1lis t\u00e1panyagell\u00e1t\u00e1s \u00e9let- \u00e9s teljes\u00edtm\u00e9ny f\u00e1zist\u00f3l f\u00fcgg\u0151en ma sokkal fontosabb, mint valaha. Ez\u00e9rt v\u00e9gz\u00fcnk folyamatosan k\u00fcl\u00f6nb\u00f6z\u0151 takarm\u00e1nyoz\u00e1si k\u00eds\u00e9rleteket a Sano Agrar Institutn\u00e1l. \u00cdgy a Sano az \u00e1llattart\u00f3k sz\u00e1m\u00e1ra kipr\u00f3b\u00e1lt, k\u00eds\u00e9rletekkel \u00e9s vizsg\u00e1latokkal al\u00e1t\u00e1masztott takarm\u00e1nykieg\u00e9sz\u00edt\u0151ket \u00e9s takarm\u00e1nyoz\u00e1si koncepci\u00f3t tud ny\u00fajtani.<\/p><p>Az Agrisys egyedi takarm\u00e1nyoz\u00e1si \u00e9s \u00e1llatnyilv\u00e1ntart\u00f3 rendszere biztos\u00edtja a takarm\u00e1nyoz\u00e1si k\u00eds\u00e9rletek professzion\u00e1lis megval\u00f3s\u00edt\u00e1s\u00e1t a k\u00eds\u00e9rleti hizlald\u00e1ban. Ak\u00e1r egy korcsoporton \u00e9s ist\u00e1ll\u00f3r\u00e9szen bel\u00fcl is kialak\u00edthatunk kontroll- \u00e9s tesztcsoportokat a lehet\u0151 legpontosabb eredm\u00e9nyek \u00e9rdek\u00e9ben. Az egyes \u00e1llatok gyarapod\u00e1sa, fial\u00e1si eredm\u00e9nyei a digitaliz\u00e1lt \u00e1llatnyilv\u00e1ntart\u00e1si rendszerben \u00f6sszek\u00f6thet\u0151k a takarm\u00e1nyoz\u00e1si programokkal \u00e9s vemhes\u00edt\u00e9si adatokkal, \u00edgy az \u00f6sszef\u00fcgg\u00e9sek k\u00f6zvetlen\u00fcl vizsg\u00e1lhat\u00f3k.<\/p>\t\t\t\t\t\t\t\t<\/div>\n\t\t\t\t<\/div>\n\t\t\t\t\t<\/div>\n\t\t\t\t<\/div>\n\t\t<div class=\"elementor-element elementor-element-fdbf8d8 e-flex e-con-boxed e-con e-child\" data-id=\"fdbf8d8\" data-element_type=\"container\" data-e-type=\"container\">\n\t\t\t\t\t<div class=\"e-con-inner\">\n\t\t\t\t<div class=\"elementor-element elementor-element-f131f34 elementor-widget elementor-widget-theme-post-featured-image elementor-widget-image\" data-id=\"f131f34\" data-element_type=\"widget\" data-e-type=\"widget\" data-widget_type=\"theme-post-featured-image.default\">\n\t\t\t\t<div class=\"elementor-widget-container\">\n\t\t\t\t\t\t\t\t\t\t\t\t\t\t\t\t<a href=\"https:\/\/sano-agrar.hu\/wp-content\/uploads\/2026\/02\/3-kf-takarmanyozas.jpg\" data-elementor-open-lightbox=\"yes\" data-elementor-lightbox-title=\"Kutat\u00e1s-fejleszt\u00e9s - Takarm\u00e1nyoz\u00e1s\" data-e-action-hash=\"#elementor-action%3Aaction%3Dlightbox%26settings%3DeyJpZCI6MzU3NiwidXJsIjoiaHR0cHM6XC9cL3Nhbm8tYWdyYXIuaHVcL3dwLWNvbnRlbnRcL3VwbG9hZHNcLzIwMjZcLzAyXC8zLWtmLXRha2FybWFueW96YXMuanBnIn0%3D\">\n\t\t\t\t\t\t\t<img fetchpriority=\"high\" decoding=\"async\" width=\"800\" height=\"600\" src=\"https:\/\/sano-agrar.hu\/wp-content\/uploads\/2026\/02\/3-kf-takarmanyozas-1280x960.jpg\" class=\"attachment-large size-large wp-image-3576\" alt=\"\" srcset=\"https:\/\/sano-agrar.hu\/wp-content\/uploads\/2026\/02\/3-kf-takarmanyozas-1280x960.jpg 1280w, https:\/\/sano-agrar.hu\/wp-content\/uploads\/2026\/02\/3-kf-takarmanyozas-300x225.jpg 300w, https:\/\/sano-agrar.hu\/wp-content\/uploads\/2026\/02\/3-kf-takarmanyozas-768x576.jpg 768w, https:\/\/sano-agrar.hu\/wp-content\/uploads\/2026\/02\/3-kf-takarmanyozas-16x12.jpg 16w, https:\/\/sano-agrar.hu\/wp-content\/uploads\/2026\/02\/3-kf-takarmanyozas.jpg 1440w\" sizes=\"(max-width: 800px) 100vw, 800px\" \/>\t\t\t\t\t\t\t\t<\/a>\n\t\t\t\t\t\t\t\t\t\t\t\t\t\t\t<\/div>\n\t\t\t\t<\/div>\n\t\t\t\t\t<\/div>\n\t\t\t\t<\/div>\n\t\t\t\t\t<\/div>\n\t\t\t\t<\/div>\n\t\t\t\t<\/div>","protected":false},"excerpt":{"rendered":"<p>Takarm\u00e1nyoz\u00e1si k\u00eds\u00e9rletek a folyamatos fejl\u0151d\u00e9s\u00e9rt Az \u00e1llati takarm\u00e1nyok gazdas\u00e1gos \u00e9s hossz\u00fa t\u00e1v\u00fa el\u0151\u00e1ll\u00edt\u00e1sa \u00e9rdek\u00e9ben a tejtermel\u00e9sben tov\u00e1bbi hat\u00e9konys\u00e1gn\u00f6vel\u00e9s lehets\u00e9ges, \u00e9s sz\u00fcks\u00e9ges is. A sikeres \u00e9s fenntarthat\u00f3 malacel\u0151\u00e1ll\u00edt\u00e1s \u00e9s sert\u00e9sh\u00fas termel\u00e9s biztos\u00edt\u00e1s\u00e1hoz elengedhetetlen az \u00e1lland\u00f3 meg\u00fajul\u00e1s, mivel egyre szerte\u00e1gaz\u00f3bb kih\u00edv\u00e1sokkal \u00e1llunk szemben. Egyfel\u0151l fenntarthat\u00f3, gazdas\u00e1gos sert\u00e9steny\u00e9szt\u00e9sre \u00e9s h\u00fastermel\u00e9sre van sz\u00fcks\u00e9g, m\u00e1sfel\u0151l viszont k\u00e9rd\u00e9ses, hogyan lehet hasznos\u00edtani [&hellip;]<\/p>\n","protected":false},"author":1,"featured_media":3576,"parent":657,"menu_order":1,"comment_status":"closed","ping_status":"closed","template":"","meta":{"footnotes":""},"class_list":["post-668","page","type-page","status-publish","has-post-thumbnail","hentry"],"_links":{"self":[{"href":"https:\/\/sano-agrar.hu\/de\/wp-json\/wp\/v2\/pages\/668","targetHints":{"allow":["GET"]}}],"collection":[{"href":"https:\/\/sano-agrar.hu\/de\/wp-json\/wp\/v2\/pages"}],"about":[{"href":"https:\/\/sano-agrar.hu\/de\/wp-json\/wp\/v2\/types\/page"}],"author":[{"embeddable":true,"href":"https:\/\/sano-agrar.hu\/de\/wp-json\/wp\/v2\/users\/1"}],"replies":[{"embeddable":true,"href":"https:\/\/sano-agrar.hu\/de\/wp-json\/wp\/v2\/comments?post=668"}],"version-history":[{"count":4,"href":"https:\/\/sano-agrar.hu\/de\/wp-json\/wp\/v2\/pages\/668\/revisions"}],"predecessor-version":[{"id":4123,"href":"https:\/\/sano-agrar.hu\/de\/wp-json\/wp\/v2\/pages\/668\/revisions\/4123"}],"up":[{"embeddable":true,"href":"https:\/\/sano-agrar.hu\/de\/wp-json\/wp\/v2\/pages\/657"}],"wp:featuredmedia":[{"embeddable":true,"href":"https:\/\/sano-agrar.hu\/de\/wp-json\/wp\/v2\/media\/3576"}],"wp:attachment":[{"href":"https:\/\/sano-agrar.hu\/de\/wp-json\/wp\/v2\/media?parent=668"}],"curies":[{"name":"wp","href":"https:\/\/api.w.org\/{rel}","templated":true}]}}