{"id":647,"date":"2024-02-12T07:00:03","date_gmt":"2024-02-12T06:00:03","guid":{"rendered":"https:\/\/sano-agrar.hu\/?page_id=647"},"modified":"2026-02-20T16:23:27","modified_gmt":"2026-02-20T15:23:27","slug":"genetika","status":"publish","type":"page","link":"https:\/\/sano-agrar.hu\/de\/sertestenyesztes\/genetika\/","title":{"rendered":"Genetika"},"content":{"rendered":"<div data-elementor-type=\"wp-page\" data-elementor-id=\"647\" class=\"elementor elementor-647\" data-elementor-post-type=\"page\">\n\t\t\t\t\t\t<section class=\"elementor-section elementor-top-section elementor-element elementor-element-1c2b253 elementor-section-boxed elementor-section-height-default elementor-section-height-default\" data-id=\"1c2b253\" data-element_type=\"section\" data-e-type=\"section\">\n\t\t\t\t\t\t<div class=\"elementor-container elementor-column-gap-default\">\n\t\t\t\t\t<div class=\"elementor-column elementor-col-100 elementor-top-column elementor-element elementor-element-d95035c\" data-id=\"d95035c\" data-element_type=\"column\" data-e-type=\"column\">\n\t\t\t<div class=\"elementor-widget-wrap elementor-element-populated\">\n\t\t\t\t\t\t\t<\/div>\n\t\t<\/div>\n\t\t\t\t\t<\/div>\n\t\t<\/section>\n\t\t<div class=\"elementor-element elementor-element-5090184 e-flex e-con-boxed e-con e-parent\" data-id=\"5090184\" data-element_type=\"container\" data-e-type=\"container\">\n\t\t\t\t\t<div class=\"e-con-inner\">\n\t\t<div class=\"elementor-element elementor-element-b4d14c2 e-flex e-con-boxed e-con e-child\" data-id=\"b4d14c2\" data-element_type=\"container\" data-e-type=\"container\">\n\t\t\t\t\t<div class=\"e-con-inner\">\n\t\t\t\t<div class=\"elementor-element elementor-element-8a1f1c1 elementor-widget elementor-widget-text-editor\" data-id=\"8a1f1c1\" data-element_type=\"widget\" data-e-type=\"widget\" data-widget_type=\"text-editor.default\">\n\t\t\t\t<div class=\"elementor-widget-container\">\n\t\t\t\t\t\t\t\t\t<p>A Sano Agrar Institut mintagazdas\u00e1g\u00e1ban a <strong>Topigs TN-70 genetik\u00e1t<\/strong> v\u00e1lasztottuk, mert mindenben megfelel annak a szeml\u00e9letnek, amit a Sano k\u00e9pvisel. A TN-70 koc\u00e1k nyugodt term\u00e9szet\u00fckkel, kiv\u00e1l\u00f3 anyai k\u00e9pess\u00e9geikkel \u00e9s b\u0151s\u00e9ges tejtermel\u00e9s\u00fckkel biztos\u00edtj\u00e1k a nagy l\u00e9tsz\u00e1m\u00fa, egyenletes \u00e9s \u00e9letk\u00e9pes almok felnevel\u00e9s\u00e9t. A magas sz\u00fclet\u00e9si s\u00faly \u00e9s az \u00e9leter\u0151s malacok j\u00f3 alapot teremtenek a sikeres hizlal\u00e1shoz, mik\u00f6zben a genetika gazdas\u00e1gos takarm\u00e1nyhasznos\u00edt\u00e1sa r\u00e9v\u00e9n gyorsabb n\u00f6veked\u00e9st \u00e9s jobb v\u00e1g\u00f3s\u00falyt \u00e9r\u00fcnk el kevesebb takarm\u00e1nnyal. Ez nemcsak k\u00f6lts\u00e9ghat\u00e9konyabb termel\u00e9st tesz lehet\u0151v\u00e9, hanem cs\u00f6kkenti a k\u00f6rnyezeti terhel\u00e9st is. A koc\u00e1k er\u0151s testfel\u00e9p\u00edt\u00e9se, hossz\u00fa \u00e9lettartama \u00e9s j\u00f3 alkalmazkod\u00f3k\u00e9pess\u00e9ge pedig garant\u00e1lja a stabil teljes\u00edtm\u00e9nyt. Mindezek miatt a TN-70 genetika sz\u00e1munkra a gazdas\u00e1goss\u00e1g, az \u00e1llatok j\u00f3ll\u00e9te \u00e9s a fenntarthat\u00f3 sert\u00e9steny\u00e9szt\u00e9s ide\u00e1lis kombin\u00e1ci\u00f3j\u00e1t jelenti.<\/p>\t\t\t\t\t\t\t\t<\/div>\n\t\t\t\t<\/div>\n\t\t\t\t\t<\/div>\n\t\t\t\t<\/div>\n\t\t<div class=\"elementor-element elementor-element-0032869 e-flex e-con-boxed e-con e-child\" data-id=\"0032869\" data-element_type=\"container\" data-e-type=\"container\">\n\t\t\t\t\t<div class=\"e-con-inner\">\n\t\t\t\t<div class=\"elementor-element elementor-element-11fad6c elementor-widget elementor-widget-theme-post-featured-image elementor-widget-image\" data-id=\"11fad6c\" data-element_type=\"widget\" data-e-type=\"widget\" data-widget_type=\"theme-post-featured-image.default\">\n\t\t\t\t<div class=\"elementor-widget-container\">\n\t\t\t\t\t\t\t\t\t\t\t\t\t\t\t\t<a href=\"https:\/\/sano-agrar.hu\/wp-content\/uploads\/2026\/02\/21-genetika.jpg\" data-elementor-open-lightbox=\"yes\" data-elementor-lightbox-title=\"Genetika\" data-e-action-hash=\"#elementor-action%3Aaction%3Dlightbox%26settings%3DeyJpZCI6MzU2MiwidXJsIjoiaHR0cHM6XC9cL3Nhbm8tYWdyYXIuaHVcL3dwLWNvbnRlbnRcL3VwbG9hZHNcLzIwMjZcLzAyXC8yMS1nZW5ldGlrYS5qcGcifQ%3D%3D\">\n\t\t\t\t\t\t\t<img fetchpriority=\"high\" decoding=\"async\" width=\"800\" height=\"600\" src=\"https:\/\/sano-agrar.hu\/wp-content\/uploads\/2026\/02\/21-genetika-1280x960.jpg\" class=\"attachment-large size-large wp-image-3562\" alt=\"\" srcset=\"https:\/\/sano-agrar.hu\/wp-content\/uploads\/2026\/02\/21-genetika-1280x960.jpg 1280w, https:\/\/sano-agrar.hu\/wp-content\/uploads\/2026\/02\/21-genetika-300x225.jpg 300w, https:\/\/sano-agrar.hu\/wp-content\/uploads\/2026\/02\/21-genetika-768x576.jpg 768w, https:\/\/sano-agrar.hu\/wp-content\/uploads\/2026\/02\/21-genetika-16x12.jpg 16w, https:\/\/sano-agrar.hu\/wp-content\/uploads\/2026\/02\/21-genetika.jpg 1440w\" sizes=\"(max-width: 800px) 100vw, 800px\" \/>\t\t\t\t\t\t\t\t<\/a>\n\t\t\t\t\t\t\t\t\t\t\t\t\t\t\t<\/div>\n\t\t\t\t<\/div>\n\t\t\t\t\t<\/div>\n\t\t\t\t<\/div>\n\t\t\t\t\t<\/div>\n\t\t\t\t<\/div>\n\t\t\t\t<\/div>","protected":false},"excerpt":{"rendered":"<p>A Sano Agrar Institut mintagazdas\u00e1g\u00e1ban a Topigs TN-70 genetik\u00e1t v\u00e1lasztottuk, mert mindenben megfelel annak a szeml\u00e9letnek, amit a Sano k\u00e9pvisel. A TN-70 koc\u00e1k nyugodt term\u00e9szet\u00fckkel, kiv\u00e1l\u00f3 anyai k\u00e9pess\u00e9geikkel \u00e9s b\u0151s\u00e9ges tejtermel\u00e9s\u00fckkel biztos\u00edtj\u00e1k a nagy l\u00e9tsz\u00e1m\u00fa, egyenletes \u00e9s \u00e9letk\u00e9pes almok felnevel\u00e9s\u00e9t. A magas sz\u00fclet\u00e9si s\u00faly \u00e9s az \u00e9leter\u0151s malacok j\u00f3 alapot teremtenek a sikeres hizlal\u00e1shoz, mik\u00f6zben [&hellip;]<\/p>\n","protected":false},"author":1,"featured_media":3562,"parent":642,"menu_order":0,"comment_status":"closed","ping_status":"closed","template":"","meta":{"footnotes":""},"class_list":["post-647","page","type-page","status-publish","has-post-thumbnail","hentry"],"_links":{"self":[{"href":"https:\/\/sano-agrar.hu\/de\/wp-json\/wp\/v2\/pages\/647","targetHints":{"allow":["GET"]}}],"collection":[{"href":"https:\/\/sano-agrar.hu\/de\/wp-json\/wp\/v2\/pages"}],"about":[{"href":"https:\/\/sano-agrar.hu\/de\/wp-json\/wp\/v2\/types\/page"}],"author":[{"embeddable":true,"href":"https:\/\/sano-agrar.hu\/de\/wp-json\/wp\/v2\/users\/1"}],"replies":[{"embeddable":true,"href":"https:\/\/sano-agrar.hu\/de\/wp-json\/wp\/v2\/comments?post=647"}],"version-history":[{"count":4,"href":"https:\/\/sano-agrar.hu\/de\/wp-json\/wp\/v2\/pages\/647\/revisions"}],"predecessor-version":[{"id":3846,"href":"https:\/\/sano-agrar.hu\/de\/wp-json\/wp\/v2\/pages\/647\/revisions\/3846"}],"up":[{"embeddable":true,"href":"https:\/\/sano-agrar.hu\/de\/wp-json\/wp\/v2\/pages\/642"}],"wp:featuredmedia":[{"embeddable":true,"href":"https:\/\/sano-agrar.hu\/de\/wp-json\/wp\/v2\/media\/3562"}],"wp:attachment":[{"href":"https:\/\/sano-agrar.hu\/de\/wp-json\/wp\/v2\/media?parent=647"}],"curies":[{"name":"wp","href":"https:\/\/api.w.org\/{rel}","templated":true}]}}