{"id":617,"date":"2024-02-12T07:30:20","date_gmt":"2024-02-12T06:30:20","guid":{"rendered":"https:\/\/sano-agrar.hu\/?page_id=617"},"modified":"2026-02-23T23:08:19","modified_gmt":"2026-02-23T22:08:19","slug":"legtechnika","status":"publish","type":"page","link":"https:\/\/sano-agrar.hu\/de\/technologia\/legtechnika\/","title":{"rendered":"L\u00e9gtechnika \u00e9s h\u0171t\u00e9s"},"content":{"rendered":"<div data-elementor-type=\"wp-page\" data-elementor-id=\"617\" class=\"elementor elementor-617\" data-elementor-post-type=\"page\">\n\t\t\t\t\t\t<section class=\"elementor-section elementor-top-section elementor-element elementor-element-22081c4 elementor-section-boxed elementor-section-height-default elementor-section-height-default\" data-id=\"22081c4\" data-element_type=\"section\" data-e-type=\"section\">\n\t\t\t\t\t\t<div class=\"elementor-container elementor-column-gap-default\">\n\t\t\t\t\t<div class=\"elementor-column elementor-col-100 elementor-top-column elementor-element elementor-element-094efa4\" data-id=\"094efa4\" data-element_type=\"column\" data-e-type=\"column\">\n\t\t\t<div class=\"elementor-widget-wrap elementor-element-populated\">\n\t\t\t\t\t\t\t<\/div>\n\t\t<\/div>\n\t\t\t\t\t<\/div>\n\t\t<\/section>\n\t\t<div class=\"elementor-element elementor-element-d457ec7 e-flex e-con-boxed e-con e-parent\" data-id=\"d457ec7\" data-element_type=\"container\" data-e-type=\"container\">\n\t\t\t\t\t<div class=\"e-con-inner\">\n\t\t<div class=\"elementor-element elementor-element-5580903 e-flex e-con-boxed e-con e-child\" data-id=\"5580903\" data-element_type=\"container\" data-e-type=\"container\">\n\t\t\t\t\t<div class=\"e-con-inner\">\n\t\t\t\t<div class=\"elementor-element elementor-element-6cdb5db elementor-widget elementor-widget-text-editor\" data-id=\"6cdb5db\" data-element_type=\"widget\" data-e-type=\"widget\" data-widget_type=\"text-editor.default\">\n\t\t\t\t<div class=\"elementor-widget-container\">\n\t\t\t\t\t\t\t\t\t<p>Az ist\u00e1ll\u00f3k k\u00e9nyszer szell\u0151ztet\u00e9ssel m\u0171k\u00f6dnek, ez\u00e9rt a homlokzatukon egy-egy h\u0171t\u0151torony helyezkedik el, amelyek csepegtet\u0151s h\u0171t\u0151rendszerrel vannak felszerelve. A ny\u00e1ri \u00fczemm\u00f3dban a friss leveg\u0151 egy zsalurendszer szab\u00e1lyoz\u00e1s\u00e1val, h\u0171t\u0151tornyokon kereszt\u00fcl, t\u00e9li \u00fczemm\u00f3dban pedig a tet\u0151 alatti l\u00e9gbeejt\u0151k\u00f6n kereszt\u00fcl \u00e9rkezik a k\u00f6zponti folyos\u00f3ra, mely egyben a friss leveg\u0151 csatorn\u00e1ja.<\/p><p>A besz\u00edvott leveg\u0151 a k\u00f6zponti folyos\u00f3n kereszt\u00fcl jut be a termek szell\u0151z\u0151 csatorn\u00e1iba. A szell\u0151ztet\u00e9si program a leveg\u0151 h\u0151m\u00e9rs\u00e9klet\u00e9t, p\u00e1ratartalm\u00e1t, amm\u00f3nia- \u00e9s CO2 szintj\u00e9t detekt\u00e1lja, ez alapj\u00e1n t\u00f6rt\u00e9nik a haszn\u00e1lt leveg\u0151 elsz\u00edv\u00e1s\u00e1nak szab\u00e1lyoz\u00e1sa. A rendszer m\u0171k\u00f6d\u00e9se online k\u00f6vethet\u0151 \u00e9s sz\u00fcks\u00e9g eset\u00e9n automatikuans riasztja a szem\u00e9lyzetet.<\/p>\t\t\t\t\t\t\t\t<\/div>\n\t\t\t\t<\/div>\n\t\t\t\t\t<\/div>\n\t\t\t\t<\/div>\n\t\t<div class=\"elementor-element elementor-element-a38ee95 e-flex e-con-boxed e-con e-child\" data-id=\"a38ee95\" data-element_type=\"container\" data-e-type=\"container\">\n\t\t\t\t\t<div class=\"e-con-inner\">\n\t\t\t\t<div class=\"elementor-element elementor-element-f6179e7 elementor-widget elementor-widget-theme-post-featured-image elementor-widget-image\" data-id=\"f6179e7\" data-element_type=\"widget\" data-e-type=\"widget\" data-widget_type=\"theme-post-featured-image.default\">\n\t\t\t\t<div class=\"elementor-widget-container\">\n\t\t\t\t\t\t\t\t\t\t\t\t\t\t\t\t<a href=\"https:\/\/sano-agrar.hu\/wp-content\/uploads\/2026\/02\/4-technologia-legtechnika.jpg\" data-elementor-open-lightbox=\"yes\" data-elementor-lightbox-title=\"Technol\u00f3gia - L\u00e9gtechnika\" data-e-action-hash=\"#elementor-action%3Aaction%3Dlightbox%26settings%3DeyJpZCI6MzU3NywidXJsIjoiaHR0cHM6XC9cL3Nhbm8tYWdyYXIuaHVcL3dwLWNvbnRlbnRcL3VwbG9hZHNcLzIwMjZcLzAyXC80LXRlY2hub2xvZ2lhLWxlZ3RlY2huaWthLmpwZyJ9\">\n\t\t\t\t\t\t\t<img fetchpriority=\"high\" decoding=\"async\" width=\"800\" height=\"476\" src=\"https:\/\/sano-agrar.hu\/wp-content\/uploads\/2026\/02\/4-technologia-legtechnika-1280x762.jpg\" class=\"attachment-large size-large wp-image-3577\" alt=\"\" srcset=\"https:\/\/sano-agrar.hu\/wp-content\/uploads\/2026\/02\/4-technologia-legtechnika-1280x762.jpg 1280w, https:\/\/sano-agrar.hu\/wp-content\/uploads\/2026\/02\/4-technologia-legtechnika-300x179.jpg 300w, https:\/\/sano-agrar.hu\/wp-content\/uploads\/2026\/02\/4-technologia-legtechnika-768x457.jpg 768w, https:\/\/sano-agrar.hu\/wp-content\/uploads\/2026\/02\/4-technologia-legtechnika-1536x915.jpg 1536w, https:\/\/sano-agrar.hu\/wp-content\/uploads\/2026\/02\/4-technologia-legtechnika-18x12.jpg 18w, https:\/\/sano-agrar.hu\/wp-content\/uploads\/2026\/02\/4-technologia-legtechnika.jpg 1813w\" sizes=\"(max-width: 800px) 100vw, 800px\" \/>\t\t\t\t\t\t\t\t<\/a>\n\t\t\t\t\t\t\t\t\t\t\t\t\t\t\t<\/div>\n\t\t\t\t<\/div>\n\t\t\t\t\t<\/div>\n\t\t\t\t<\/div>\n\t\t\t\t\t<\/div>\n\t\t\t\t<\/div>\n\t\t\t\t<\/div>","protected":false},"excerpt":{"rendered":"<p>Az ist\u00e1ll\u00f3k k\u00e9nyszer szell\u0151ztet\u00e9ssel m\u0171k\u00f6dnek, ez\u00e9rt a homlokzatukon egy-egy h\u0171t\u0151torony helyezkedik el, amelyek csepegtet\u0151s h\u0171t\u0151rendszerrel vannak felszerelve. A ny\u00e1ri \u00fczemm\u00f3dban a friss leveg\u0151 egy zsalurendszer szab\u00e1lyoz\u00e1s\u00e1val, h\u0171t\u0151tornyokon kereszt\u00fcl, t\u00e9li \u00fczemm\u00f3dban pedig a tet\u0151 alatti l\u00e9gbeejt\u0151k\u00f6n kereszt\u00fcl \u00e9rkezik a k\u00f6zponti folyos\u00f3ra, mely egyben a friss leveg\u0151 csatorn\u00e1ja. A besz\u00edvott leveg\u0151 a k\u00f6zponti folyos\u00f3n kereszt\u00fcl jut be [&hellip;]<\/p>\n","protected":false},"author":1,"featured_media":3577,"parent":602,"menu_order":2,"comment_status":"closed","ping_status":"closed","template":"","meta":{"footnotes":""},"class_list":["post-617","page","type-page","status-publish","has-post-thumbnail","hentry"],"_links":{"self":[{"href":"https:\/\/sano-agrar.hu\/de\/wp-json\/wp\/v2\/pages\/617","targetHints":{"allow":["GET"]}}],"collection":[{"href":"https:\/\/sano-agrar.hu\/de\/wp-json\/wp\/v2\/pages"}],"about":[{"href":"https:\/\/sano-agrar.hu\/de\/wp-json\/wp\/v2\/types\/page"}],"author":[{"embeddable":true,"href":"https:\/\/sano-agrar.hu\/de\/wp-json\/wp\/v2\/users\/1"}],"replies":[{"embeddable":true,"href":"https:\/\/sano-agrar.hu\/de\/wp-json\/wp\/v2\/comments?post=617"}],"version-history":[{"count":4,"href":"https:\/\/sano-agrar.hu\/de\/wp-json\/wp\/v2\/pages\/617\/revisions"}],"predecessor-version":[{"id":3978,"href":"https:\/\/sano-agrar.hu\/de\/wp-json\/wp\/v2\/pages\/617\/revisions\/3978"}],"up":[{"embeddable":true,"href":"https:\/\/sano-agrar.hu\/de\/wp-json\/wp\/v2\/pages\/602"}],"wp:featuredmedia":[{"embeddable":true,"href":"https:\/\/sano-agrar.hu\/de\/wp-json\/wp\/v2\/media\/3577"}],"wp:attachment":[{"href":"https:\/\/sano-agrar.hu\/de\/wp-json\/wp\/v2\/media?parent=617"}],"curies":[{"name":"wp","href":"https:\/\/api.w.org\/{rel}","templated":true}]}}