{"id":607,"date":"2024-02-12T07:10:33","date_gmt":"2024-02-12T06:10:33","guid":{"rendered":"https:\/\/sano-agrar.hu\/?page_id=607"},"modified":"2026-03-06T09:39:57","modified_gmt":"2026-03-06T08:39:57","slug":"epulet","status":"publish","type":"page","link":"https:\/\/sano-agrar.hu\/de\/technologia\/epulet\/","title":{"rendered":"\u00c9p\u00fclet"},"content":{"rendered":"<div data-elementor-type=\"wp-page\" data-elementor-id=\"607\" class=\"elementor elementor-607\" data-elementor-post-type=\"page\">\n\t\t\t\t\t\t<section class=\"elementor-section elementor-top-section elementor-element elementor-element-8370af5 elementor-section-boxed elementor-section-height-default elementor-section-height-default\" data-id=\"8370af5\" data-element_type=\"section\" data-e-type=\"section\">\n\t\t\t\t\t\t<div class=\"elementor-container elementor-column-gap-default\">\n\t\t\t\t\t<div class=\"elementor-column elementor-col-100 elementor-top-column elementor-element elementor-element-b1df457\" data-id=\"b1df457\" data-element_type=\"column\" data-e-type=\"column\">\n\t\t\t<div class=\"elementor-widget-wrap elementor-element-populated\">\n\t\t\t\t\t\t\t<\/div>\n\t\t<\/div>\n\t\t\t\t\t<\/div>\n\t\t<\/section>\n\t\t<div class=\"elementor-element elementor-element-64507f3 e-flex e-con-boxed e-con e-parent\" data-id=\"64507f3\" data-element_type=\"container\" data-e-type=\"container\">\n\t\t\t\t\t<div class=\"e-con-inner\">\n\t\t<div class=\"elementor-element elementor-element-a3a0181 e-flex e-con-boxed e-con e-child\" data-id=\"a3a0181\" data-element_type=\"container\" data-e-type=\"container\">\n\t\t\t\t\t<div class=\"e-con-inner\">\n\t\t\t\t<div class=\"elementor-element elementor-element-3cf657f elementor-widget elementor-widget-text-editor\" data-id=\"3cf657f\" data-element_type=\"widget\" data-e-type=\"widget\" data-widget_type=\"text-editor.default\">\n\t\t\t\t<div class=\"elementor-widget-container\">\n\t\t\t\t\t\t\t\t\t<h4>Egyed\u00fcl\u00e1ll\u00f3 \u00e9p\u00fcletegy\u00fcttes \u00fcvegist\u00e1ll\u00f3val<\/h4><p><strong>A modern termel\u0151 \u00e9s bemutat\u00f3 c\u00e9l\u00fa sert\u00e9start\u00f3 \u00fczem 6 ist\u00e1ll\u00f3b\u00f3l \u00e1ll: <\/strong><\/p><ul><li>csoportos kocasz\u00e1ll\u00e1s,<\/li><li>vemhes\u00edt\u0151,<\/li><li>fiaztat\u00f3,<\/li><li>batt\u00e9ria,<\/li><li>k\u00eds\u00e9rleti hizlalda,<\/li><li>karant\u00e9n ist\u00e1ll\u00f3.<\/li><\/ul><p><br \/>Ezekhez csatlakozik a kutat\u00e1sokat t\u00e1mogat\u00f3 takarm\u00e1nykever\u0151 \u00e9s irodah\u00e1z. A szoci\u00e1lis \u00e9p\u00fclet emelet\u00e9n ki\u00e1ll\u00edt\u00f3t\u00e9r \u00e9s konferenciaterem ker\u00fclt kialak\u00edt\u00e1sra, amelynek c\u00e9lja a telephelyen t\u00f6rt\u00e9n\u0151 \u00e1llattart\u00e1s bemutat\u00e1sa a szakmai k\u00f6z\u00f6ns\u00e9g sz\u00e1m\u00e1ra. A t\u00f6mb\u00f6s\u00edtett komplexum k\u00fcl\u00f6nlegess\u00e9ge, hogy a l\u00e1togat\u00f3k egy folyos\u00f3rendszeren kereszt\u00fcl bej\u00e1rhatj\u00e1k az ist\u00e1ll\u00f3kat, betekint\u00e9st nyerve a telep m\u0171k\u00f6d\u00e9s\u00e9be, munkafolyamataiba \u00e9s alkalmazott technol\u00f3gi\u00e1iba an\u00e9lk\u00fcl, hogy az \u00e1llom\u00e1nnyal k\u00f6zvetlen\u00fcl \u00e9rintkezn\u00e9nek.<\/p>\t\t\t\t\t\t\t\t<\/div>\n\t\t\t\t<\/div>\n\t\t\t\t\t<\/div>\n\t\t\t\t<\/div>\n\t\t<div class=\"elementor-element elementor-element-533b577 e-flex e-con-boxed e-con e-child\" data-id=\"533b577\" data-element_type=\"container\" data-e-type=\"container\">\n\t\t\t\t\t<div class=\"e-con-inner\">\n\t\t\t\t<div class=\"elementor-element elementor-element-a735f56 elementor-widget elementor-widget-theme-post-featured-image elementor-widget-image\" data-id=\"a735f56\" data-element_type=\"widget\" data-e-type=\"widget\" data-widget_type=\"theme-post-featured-image.default\">\n\t\t\t\t<div class=\"elementor-widget-container\">\n\t\t\t\t\t\t\t\t\t\t\t\t\t\t\t\t<a href=\"https:\/\/sano-agrar.hu\/wp-content\/uploads\/2026\/02\/4-technologia-uvegistallo.jpg\" data-elementor-open-lightbox=\"yes\" data-elementor-lightbox-title=\"Technol\u00f3gia - \u00dcvegist\u00e1ll\u00f3\" data-e-action-hash=\"#elementor-action%3Aaction%3Dlightbox%26settings%3DeyJpZCI6MzU4MCwidXJsIjoiaHR0cHM6XC9cL3Nhbm8tYWdyYXIuaHVcL3dwLWNvbnRlbnRcL3VwbG9hZHNcLzIwMjZcLzAyXC80LXRlY2hub2xvZ2lhLXV2ZWdpc3RhbGxvLmpwZyJ9\">\n\t\t\t\t\t\t\t<img fetchpriority=\"high\" decoding=\"async\" width=\"800\" height=\"600\" src=\"https:\/\/sano-agrar.hu\/wp-content\/uploads\/2026\/02\/4-technologia-uvegistallo-1280x960.jpg\" class=\"attachment-large size-large wp-image-3580\" alt=\"\" srcset=\"https:\/\/sano-agrar.hu\/wp-content\/uploads\/2026\/02\/4-technologia-uvegistallo-1280x960.jpg 1280w, https:\/\/sano-agrar.hu\/wp-content\/uploads\/2026\/02\/4-technologia-uvegistallo-300x225.jpg 300w, https:\/\/sano-agrar.hu\/wp-content\/uploads\/2026\/02\/4-technologia-uvegistallo-768x576.jpg 768w, https:\/\/sano-agrar.hu\/wp-content\/uploads\/2026\/02\/4-technologia-uvegistallo-16x12.jpg 16w, https:\/\/sano-agrar.hu\/wp-content\/uploads\/2026\/02\/4-technologia-uvegistallo.jpg 1440w\" sizes=\"(max-width: 800px) 100vw, 800px\" \/>\t\t\t\t\t\t\t\t<\/a>\n\t\t\t\t\t\t\t\t\t\t\t\t\t\t\t<\/div>\n\t\t\t\t<\/div>\n\t\t\t\t\t<\/div>\n\t\t\t\t<\/div>\n\t\t\t\t\t<\/div>\n\t\t\t\t<\/div>\n\t\t\t\t<\/div>","protected":false},"excerpt":{"rendered":"<p>Egyed\u00fcl\u00e1ll\u00f3 \u00e9p\u00fcletegy\u00fcttes \u00fcvegist\u00e1ll\u00f3val A modern termel\u0151 \u00e9s bemutat\u00f3 c\u00e9l\u00fa sert\u00e9start\u00f3 \u00fczem 6 ist\u00e1ll\u00f3b\u00f3l \u00e1ll: csoportos kocasz\u00e1ll\u00e1s, vemhes\u00edt\u0151, fiaztat\u00f3, batt\u00e9ria, k\u00eds\u00e9rleti hizlalda, karant\u00e9n ist\u00e1ll\u00f3. Ezekhez csatlakozik a kutat\u00e1sokat t\u00e1mogat\u00f3 takarm\u00e1nykever\u0151 \u00e9s irodah\u00e1z. A szoci\u00e1lis \u00e9p\u00fclet emelet\u00e9n ki\u00e1ll\u00edt\u00f3t\u00e9r \u00e9s konferenciaterem ker\u00fclt kialak\u00edt\u00e1sra, amelynek c\u00e9lja a telephelyen t\u00f6rt\u00e9n\u0151 \u00e1llattart\u00e1s bemutat\u00e1sa a szakmai k\u00f6z\u00f6ns\u00e9g sz\u00e1m\u00e1ra. A t\u00f6mb\u00f6s\u00edtett komplexum k\u00fcl\u00f6nlegess\u00e9ge, [&hellip;]<\/p>\n","protected":false},"author":1,"featured_media":3580,"parent":602,"menu_order":0,"comment_status":"closed","ping_status":"closed","template":"","meta":{"footnotes":""},"class_list":["post-607","page","type-page","status-publish","has-post-thumbnail","hentry"],"_links":{"self":[{"href":"https:\/\/sano-agrar.hu\/de\/wp-json\/wp\/v2\/pages\/607","targetHints":{"allow":["GET"]}}],"collection":[{"href":"https:\/\/sano-agrar.hu\/de\/wp-json\/wp\/v2\/pages"}],"about":[{"href":"https:\/\/sano-agrar.hu\/de\/wp-json\/wp\/v2\/types\/page"}],"author":[{"embeddable":true,"href":"https:\/\/sano-agrar.hu\/de\/wp-json\/wp\/v2\/users\/1"}],"replies":[{"embeddable":true,"href":"https:\/\/sano-agrar.hu\/de\/wp-json\/wp\/v2\/comments?post=607"}],"version-history":[{"count":4,"href":"https:\/\/sano-agrar.hu\/de\/wp-json\/wp\/v2\/pages\/607\/revisions"}],"predecessor-version":[{"id":4138,"href":"https:\/\/sano-agrar.hu\/de\/wp-json\/wp\/v2\/pages\/607\/revisions\/4138"}],"up":[{"embeddable":true,"href":"https:\/\/sano-agrar.hu\/de\/wp-json\/wp\/v2\/pages\/602"}],"wp:featuredmedia":[{"embeddable":true,"href":"https:\/\/sano-agrar.hu\/de\/wp-json\/wp\/v2\/media\/3580"}],"wp:attachment":[{"href":"https:\/\/sano-agrar.hu\/de\/wp-json\/wp\/v2\/media?parent=607"}],"curies":[{"name":"wp","href":"https:\/\/api.w.org\/{rel}","templated":true}]}}