{"id":602,"date":"2024-02-12T07:00:40","date_gmt":"2024-02-12T06:00:40","guid":{"rendered":"https:\/\/sano-agrar.hu\/?page_id=602"},"modified":"2026-02-23T22:38:21","modified_gmt":"2026-02-23T21:38:21","slug":"technologia","status":"publish","type":"page","link":"https:\/\/sano-agrar.hu\/de\/technologia\/","title":{"rendered":"Technol\u00f3gia"},"content":{"rendered":"<div data-elementor-type=\"wp-page\" data-elementor-id=\"602\" class=\"elementor elementor-602\" data-elementor-post-type=\"page\">\n\t\t\t\t\t\t<section class=\"elementor-section elementor-top-section elementor-element elementor-element-8458fbd elementor-section-boxed elementor-section-height-default elementor-section-height-default\" data-id=\"8458fbd\" data-element_type=\"section\" data-e-type=\"section\">\n\t\t\t\t\t\t<div class=\"elementor-container elementor-column-gap-default\">\n\t\t\t\t\t<div class=\"elementor-column elementor-col-100 elementor-top-column elementor-element elementor-element-d08436b\" data-id=\"d08436b\" data-element_type=\"column\" data-e-type=\"column\">\n\t\t\t<div class=\"elementor-widget-wrap elementor-element-populated\">\n\t\t\t\t\t\t\t<\/div>\n\t\t<\/div>\n\t\t\t\t\t<\/div>\n\t\t<\/section>\n\t\t<div class=\"elementor-element elementor-element-424916f e-flex e-con-boxed e-con e-parent\" data-id=\"424916f\" data-element_type=\"container\" data-e-type=\"container\">\n\t\t\t\t\t<div class=\"e-con-inner\">\n\t\t<div class=\"elementor-element elementor-element-953566d e-con-full e-flex e-con e-child\" data-id=\"953566d\" data-element_type=\"container\" data-e-type=\"container\">\n\t\t\t\t<div class=\"elementor-element elementor-element-2074321 elementor-widget elementor-widget-text-editor\" data-id=\"2074321\" data-element_type=\"widget\" data-e-type=\"widget\" data-widget_type=\"text-editor.default\">\n\t\t\t\t<div class=\"elementor-widget-container\">\n\t\t\t\t\t\t\t\t\t<h2>Integr\u00e1lt, \u00e1tl\u00e1that\u00f3 \u00e9s j\u00f6v\u0151orient\u00e1lt megold\u00e1sok<\/h2><p>A Sano Agrar Institut sert\u00e9start\u00f3 mintagazdas\u00e1g\u00e1nak technol\u00f3giai rendszere egyed\u00fcl\u00e1ll\u00f3 m\u00f3don \u00f6tv\u00f6zi a korszer\u0171 termel\u00e9st, a kutat\u00e1s-fejleszt\u00e9st \u00e9s a bemutat\u00f3 funkci\u00f3kat.<\/p>\t\t\t\t\t\t\t\t<\/div>\n\t\t\t\t<\/div>\n\t\t\t\t<\/div>\n\t\t\t\t\t<\/div>\n\t\t\t\t<\/div>\n\t\t<div class=\"elementor-element elementor-element-0adadb7 e-flex e-con-boxed e-con e-parent\" data-id=\"0adadb7\" data-element_type=\"container\" data-e-type=\"container\" data-settings=\"{&quot;background_background&quot;:&quot;classic&quot;}\">\n\t\t\t\t\t<div class=\"e-con-inner\">\n\t\t<div class=\"elementor-element elementor-element-8390873 e-con-full e-flex e-con e-child\" data-id=\"8390873\" data-element_type=\"container\" data-e-type=\"container\" data-settings=\"{&quot;background_background&quot;:&quot;classic&quot;}\">\n\t\t\t\t<div class=\"elementor-element elementor-element-bc5a338 elementor-grid-3 elementor-grid-tablet-2 elementor-grid-mobile-1 elementor-posts--thumbnail-top elementor-card-shadow-yes elementor-posts__hover-gradient elementor-widget elementor-widget-posts\" data-id=\"bc5a338\" data-element_type=\"widget\" data-e-type=\"widget\" data-settings=\"{&quot;cards_columns&quot;:&quot;3&quot;,&quot;cards_columns_tablet&quot;:&quot;2&quot;,&quot;cards_columns_mobile&quot;:&quot;1&quot;,&quot;cards_row_gap&quot;:{&quot;unit&quot;:&quot;px&quot;,&quot;size&quot;:35,&quot;sizes&quot;:[]},&quot;cards_row_gap_laptop&quot;:{&quot;unit&quot;:&quot;px&quot;,&quot;size&quot;:&quot;&quot;,&quot;sizes&quot;:[]},&quot;cards_row_gap_tablet_extra&quot;:{&quot;unit&quot;:&quot;px&quot;,&quot;size&quot;:&quot;&quot;,&quot;sizes&quot;:[]},&quot;cards_row_gap_tablet&quot;:{&quot;unit&quot;:&quot;px&quot;,&quot;size&quot;:&quot;&quot;,&quot;sizes&quot;:[]},&quot;cards_row_gap_mobile_extra&quot;:{&quot;unit&quot;:&quot;px&quot;,&quot;size&quot;:&quot;&quot;,&quot;sizes&quot;:[]},&quot;cards_row_gap_mobile&quot;:{&quot;unit&quot;:&quot;px&quot;,&quot;size&quot;:&quot;&quot;,&quot;sizes&quot;:[]}}\" data-widget_type=\"posts.cards\">\n\t\t\t\t<div class=\"elementor-widget-container\">\n\t\t\t\t\t\t\t<div class=\"elementor-posts-container elementor-posts elementor-posts--skin-cards elementor-grid\" role=\"list\">\n\t\t\t\t<article class=\"elementor-post elementor-grid-item post-607 page type-page status-publish has-post-thumbnail hentry\" role=\"listitem\">\n\t\t\t<div class=\"elementor-post__card\">\n\t\t\t\t<a class=\"elementor-post__thumbnail__link\" href=\"https:\/\/sano-agrar.hu\/de\/technologia\/epulet\/\" tabindex=\"-1\" ><div class=\"elementor-post__thumbnail\"><img fetchpriority=\"high\" decoding=\"async\" width=\"768\" height=\"576\" src=\"https:\/\/sano-agrar.hu\/wp-content\/uploads\/2026\/02\/4-technologia-uvegistallo-768x576.jpg\" class=\"attachment-medium_large size-medium_large wp-image-3580\" alt=\"\" srcset=\"https:\/\/sano-agrar.hu\/wp-content\/uploads\/2026\/02\/4-technologia-uvegistallo-768x576.jpg 768w, https:\/\/sano-agrar.hu\/wp-content\/uploads\/2026\/02\/4-technologia-uvegistallo-300x225.jpg 300w, https:\/\/sano-agrar.hu\/wp-content\/uploads\/2026\/02\/4-technologia-uvegistallo-1280x960.jpg 1280w, https:\/\/sano-agrar.hu\/wp-content\/uploads\/2026\/02\/4-technologia-uvegistallo-16x12.jpg 16w, https:\/\/sano-agrar.hu\/wp-content\/uploads\/2026\/02\/4-technologia-uvegistallo.jpg 1440w\" sizes=\"(max-width: 768px) 100vw, 768px\" \/><\/div><\/a>\n\t\t\t\t<div class=\"elementor-post__text\">\n\t\t\t\t<h3 class=\"elementor-post__title\">\n\t\t\t<a href=\"https:\/\/sano-agrar.hu\/de\/technologia\/epulet\/\" >\n\t\t\t\t\u00c9p\u00fclet\t\t\t<\/a>\n\t\t<\/h3>\n\t\t\t\t<div class=\"elementor-post__excerpt\">\n\t\t\t<p>Egyed\u00fcl\u00e1ll\u00f3 \u00e9p\u00fcletegy\u00fcttes \u00fcvegist\u00e1ll\u00f3val A modern termel\u0151 \u00e9s bemutat\u00f3 c\u00e9l\u00fa sert\u00e9start\u00f3 \u00fczem 6 ist\u00e1ll\u00f3b\u00f3l \u00e1ll: csoportos kocasz\u00e1ll\u00e1s, vemhes\u00edt\u0151, fiaztat\u00f3, batt\u00e9ria, k\u00eds\u00e9rleti hizlalda, karant\u00e9n ist\u00e1ll\u00f3. Ezekhez<\/p>\n\t\t<\/div>\n\t\t\n\t\t<a class=\"elementor-post__read-more\" href=\"https:\/\/sano-agrar.hu\/de\/technologia\/epulet\/\" aria-label=\"Read more about \u00c9p\u00fclet\" tabindex=\"-1\" >\n\t\t\t<i class=\"btn-icon button-before fa fa-chevron-right\"><\/i>&nbsp;Tov\u00e1bbi inform\u00e1ci\u00f3\t\t<\/a>\n\n\t\t\t\t<\/div>\n\t\t\t\t\t<\/div>\n\t\t<\/article>\n\t\t\t\t<article class=\"elementor-post elementor-grid-item post-612 page type-page status-publish has-post-thumbnail hentry\" role=\"listitem\">\n\t\t\t<div class=\"elementor-post__card\">\n\t\t\t\t<a class=\"elementor-post__thumbnail__link\" href=\"https:\/\/sano-agrar.hu\/de\/technologia\/takarmanyozas\/\" tabindex=\"-1\" ><div class=\"elementor-post__thumbnail\"><img decoding=\"async\" width=\"768\" height=\"656\" src=\"https:\/\/sano-agrar.hu\/wp-content\/uploads\/2026\/02\/4-technologia-takarmanyozas-768x656.jpg\" class=\"attachment-medium_large size-medium_large wp-image-3578\" alt=\"\" srcset=\"https:\/\/sano-agrar.hu\/wp-content\/uploads\/2026\/02\/4-technologia-takarmanyozas-768x656.jpg 768w, https:\/\/sano-agrar.hu\/wp-content\/uploads\/2026\/02\/4-technologia-takarmanyozas-300x256.jpg 300w, https:\/\/sano-agrar.hu\/wp-content\/uploads\/2026\/02\/4-technologia-takarmanyozas-14x12.jpg 14w, https:\/\/sano-agrar.hu\/wp-content\/uploads\/2026\/02\/4-technologia-takarmanyozas.jpg 1265w\" sizes=\"(max-width: 768px) 100vw, 768px\" \/><\/div><\/a>\n\t\t\t\t<div class=\"elementor-post__text\">\n\t\t\t\t<h3 class=\"elementor-post__title\">\n\t\t\t<a href=\"https:\/\/sano-agrar.hu\/de\/technologia\/takarmanyozas\/\" >\n\t\t\t\tTakarm\u00e1nyoz\u00e1s\t\t\t<\/a>\n\t\t<\/h3>\n\t\t\t\t<div class=\"elementor-post__excerpt\">\n\t\t\t<p>A takarm\u00e1nyoz\u00e1s in-line rendszerben, el\u0151re megadott recept\u00far\u00e1k \u00e9s etet\u00e9si program keret\u00e9ben val\u00f3sul meg. A kever\u0151\u00fczem az el\u0151k\u00e9sz\u00edtett komponensekb\u0151l a megadott id\u0151 \u00e9s mennyis\u00e9gi param\u00e9terek<\/p>\n\t\t<\/div>\n\t\t\n\t\t<a class=\"elementor-post__read-more\" href=\"https:\/\/sano-agrar.hu\/de\/technologia\/takarmanyozas\/\" aria-label=\"Read more about Takarm\u00e1nyoz\u00e1s\" tabindex=\"-1\" >\n\t\t\t<i class=\"btn-icon button-before fa fa-chevron-right\"><\/i>&nbsp;Tov\u00e1bbi inform\u00e1ci\u00f3\t\t<\/a>\n\n\t\t\t\t<\/div>\n\t\t\t\t\t<\/div>\n\t\t<\/article>\n\t\t\t\t<article class=\"elementor-post elementor-grid-item post-617 page type-page status-publish has-post-thumbnail hentry\" role=\"listitem\">\n\t\t\t<div class=\"elementor-post__card\">\n\t\t\t\t<a class=\"elementor-post__thumbnail__link\" href=\"https:\/\/sano-agrar.hu\/de\/technologia\/legtechnika\/\" tabindex=\"-1\" ><div class=\"elementor-post__thumbnail\"><img decoding=\"async\" width=\"768\" height=\"457\" src=\"https:\/\/sano-agrar.hu\/wp-content\/uploads\/2026\/02\/4-technologia-legtechnika-768x457.jpg\" class=\"attachment-medium_large size-medium_large wp-image-3577\" alt=\"\" srcset=\"https:\/\/sano-agrar.hu\/wp-content\/uploads\/2026\/02\/4-technologia-legtechnika-768x457.jpg 768w, https:\/\/sano-agrar.hu\/wp-content\/uploads\/2026\/02\/4-technologia-legtechnika-300x179.jpg 300w, https:\/\/sano-agrar.hu\/wp-content\/uploads\/2026\/02\/4-technologia-legtechnika-1280x762.jpg 1280w, https:\/\/sano-agrar.hu\/wp-content\/uploads\/2026\/02\/4-technologia-legtechnika-1536x915.jpg 1536w, https:\/\/sano-agrar.hu\/wp-content\/uploads\/2026\/02\/4-technologia-legtechnika-18x12.jpg 18w, https:\/\/sano-agrar.hu\/wp-content\/uploads\/2026\/02\/4-technologia-legtechnika.jpg 1813w\" sizes=\"(max-width: 768px) 100vw, 768px\" \/><\/div><\/a>\n\t\t\t\t<div class=\"elementor-post__text\">\n\t\t\t\t<h3 class=\"elementor-post__title\">\n\t\t\t<a href=\"https:\/\/sano-agrar.hu\/de\/technologia\/legtechnika\/\" >\n\t\t\t\tL\u00e9gtechnika \u00e9s h\u0171t\u00e9s\t\t\t<\/a>\n\t\t<\/h3>\n\t\t\t\t<div class=\"elementor-post__excerpt\">\n\t\t\t<p>Az ist\u00e1ll\u00f3k k\u00e9nyszer szell\u0151ztet\u00e9ssel m\u0171k\u00f6dnek, ez\u00e9rt a homlokzatukon egy-egy h\u0171t\u0151torony helyezkedik el, amelyek csepegtet\u0151s h\u0171t\u0151rendszerrel vannak felszerelve. A ny\u00e1ri \u00fczemm\u00f3dban a friss leveg\u0151 egy<\/p>\n\t\t<\/div>\n\t\t\n\t\t<a class=\"elementor-post__read-more\" href=\"https:\/\/sano-agrar.hu\/de\/technologia\/legtechnika\/\" aria-label=\"Read more about L\u00e9gtechnika \u00e9s h\u0171t\u00e9s\" tabindex=\"-1\" >\n\t\t\t<i class=\"btn-icon button-before fa fa-chevron-right\"><\/i>&nbsp;Tov\u00e1bbi inform\u00e1ci\u00f3\t\t<\/a>\n\n\t\t\t\t<\/div>\n\t\t\t\t\t<\/div>\n\t\t<\/article>\n\t\t\t\t<article class=\"elementor-post elementor-grid-item post-622 page type-page status-publish has-post-thumbnail hentry\" role=\"listitem\">\n\t\t\t<div class=\"elementor-post__card\">\n\t\t\t\t<a class=\"elementor-post__thumbnail__link\" href=\"https:\/\/sano-agrar.hu\/de\/technologia\/tragyakezeles\/\" tabindex=\"-1\" ><div class=\"elementor-post__thumbnail\"><img loading=\"lazy\" decoding=\"async\" width=\"768\" height=\"576\" src=\"https:\/\/sano-agrar.hu\/wp-content\/uploads\/2026\/02\/4-technologia-tragyakezeles-768x576.jpg\" class=\"attachment-medium_large size-medium_large wp-image-3579\" alt=\"\" srcset=\"https:\/\/sano-agrar.hu\/wp-content\/uploads\/2026\/02\/4-technologia-tragyakezeles-768x576.jpg 768w, https:\/\/sano-agrar.hu\/wp-content\/uploads\/2026\/02\/4-technologia-tragyakezeles-300x225.jpg 300w, https:\/\/sano-agrar.hu\/wp-content\/uploads\/2026\/02\/4-technologia-tragyakezeles-1280x960.jpg 1280w, https:\/\/sano-agrar.hu\/wp-content\/uploads\/2026\/02\/4-technologia-tragyakezeles-16x12.jpg 16w, https:\/\/sano-agrar.hu\/wp-content\/uploads\/2026\/02\/4-technologia-tragyakezeles.jpg 1440w\" sizes=\"(max-width: 768px) 100vw, 768px\" \/><\/div><\/a>\n\t\t\t\t<div class=\"elementor-post__text\">\n\t\t\t\t<h3 class=\"elementor-post__title\">\n\t\t\t<a href=\"https:\/\/sano-agrar.hu\/de\/technologia\/tragyakezeles\/\" >\n\t\t\t\tTr\u00e1gyakezel\u00e9s\t\t\t<\/a>\n\t\t<\/h3>\n\t\t\t\t<div class=\"elementor-post__excerpt\">\n\t\t\t<p>A tr\u00e1gyakezel\u00e9s lag\u00fan\u00e1s rendszerrel t\u00f6rt\u00e9nik, amelyn\u00e9l lehets\u00e9ges az \u00fcr\u00edt\u00e9s el\u0151tt egy k\u00fcl\u00f6n erre a c\u00e9lra kialak\u00edtott cs\u0151rendszeren kereszt\u00fcl \u00e1t\u00f6bl\u00edteni a lag\u00fan\u00e1kat. Az \u00e1t\u00f6bl\u00edt\u00e9st kezel\u0151i<\/p>\n\t\t<\/div>\n\t\t\n\t\t<a class=\"elementor-post__read-more\" href=\"https:\/\/sano-agrar.hu\/de\/technologia\/tragyakezeles\/\" aria-label=\"Read more about Tr\u00e1gyakezel\u00e9s\" tabindex=\"-1\" >\n\t\t\t<i class=\"btn-icon button-before fa fa-chevron-right\"><\/i>&nbsp;Tov\u00e1bbi inform\u00e1ci\u00f3\t\t<\/a>\n\n\t\t\t\t<\/div>\n\t\t\t\t\t<\/div>\n\t\t<\/article>\n\t\t\t\t<\/div>\n\t\t\n\t\t\t\t\t\t<\/div>\n\t\t\t\t<\/div>\n\t\t\t\t<\/div>\n\t\t\t\t\t<\/div>\n\t\t\t\t<\/div>\n\t\t\t\t<\/div>","protected":false},"excerpt":{"rendered":"<p>Integr\u00e1lt, \u00e1tl\u00e1that\u00f3 \u00e9s j\u00f6v\u0151orient\u00e1lt megold\u00e1sok A Sano Agrar Institut sert\u00e9start\u00f3 mintagazdas\u00e1g\u00e1nak technol\u00f3giai rendszere egyed\u00fcl\u00e1ll\u00f3 m\u00f3don \u00f6tv\u00f6zi a korszer\u0171 termel\u00e9st, a kutat\u00e1s-fejleszt\u00e9st \u00e9s a bemutat\u00f3 funkci\u00f3kat.<\/p>","protected":false},"author":1,"featured_media":0,"parent":0,"menu_order":5,"comment_status":"closed","ping_status":"closed","template":"","meta":{"footnotes":""},"class_list":["post-602","page","type-page","status-publish","hentry"],"_links":{"self":[{"href":"https:\/\/sano-agrar.hu\/de\/wp-json\/wp\/v2\/pages\/602","targetHints":{"allow":["GET"]}}],"collection":[{"href":"https:\/\/sano-agrar.hu\/de\/wp-json\/wp\/v2\/pages"}],"about":[{"href":"https:\/\/sano-agrar.hu\/de\/wp-json\/wp\/v2\/types\/page"}],"author":[{"embeddable":true,"href":"https:\/\/sano-agrar.hu\/de\/wp-json\/wp\/v2\/users\/1"}],"replies":[{"embeddable":true,"href":"https:\/\/sano-agrar.hu\/de\/wp-json\/wp\/v2\/comments?post=602"}],"version-history":[{"count":4,"href":"https:\/\/sano-agrar.hu\/de\/wp-json\/wp\/v2\/pages\/602\/revisions"}],"predecessor-version":[{"id":3939,"href":"https:\/\/sano-agrar.hu\/de\/wp-json\/wp\/v2\/pages\/602\/revisions\/3939"}],"wp:attachment":[{"href":"https:\/\/sano-agrar.hu\/de\/wp-json\/wp\/v2\/media?parent=602"}],"curies":[{"name":"wp","href":"https:\/\/api.w.org\/{rel}","templated":true}]}}