{"id":592,"date":"2024-02-12T07:10:17","date_gmt":"2024-02-12T06:10:17","guid":{"rendered":"https:\/\/sano-agrar.hu\/?page_id=592"},"modified":"2026-03-05T14:41:24","modified_gmt":"2026-03-05T13:41:24","slug":"malacneveles","status":"publish","type":"page","link":"https:\/\/sano-agrar.hu\/de\/sertestenyesztes\/malacneveles\/","title":{"rendered":"Malacnevel\u00e9s"},"content":{"rendered":"<div data-elementor-type=\"wp-page\" data-elementor-id=\"592\" class=\"elementor elementor-592\" data-elementor-post-type=\"page\">\n\t\t\t\t\t\t<section class=\"elementor-section elementor-top-section elementor-element elementor-element-b82f20b elementor-section-boxed elementor-section-height-default elementor-section-height-default\" data-id=\"b82f20b\" data-element_type=\"section\" data-e-type=\"section\">\n\t\t\t\t\t\t<div class=\"elementor-container elementor-column-gap-default\">\n\t\t\t\t\t<div class=\"elementor-column elementor-col-100 elementor-top-column elementor-element elementor-element-e1a6160\" data-id=\"e1a6160\" data-element_type=\"column\" data-e-type=\"column\">\n\t\t\t<div class=\"elementor-widget-wrap elementor-element-populated\">\n\t\t\t\t\t\t\t<\/div>\n\t\t<\/div>\n\t\t\t\t\t<\/div>\n\t\t<\/section>\n\t\t<div class=\"elementor-element elementor-element-cd68ca9 e-flex e-con-boxed e-con e-parent\" data-id=\"cd68ca9\" data-element_type=\"container\" data-e-type=\"container\" data-settings=\"{&quot;shape_divider_top&quot;:&quot;curve&quot;}\">\n\t\t\t\t\t<div class=\"e-con-inner\">\n\t\t\t\t<div class=\"elementor-shape elementor-shape-top\" aria-hidden=\"true\" data-negative=\"false\">\n\t\t\t<svg xmlns=\"http:\/\/www.w3.org\/2000\/svg\" viewbox=\"0 0 1000 100\" preserveaspectratio=\"none\">\n    <path class=\"elementor-shape-fill\" d=\"M1000,4.3V0H0v4.3C0.9,23.1,126.7,99.2,500,100S1000,22.7,1000,4.3z\"\/>\n<\/svg>\t\t<\/div>\n\t\t<div class=\"elementor-element elementor-element-5c2ea13 e-con-full e-flex e-con e-child\" data-id=\"5c2ea13\" data-element_type=\"container\" data-e-type=\"container\">\n\t\t\t\t<div class=\"elementor-element elementor-element-96eeba1 elementor-widget__width-initial elementor-widget elementor-widget-text-editor\" data-id=\"96eeba1\" data-element_type=\"widget\" data-e-type=\"widget\" data-widget_type=\"text-editor.default\">\n\t\t\t\t<div class=\"elementor-widget-container\">\n\t\t\t\t\t\t\t\t\t<p>A Sano Agrar Institut sert\u00e9start\u00f3 mintagazdas\u00e1g\u00e1ban a malacnevel\u00e9s m\u00e1r a fiaztat\u00f3ban megkezd\u0151dik, szigor\u00faan szervezett technol\u00f3giai \u00e9s takarm\u00e1nyoz\u00e1si rendszer ment\u00e9n. C\u00e9lunk az eg\u00e9szs\u00e9ges, egy\u00f6ntet\u0171 malacok felnevel\u00e9se, a magas napi testt\u00f6meg-gyarapod\u00e1s el\u00e9r\u00e9se, valamint a v\u00e1laszt\u00e1s ut\u00e1ni probl\u00e9m\u00e1k minimaliz\u00e1l\u00e1sa \u2013 mindezt a Sano malactakarm\u00e1nyoz\u00e1si koncepci\u00f3j\u00e1ra alapozva.<\/p><p>\u00a0<\/p><h4>Szop\u00f3smalac-nevel\u00e9s a fiaztat\u00f3ban<\/h4><p>A fiaztat\u00e1sok hetente, cs\u00fct\u00f6rt\u00f6kt\u0151l vas\u00e1rnapig zajlanak, a fial\u00e1si d\u00f6mping idej\u00e9n folyamatos nappali \u00e9s \u00e9jszakai fel\u00fcgyelet mellett. A koc\u00e1k vas\u00e1rnap ker\u00fclnek \u00e1t a fiaztat\u00f3ba el\u0151zetes f\u00fcr\u00f6szt\u00e9st k\u00f6vet\u0151en. A malacok ell\u00e1t\u00e1sa m\u00e1r a sz\u00fclet\u00e9st k\u00f6vet\u0151en megkezd\u0151dik: k\u00f6ld\u00f6kfert\u0151tlen\u00edt\u00e9s, vasinjekci\u00f3, her\u00e9l\u00e9s, valamint a sz\u00fcks\u00e9ges vakcin\u00e1z\u00e1sok (circov\u00edrus \u00e9s mycoplasma 21 napos korban).<\/p><p>A nagy almok \u00e9s az elt\u00e9r\u0151 malacm\u00e9retek miatt 3 l\u00e9pcs\u0151s dajk\u00e1s\u00edt\u00e1st alkalmazunk csecssz\u00e1m, l\u00e9tsz\u00e1m \u00e9s tests\u00faly alapj\u00e1n, ezzel biztos\u00edtva az egyenletes fejl\u0151d\u00e9st. A korai szakaszban kiemelt figyelmet ford\u00edtunk a b\u00e9lfl\u00f3ra stabiliz\u00e1l\u00e1s\u00e1ra \u00e9s a hasmen\u00e9sek megel\u0151z\u00e9s\u00e9re, mivel ez alapvet\u0151en meghat\u00e1rozza a k\u00e9s\u0151bbi teljes\u00edtm\u00e9nyt.<\/p>\t\t\t\t\t\t\t\t<\/div>\n\t\t\t\t<\/div>\n\t\t\t\t<\/div>\n\t\t<div class=\"elementor-element elementor-element-fd57948 e-flex e-con-boxed e-con e-child\" data-id=\"fd57948\" data-element_type=\"container\" data-e-type=\"container\">\n\t\t\t\t\t<div class=\"e-con-inner\">\n\t\t\t\t<div class=\"elementor-element elementor-element-a50d8b8 elementor-widget elementor-widget-theme-post-featured-image elementor-widget-image\" data-id=\"a50d8b8\" data-element_type=\"widget\" data-e-type=\"widget\" data-widget_type=\"theme-post-featured-image.default\">\n\t\t\t\t<div class=\"elementor-widget-container\">\n\t\t\t\t\t\t\t\t\t\t\t\t\t\t\t\t<a href=\"https:\/\/sano-agrar.hu\/wp-content\/uploads\/2026\/02\/22-malacneveles.jpg\" data-elementor-open-lightbox=\"yes\" data-elementor-lightbox-title=\"Malacnevel\u00e9s\" data-e-action-hash=\"#elementor-action%3Aaction%3Dlightbox%26settings%3DeyJpZCI6MzU2MywidXJsIjoiaHR0cHM6XC9cL3Nhbm8tYWdyYXIuaHVcL3dwLWNvbnRlbnRcL3VwbG9hZHNcLzIwMjZcLzAyXC8yMi1tYWxhY25ldmVsZXMuanBnIn0%3D\">\n\t\t\t\t\t\t\t<img fetchpriority=\"high\" decoding=\"async\" width=\"768\" height=\"576\" src=\"https:\/\/sano-agrar.hu\/wp-content\/uploads\/2026\/02\/22-malacneveles-768x576.jpg\" class=\"attachment-medium_large size-medium_large wp-image-3563\" alt=\"\" srcset=\"https:\/\/sano-agrar.hu\/wp-content\/uploads\/2026\/02\/22-malacneveles-768x576.jpg 768w, https:\/\/sano-agrar.hu\/wp-content\/uploads\/2026\/02\/22-malacneveles-300x225.jpg 300w, https:\/\/sano-agrar.hu\/wp-content\/uploads\/2026\/02\/22-malacneveles-1280x960.jpg 1280w, https:\/\/sano-agrar.hu\/wp-content\/uploads\/2026\/02\/22-malacneveles-16x12.jpg 16w, https:\/\/sano-agrar.hu\/wp-content\/uploads\/2026\/02\/22-malacneveles.jpg 1440w\" sizes=\"(max-width: 768px) 100vw, 768px\" \/>\t\t\t\t\t\t\t\t<\/a>\n\t\t\t\t\t\t\t\t\t\t\t\t\t\t\t<\/div>\n\t\t\t\t<\/div>\n\t\t\t\t\t<\/div>\n\t\t\t\t<\/div>\n\t\t\t\t\t<\/div>\n\t\t\t\t<\/div>\n\t\t<div class=\"elementor-element elementor-element-6369e69 e-flex e-con-boxed e-con e-parent\" data-id=\"6369e69\" data-element_type=\"container\" data-e-type=\"container\">\n\t\t\t\t\t<div class=\"e-con-inner\">\n\t\t<div class=\"elementor-element elementor-element-64fb0a0 e-flex e-con-boxed e-con e-child\" data-id=\"64fb0a0\" data-element_type=\"container\" data-e-type=\"container\">\n\t\t\t\t\t<div class=\"e-con-inner\">\n\t\t\t\t<div class=\"elementor-element elementor-element-6ad3bcd elementor-widget elementor-widget-text-editor\" data-id=\"6ad3bcd\" data-element_type=\"widget\" data-e-type=\"widget\" data-widget_type=\"text-editor.default\">\n\t\t\t\t<div class=\"elementor-widget-container\">\n\t\t\t\t\t\t\t\t\t<h4>Tejp\u00f3tl\u00e1s \u00e9s korai takarm\u00e1nyoz\u00e1s<\/h4><p>A malacok 3\u20134 napos kort\u00f3l kapj\u00e1k a <a href=\"https:\/\/sano.hu\/S10411000-HU-sanammat-f\" target=\"_blank\" rel=\"noopener\"><strong>SanAmmat F\u00ae<\/strong><\/a> tejp\u00f3tl\u00f3t ad libitum, amely eg\u00e9szen 21\u201322 napos korig \u00e1ll rendelkez\u00e9s\u00fckre. A tejp\u00f3tl\u00f3 itat\u00e1sa automatiz\u00e1lt rendszerrel t\u00f6rt\u00e9nik: a g\u00e9p az almok ig\u00e9nyeihez igazodva, frissen \u00e9s higi\u00e9nikusan juttatja ki a tejp\u00f3tl\u00f3t. A v\u00e1laszt\u00e1s el\u0151tti utols\u00f3 4 napban tudatosan le\u00e1ll\u00edtjuk a tejp\u00f3tl\u00f3 itat\u00e1s\u00e1t, ezzel seg\u00edtve a szil\u00e1rd takarm\u00e1nyhoz val\u00f3 z\u00f6kken\u0151mentes \u00e1t\u00e1ll\u00e1st. A kieg\u00e9sz\u00edt\u0151t tejitat\u00e1s plusz 520 gramm t\u00f6meggyarapod\u00e1st jelent \u00e1llatonk\u00e9nt.<br \/>7\u201310 napos kort\u00f3l a malacok <a href=\"https:\/\/sano.hu\/S41121000-HU-bonni-m-forte\" target=\"_blank\" rel=\"noopener\"><strong>Bonni M\u00ae<\/strong><\/a> kieg\u00e9sz\u00edt\u0151 takarm\u00e1nyt kapnak 18 napos korig, majd ezt k\u00f6vet\u0151en <strong>prestartert<\/strong> etet\u00fcnk v\u00e1laszt\u00e1sig. A c\u00e9l a 7,5\u20138,5 kg-os v\u00e1laszt\u00e1si s\u00faly el\u00e9r\u00e9se, ami biztos alapot ad a sikeres indul\u00e1s\u00e1hoz a neveld\u00e9ben.<\/p>\t\t\t\t\t\t\t\t<\/div>\n\t\t\t\t<\/div>\n\t\t\t\t\t<\/div>\n\t\t\t\t<\/div>\n\t\t\t\t\t<\/div>\n\t\t\t\t<\/div>\n\t\t<div class=\"elementor-element elementor-element-40067dc e-flex e-con-boxed e-con e-parent\" data-id=\"40067dc\" data-element_type=\"container\" data-e-type=\"container\">\n\t\t\t\t\t<div class=\"e-con-inner\">\n\t\t<div class=\"elementor-element elementor-element-759fdd3 e-con-full e-flex e-con e-child\" data-id=\"759fdd3\" data-element_type=\"container\" data-e-type=\"container\">\n\t\t\t\t<div class=\"elementor-element elementor-element-635cf9e elementor-widget elementor-widget-image\" data-id=\"635cf9e\" data-element_type=\"widget\" data-e-type=\"widget\" data-widget_type=\"image.default\">\n\t\t\t\t<div class=\"elementor-widget-container\">\n\t\t\t\t\t\t\t\t\t\t\t\t\t\t\t\t<a href=\"https:\/\/sano-agrar.hu\/wp-content\/uploads\/2026\/02\/22-malacneveles-valasztas.jpg\" data-elementor-open-lightbox=\"yes\" data-elementor-lightbox-title=\"Malacnevel\u00e9s v\u00e1laszt\u00e1s\" data-e-action-hash=\"#elementor-action%3Aaction%3Dlightbox%26settings%3DeyJpZCI6MzU2NiwidXJsIjoiaHR0cHM6XC9cL3Nhbm8tYWdyYXIuaHVcL3dwLWNvbnRlbnRcL3VwbG9hZHNcLzIwMjZcLzAyXC8yMi1tYWxhY25ldmVsZXMtdmFsYXN6dGFzLmpwZyJ9\">\n\t\t\t\t\t\t\t<img decoding=\"async\" width=\"768\" height=\"576\" src=\"https:\/\/sano-agrar.hu\/wp-content\/uploads\/2026\/02\/22-malacneveles-valasztas-768x576.jpg\" class=\"attachment-medium_large size-medium_large wp-image-3566\" alt=\"\" srcset=\"https:\/\/sano-agrar.hu\/wp-content\/uploads\/2026\/02\/22-malacneveles-valasztas-768x576.jpg 768w, https:\/\/sano-agrar.hu\/wp-content\/uploads\/2026\/02\/22-malacneveles-valasztas-300x225.jpg 300w, https:\/\/sano-agrar.hu\/wp-content\/uploads\/2026\/02\/22-malacneveles-valasztas-1280x960.jpg 1280w, https:\/\/sano-agrar.hu\/wp-content\/uploads\/2026\/02\/22-malacneveles-valasztas-16x12.jpg 16w, https:\/\/sano-agrar.hu\/wp-content\/uploads\/2026\/02\/22-malacneveles-valasztas.jpg 1440w\" sizes=\"(max-width: 768px) 100vw, 768px\" \/>\t\t\t\t\t\t\t\t<\/a>\n\t\t\t\t\t\t\t\t\t\t\t\t\t\t\t<\/div>\n\t\t\t\t<\/div>\n\t\t\t\t<\/div>\n\t\t<div class=\"elementor-element elementor-element-55cbae4 e-con-full e-flex e-con e-child\" data-id=\"55cbae4\" data-element_type=\"container\" data-e-type=\"container\">\n\t\t\t\t<div class=\"elementor-element elementor-element-772b85b elementor-widget elementor-widget-text-editor\" data-id=\"772b85b\" data-element_type=\"widget\" data-e-type=\"widget\" data-widget_type=\"text-editor.default\">\n\t\t\t\t<div class=\"elementor-widget-container\">\n\t\t\t\t\t\t\t\t\t<h4>V\u00e1laszt\u00e1s \u00e9s malacnevel\u00e9s<\/h4><p>Az antibiotikum n\u00e9lk\u00fcli v\u00e1laszt\u00e1s \u00e1tlagosan 26 napos korban t\u00f6rt\u00e9nik, 8+ kg-os tests\u00fallyal. \u00c1tlagosan 14,6 malacot v\u00e1lasztunk koc\u00e1nk\u00e9nt, az \u00e9ves termel\u00e9si mutat\u00f3 pedig <strong>35 v\u00e1lasztott malac\/koca\/\u00e9v.<\/strong><\/p><p>A v\u00e1laszt\u00e1s mindig cs\u00fct\u00f6rt\u00f6k\u00f6n van, ekkor ker\u00fclnek \u00e1t az \u00e1llatok a fiaztat\u00f3b\u00f3l a malacneveld\u00e9be. A nevel\u00e9s alatti takarm\u00e1nyoz\u00e1s k\u00e9t f\u00e1zisban zajlik:<\/p><ul><li><strong>Prestarter:<\/strong> v\u00e1laszt\u00e1st\u00f3l kb. 42\u201345 napos korig<\/li><li><strong>Malacstarter:<\/strong> 42-45 napos kort\u00f3l az \u00e9rt\u00e9kes\u00edt\u00e9sig<\/li><\/ul><p>A malacok a neveld\u00e9ben 25 kg-os tests\u00falyig maradnak, ezt k\u00f6vet\u0151en a t\u00f6bbs\u00e9g\u00fck \u00e9rt\u00e9kes\u00edt\u00e9sre ker\u00fcl, m\u00edg kisebb h\u00e1nyaduk a hizlald\u00e1ba megy. A malacneveld\u00e9ben az \u00e1tlagos <strong>napi testt\u00f6meg-gyarapod\u00e1s 450 g<\/strong> felett van, <strong>a fajlagos takarm\u00e1nyfelhaszn\u00e1l\u00e1s 1,81 kg.<\/strong><\/p><p>A malacok v\u00edzell\u00e1t\u00e1sa cs\u00e9sz\u00e9s \u00e9s szop\u00f3k\u00e1s itat\u00f3b\u00f3l folyamatosan biztos\u00edtva van.<\/p>\t\t\t\t\t\t\t\t<\/div>\n\t\t\t\t<\/div>\n\t\t\t\t<\/div>\n\t\t\t\t\t<\/div>\n\t\t\t\t<\/div>\n\t\t<div class=\"elementor-element elementor-element-3bebcc7 e-flex e-con-boxed e-con e-parent\" data-id=\"3bebcc7\" data-element_type=\"container\" data-e-type=\"container\" data-settings=\"{&quot;background_background&quot;:&quot;classic&quot;}\">\n\t\t\t\t\t<div class=\"e-con-inner\">\n\t\t<div class=\"elementor-element elementor-element-f50a694 e-con-full e-flex e-con e-child\" data-id=\"f50a694\" data-element_type=\"container\" data-e-type=\"container\">\n\t\t\t\t<div class=\"elementor-element elementor-element-e02e1c7 elementor-widget elementor-widget-text-editor\" data-id=\"e02e1c7\" data-element_type=\"widget\" data-e-type=\"widget\" data-widget_type=\"text-editor.default\">\n\t\t\t\t<div class=\"elementor-widget-container\">\n\t\t\t\t\t\t\t\t\t<h4>Tart\u00e1stechnol\u00f3gia \u00e9s takarm\u00e1nyoz\u00e1si rugalmass\u00e1g<\/h4><p>A malacnevel\u0151 termek f\u00e9lig m\u0171anyag, f\u00e9lig beton r\u00e1csos padozattal rendelkeznek, malacb\u00fav\u00f3val \u00e9s k\u00fcl\u00f6n f\u0171t\u00f6tt malact\u00e9rrel, valamint j\u00e1t\u00e9kokkal felszerelve. A teremf\u0171t\u00e9st elsz\u00edv\u00e1sos l\u00e9gtechnika \u00e9s szab\u00e1lyozott szell\u0151z\u00e9s eg\u00e9sz\u00edti ki, ami stabil kl\u00edm\u00e1t biztos\u00edt a malacok sz\u00e1m\u00e1ra.<\/p><p>Kombin\u00e1lt etet\u0151ket haszn\u00e1lunk k\u00e1rment\u0151 lemezzel. Egy boxba 26-27 malac ker\u00fcl (0,33 m2\/db), \u00edgy egy etet\u0151re 52-54 malac jut.<\/p><p>A takarm\u00e1nyoz\u00e1si technol\u00f3gi\u00e1t \u00fagy alak\u00edtottuk ki, hogy takarm\u00e1nyoz\u00e1si k\u00eds\u00e9rletek lebonyol\u00edt\u00e1s\u00e1ra is alkalmas legyen:<\/p><ul><li>a termek k\u00fcl\u00f6n-k\u00fcl\u00f6n takarm\u00e1nyozhat\u00f3ak,<\/li><li>egyes termekben az etet\u0151k is egyedileg szab\u00e1lyozhat\u00f3k, azaz azonos l\u00e9gt\u00e9ren bel\u00fcl elt\u00e9r\u0151 recept\u00far\u00e1k adagolhat\u00f3k a k\u00fcl\u00f6nb\u00f6z\u0151 etet\u0151kbe.<\/li><\/ul>\t\t\t\t\t\t\t\t<\/div>\n\t\t\t\t<\/div>\n\t\t\t\t<\/div>\n\t\t<div class=\"elementor-element elementor-element-69fef38 e-con-full e-flex e-con e-child\" data-id=\"69fef38\" data-element_type=\"container\" data-e-type=\"container\">\n\t\t\t\t<div class=\"elementor-element elementor-element-fb27eb9 elementor-widget elementor-widget-image\" data-id=\"fb27eb9\" data-element_type=\"widget\" data-e-type=\"widget\" data-widget_type=\"image.default\">\n\t\t\t\t<div class=\"elementor-widget-container\">\n\t\t\t\t\t\t\t\t\t\t\t\t\t\t\t\t<a href=\"https:\/\/sano-agrar.hu\/wp-content\/uploads\/2026\/02\/22-malacneveles-technologia.jpg\" data-elementor-open-lightbox=\"yes\" data-elementor-lightbox-title=\"Malacnevel\u00e9s technol\u00f3gia\" data-e-action-hash=\"#elementor-action%3Aaction%3Dlightbox%26settings%3DeyJpZCI6MzU2NSwidXJsIjoiaHR0cHM6XC9cL3Nhbm8tYWdyYXIuaHVcL3dwLWNvbnRlbnRcL3VwbG9hZHNcLzIwMjZcLzAyXC8yMi1tYWxhY25ldmVsZXMtdGVjaG5vbG9naWEuanBnIn0%3D\">\n\t\t\t\t\t\t\t<img decoding=\"async\" width=\"768\" height=\"512\" src=\"https:\/\/sano-agrar.hu\/wp-content\/uploads\/2026\/02\/22-malacneveles-technologia-768x512.jpg\" class=\"attachment-medium_large size-medium_large wp-image-3565\" alt=\"\" srcset=\"https:\/\/sano-agrar.hu\/wp-content\/uploads\/2026\/02\/22-malacneveles-technologia-768x512.jpg 768w, https:\/\/sano-agrar.hu\/wp-content\/uploads\/2026\/02\/22-malacneveles-technologia-300x200.jpg 300w, https:\/\/sano-agrar.hu\/wp-content\/uploads\/2026\/02\/22-malacneveles-technologia-1280x853.jpg 1280w, https:\/\/sano-agrar.hu\/wp-content\/uploads\/2026\/02\/22-malacneveles-technologia-1536x1024.jpg 1536w, https:\/\/sano-agrar.hu\/wp-content\/uploads\/2026\/02\/22-malacneveles-technologia-18x12.jpg 18w, https:\/\/sano-agrar.hu\/wp-content\/uploads\/2026\/02\/22-malacneveles-technologia.jpg 1620w\" sizes=\"(max-width: 768px) 100vw, 768px\" \/>\t\t\t\t\t\t\t\t<\/a>\n\t\t\t\t\t\t\t\t\t\t\t\t\t\t\t<\/div>\n\t\t\t\t<\/div>\n\t\t\t\t<\/div>\n\t\t\t\t\t<\/div>\n\t\t\t\t<\/div>\n\t\t<div class=\"elementor-element elementor-element-58c41a8 e-flex e-con-boxed e-con e-parent\" data-id=\"58c41a8\" data-element_type=\"container\" data-e-type=\"container\">\n\t\t\t\t\t<div class=\"e-con-inner\">\n\t\t<div class=\"elementor-element elementor-element-efd8b96 e-con-full e-flex e-con e-child\" data-id=\"efd8b96\" data-element_type=\"container\" data-e-type=\"container\">\n\t\t\t\t<div class=\"elementor-element elementor-element-2579bb2 elementor-widget elementor-widget-image\" data-id=\"2579bb2\" data-element_type=\"widget\" data-e-type=\"widget\" data-widget_type=\"image.default\">\n\t\t\t\t<div class=\"elementor-widget-container\">\n\t\t\t\t\t\t\t\t\t\t\t\t\t\t\t\t<a href=\"https:\/\/sano-agrar.hu\/wp-content\/uploads\/2026\/02\/22-malacneveles-kiegtak.jpg\" data-elementor-open-lightbox=\"yes\" data-elementor-lightbox-title=\"Malacnevel\u00e9s kieg.tak.\" data-e-action-hash=\"#elementor-action%3Aaction%3Dlightbox%26settings%3DeyJpZCI6MzU2NCwidXJsIjoiaHR0cHM6XC9cL3Nhbm8tYWdyYXIuaHVcL3dwLWNvbnRlbnRcL3VwbG9hZHNcLzIwMjZcLzAyXC8yMi1tYWxhY25ldmVsZXMta2llZ3Rhay5qcGcifQ%3D%3D\">\n\t\t\t\t\t\t\t<img loading=\"lazy\" decoding=\"async\" width=\"768\" height=\"576\" src=\"https:\/\/sano-agrar.hu\/wp-content\/uploads\/2026\/02\/22-malacneveles-kiegtak-768x576.jpg\" class=\"attachment-medium_large size-medium_large wp-image-3564\" alt=\"\" srcset=\"https:\/\/sano-agrar.hu\/wp-content\/uploads\/2026\/02\/22-malacneveles-kiegtak-768x576.jpg 768w, https:\/\/sano-agrar.hu\/wp-content\/uploads\/2026\/02\/22-malacneveles-kiegtak-300x225.jpg 300w, https:\/\/sano-agrar.hu\/wp-content\/uploads\/2026\/02\/22-malacneveles-kiegtak-1280x960.jpg 1280w, https:\/\/sano-agrar.hu\/wp-content\/uploads\/2026\/02\/22-malacneveles-kiegtak-16x12.jpg 16w, https:\/\/sano-agrar.hu\/wp-content\/uploads\/2026\/02\/22-malacneveles-kiegtak.jpg 1440w\" sizes=\"(max-width: 768px) 100vw, 768px\" \/>\t\t\t\t\t\t\t\t<\/a>\n\t\t\t\t\t\t\t\t\t\t\t\t\t\t\t<\/div>\n\t\t\t\t<\/div>\n\t\t\t\t<\/div>\n\t\t<div class=\"elementor-element elementor-element-93d785a e-con-full e-flex e-con e-child\" data-id=\"93d785a\" data-element_type=\"container\" data-e-type=\"container\">\n\t\t\t\t<div class=\"elementor-element elementor-element-7982401 elementor-widget elementor-widget-text-editor\" data-id=\"7982401\" data-element_type=\"widget\" data-e-type=\"widget\" data-widget_type=\"text-editor.default\">\n\t\t\t\t<div class=\"elementor-widget-container\">\n\t\t\t\t\t\t\t\t\t<h4>A Sano takarm\u00e1nyoz\u00e1si koncepci\u00f3 el\u0151nyei<\/h4><p>A Sano malactakarm\u00e1nyoz\u00e1si program c\u00e9lzott megold\u00e1st k\u00edn\u00e1l a korai \u00e9letszakasz kih\u00edv\u00e1saira: t\u00e1mogatja az em\u00e9szt\u0151rendszer \u00e9s az immunrendszer optim\u00e1lis fejl\u0151d\u00e9s\u00e9t, seg\u00edt megel\u0151zni a hasmen\u00e9seket, \u00e9s biztos\u00edtja a magas napi s\u00falygyarapod\u00e1st. Az eredm\u00e9ny eg\u00e9szs\u00e9ges, j\u00f3l indul\u00f3, egy\u00f6ntet\u0171 malac\u00e1llom\u00e1ny, amely stabil alapot jelent a hizlal\u00e1s siker\u00e9hez.<\/p><p><strong>Szeretne t\u00f6bbet megtudni? T\u00f6ltse le a Sano ingyenes malac takarm\u00e1nyoz\u00e1si koncepci\u00f3j\u00e1t most!<\/strong><\/p>\t\t\t\t\t\t\t\t<\/div>\n\t\t\t\t<\/div>\n\t\t\t\t<div class=\"elementor-element elementor-element-ceed825 elementor-widget elementor-widget-tp-advanced-buttons\" data-id=\"ceed825\" data-element_type=\"widget\" data-e-type=\"widget\" data-widget_type=\"tp-advanced-buttons.default\">\n\t\t\t\t<div class=\"elementor-widget-container\">\n\t\t\t\t\t<div class=\"pt-plus-adv-button-wrapper\" ><div id=\"advbutton69e6e26733ca7\" class=\"pt_plus_adv_button  ab-download  tp_download_st_5   dba_left\"  data-dfname=\"download\"><a href=\"https:\/\/sano.hu\/koca-es-malac-takarmanyozasi-koncepcio\" target=\"_blank\" class=\"adv-button-link-wrap\" role=\"button\" download=\"download\">Let\u00f6lt\u00e9s<span class=\"icon-wrap\"><i class=\"icon-download\"><\/i><\/span><\/a><div class=\"tp-meter\"><span class=\"tp-meter-progress\"><\/span><\/div><\/div><\/div>\t\t\t\t<\/div>\n\t\t\t\t<\/div>\n\t\t\t\t<\/div>\n\t\t\t\t\t<\/div>\n\t\t\t\t<\/div>\n\t\t\t\t<\/div>","protected":false},"excerpt":{"rendered":"<p>A Sano Agrar Institut sert\u00e9start\u00f3 mintagazdas\u00e1g\u00e1ban a malacnevel\u00e9s m\u00e1r a fiaztat\u00f3ban megkezd\u0151dik, szigor\u00faan szervezett technol\u00f3giai \u00e9s takarm\u00e1nyoz\u00e1si rendszer ment\u00e9n. C\u00e9lunk az eg\u00e9szs\u00e9ges, egy\u00f6ntet\u0171 malacok felnevel\u00e9se, a magas napi testt\u00f6meg-gyarapod\u00e1s el\u00e9r\u00e9se, valamint a v\u00e1laszt\u00e1s ut\u00e1ni probl\u00e9m\u00e1k minimaliz\u00e1l\u00e1sa \u2013 mindezt a Sano malactakarm\u00e1nyoz\u00e1si koncepci\u00f3j\u00e1ra alapozva. \u00a0 Szop\u00f3smalac-nevel\u00e9s a fiaztat\u00f3ban A fiaztat\u00e1sok hetente, cs\u00fct\u00f6rt\u00f6kt\u0151l vas\u00e1rnapig zajlanak, a fial\u00e1si [&hellip;]<\/p>\n","protected":false},"author":1,"featured_media":3563,"parent":642,"menu_order":1,"comment_status":"closed","ping_status":"closed","template":"","meta":{"footnotes":""},"class_list":["post-592","page","type-page","status-publish","has-post-thumbnail","hentry"],"_links":{"self":[{"href":"https:\/\/sano-agrar.hu\/de\/wp-json\/wp\/v2\/pages\/592","targetHints":{"allow":["GET"]}}],"collection":[{"href":"https:\/\/sano-agrar.hu\/de\/wp-json\/wp\/v2\/pages"}],"about":[{"href":"https:\/\/sano-agrar.hu\/de\/wp-json\/wp\/v2\/types\/page"}],"author":[{"embeddable":true,"href":"https:\/\/sano-agrar.hu\/de\/wp-json\/wp\/v2\/users\/1"}],"replies":[{"embeddable":true,"href":"https:\/\/sano-agrar.hu\/de\/wp-json\/wp\/v2\/comments?post=592"}],"version-history":[{"count":4,"href":"https:\/\/sano-agrar.hu\/de\/wp-json\/wp\/v2\/pages\/592\/revisions"}],"predecessor-version":[{"id":4070,"href":"https:\/\/sano-agrar.hu\/de\/wp-json\/wp\/v2\/pages\/592\/revisions\/4070"}],"up":[{"embeddable":true,"href":"https:\/\/sano-agrar.hu\/de\/wp-json\/wp\/v2\/pages\/642"}],"wp:featuredmedia":[{"embeddable":true,"href":"https:\/\/sano-agrar.hu\/de\/wp-json\/wp\/v2\/media\/3563"}],"wp:attachment":[{"href":"https:\/\/sano-agrar.hu\/de\/wp-json\/wp\/v2\/media?parent=592"}],"curies":[{"name":"wp","href":"https:\/\/api.w.org\/{rel}","templated":true}]}}