{"id":2,"date":"2024-02-12T10:06:42","date_gmt":"2024-02-12T09:06:42","guid":{"rendered":"https:\/\/sano-agrar.hu\/?page_id=2"},"modified":"2026-03-05T15:05:26","modified_gmt":"2026-03-05T14:05:26","slug":"rolunk","status":"publish","type":"page","link":"https:\/\/sano-agrar.hu\/de\/rolunk\/","title":{"rendered":"R\u00f3lunk"},"content":{"rendered":"<div data-elementor-type=\"wp-page\" data-elementor-id=\"2\" class=\"elementor elementor-2\" data-elementor-post-type=\"page\">\n\t\t\t\t\t\t<section class=\"elementor-section elementor-top-section elementor-element elementor-element-dc8128c elementor-section-boxed elementor-section-height-default elementor-section-height-default\" data-id=\"dc8128c\" data-element_type=\"section\" data-e-type=\"section\">\n\t\t\t\t\t\t<div class=\"elementor-container elementor-column-gap-default\">\n\t\t\t\t\t<div class=\"elementor-column elementor-col-100 elementor-top-column elementor-element elementor-element-b7a3713\" data-id=\"b7a3713\" data-element_type=\"column\" data-e-type=\"column\">\n\t\t\t<div class=\"elementor-widget-wrap elementor-element-populated\">\n\t\t\t\t\t\t\t<\/div>\n\t\t<\/div>\n\t\t\t\t\t<\/div>\n\t\t<\/section>\n\t\t\t\t<section class=\"elementor-section elementor-top-section elementor-element elementor-element-418487e0 elementor-section-boxed elementor-section-height-default elementor-section-height-default\" data-id=\"418487e0\" data-element_type=\"section\" data-e-type=\"section\">\n\t\t\t\t\t\t<div class=\"elementor-container elementor-column-gap-default\">\n\t\t\t\t\t<div class=\"elementor-column elementor-col-50 elementor-top-column elementor-element elementor-element-46c25033\" data-id=\"46c25033\" data-element_type=\"column\" data-e-type=\"column\">\n\t\t\t<div class=\"elementor-widget-wrap elementor-element-populated\">\n\t\t\t\t\t\t<div class=\"elementor-element elementor-element-9d00456 elementor-widget elementor-widget-text-editor\" data-id=\"9d00456\" data-element_type=\"widget\" data-e-type=\"widget\" data-widget_type=\"text-editor.default\">\n\t\t\t\t<div class=\"elementor-widget-container\">\n\t\t\t\t\t\t\t\t\t<p>A Sano Agrar Institut sert\u00e9start\u00f3 mintagazdas\u00e1ga a Sano csoport kutat\u00e1s-fejleszt\u00e9si k\u00f6zpontja, ahol kiemelt hangs\u00falyt fektet\u00fcnk a sert\u00e9s takarm\u00e1nyok kiterjedt gyakorlati tesztel\u00e9s\u00e9re \u00e9s tov\u00e1bbfejleszt\u00e9s\u00e9re. K\u00eds\u00e9rletek \u00e9s tanulm\u00e1nyokat v\u00e9gz\u00fcnk \u00faj term\u00e9kek \u00e9s takarm\u00e1nyoz\u00e1si koncepci\u00f3k kidolgoz\u00e1sa \u00e9rdek\u00e9ben. K\u00fcldet\u00e9s\u00fcnknek tekintj\u00fck a sert\u00e9steny\u00e9szt\u00e9s \u00fajradefini\u00e1l\u00e1s\u00e1t: az \u00e1llatj\u00f3l\u00e9t, a fenntarthat\u00f3s\u00e1g \u00e9s a hat\u00e9konys\u00e1g \u00f6tv\u00f6z\u00e9s\u00e9vel. Modern takarm\u00e1nyoz\u00e1si technol\u00f3gi\u00e1nk teljes digitaliz\u00e1ci\u00f3val forradalmas\u00edtja az \u00e1llatteny\u00e9szt\u00e9s j\u00f6v\u0151j\u00e9t.<\/p><p>\u00a0<\/p><h4>A j\u00f6v\u0151 alapj\u00e1nak megteremt\u00e9se<\/h4><p>A Sano Agrar Institut sert\u00e9start\u00f3 mintagazdas\u00e1g\u00e1nak \u00e9p\u00edt\u00e9se el\u0151tt a Sano megv\u00e1s\u00e1rolt egy m\u0171k\u00f6d\u0151 sert\u00e9shizlal\u00f3 telepet Sz\u00e1kszenden. 2020 szeptember\u00e9ben megt\u00f6rt\u00e9nt az \u00faj Sano Agrar Institut alapk\u0151let\u00e9tele \u00e9s megkezd\u0151d\u00f6tt a beruh\u00e1z\u00e1s. Az \u00e9p\u00edt\u00e9si munk\u00e1k k\u00e9t \u00fctemben zajlottak:<\/p><ul><li>Az els\u0151 kivitelez\u00e9si szakaszban megkezd\u0151dtek a fiaztat\u00f3, a vemhes\u00edt\u0151, a csoportos kocasz\u00e1ll\u00e1s \u00e9s a takarm\u00e1nykever\u0151 csarnok munk\u00e1latai. Az els\u0151 \u00e9p\u00edtkez\u00e9si szakasz 2021 november\u00e9ben \u00e9rt v\u00e9get.<\/li><li>A m\u00e1sodik \u00e9p\u00edt\u00e9si szakasz 2022 tavasz\u00e1n kezd\u0151d\u00f6tt \u2013 azzal a c\u00e9llal, hogy 2022 v\u00e9g\u00e9re elk\u00e9sz\u00fclj\u00f6n a Sano Agrar Institut sert\u00e9stelepe.<\/li><\/ul>\t\t\t\t\t\t\t\t<\/div>\n\t\t\t\t<\/div>\n\t\t\t\t\t<\/div>\n\t\t<\/div>\n\t\t\t\t<div class=\"elementor-column elementor-col-50 elementor-top-column elementor-element elementor-element-bcb044f\" data-id=\"bcb044f\" data-element_type=\"column\" data-e-type=\"column\">\n\t\t\t<div class=\"elementor-widget-wrap elementor-element-populated\">\n\t\t\t\t\t\t<div class=\"elementor-element elementor-element-7924f08 elementor-widget elementor-widget-theme-post-featured-image elementor-widget-image\" data-id=\"7924f08\" data-element_type=\"widget\" data-e-type=\"widget\" data-widget_type=\"theme-post-featured-image.default\">\n\t\t\t\t<div class=\"elementor-widget-container\">\n\t\t\t\t\t\t\t\t\t\t\t\t\t\t\t\t<a href=\"https:\/\/sano-agrar.hu\/wp-content\/uploads\/2026\/02\/1-cegunkrol.jpg\" data-elementor-open-lightbox=\"yes\" data-elementor-lightbox-title=\"Sano Agrar Institut sert\u00e9start\u00f3 mintagazdas\u00e1ga\" data-e-action-hash=\"#elementor-action%3Aaction%3Dlightbox%26settings%3DeyJpZCI6MzU2MSwidXJsIjoiaHR0cHM6XC9cL3Nhbm8tYWdyYXIuaHVcL3dwLWNvbnRlbnRcL3VwbG9hZHNcLzIwMjZcLzAyXC8xLWNlZ3Vua3JvbC5qcGcifQ%3D%3D\">\n\t\t\t\t\t\t\t<img fetchpriority=\"high\" decoding=\"async\" width=\"800\" height=\"600\" src=\"https:\/\/sano-agrar.hu\/wp-content\/uploads\/2026\/02\/1-cegunkrol-1280x960.jpg\" class=\"attachment-large size-large wp-image-3561\" alt=\"\" srcset=\"https:\/\/sano-agrar.hu\/wp-content\/uploads\/2026\/02\/1-cegunkrol-1280x960.jpg 1280w, https:\/\/sano-agrar.hu\/wp-content\/uploads\/2026\/02\/1-cegunkrol-300x225.jpg 300w, https:\/\/sano-agrar.hu\/wp-content\/uploads\/2026\/02\/1-cegunkrol-768x576.jpg 768w, https:\/\/sano-agrar.hu\/wp-content\/uploads\/2026\/02\/1-cegunkrol-16x12.jpg 16w, https:\/\/sano-agrar.hu\/wp-content\/uploads\/2026\/02\/1-cegunkrol.jpg 1440w\" sizes=\"(max-width: 800px) 100vw, 800px\" \/>\t\t\t\t\t\t\t\t<\/a>\n\t\t\t\t\t\t\t\t\t\t\t\t\t\t\t<\/div>\n\t\t\t\t<\/div>\n\t\t\t\t\t<\/div>\n\t\t<\/div>\n\t\t\t\t\t<\/div>\n\t\t<\/section>\n\t\t\t\t<section class=\"elementor-section elementor-top-section elementor-element elementor-element-a19fb8d elementor-section-boxed elementor-section-height-default elementor-section-height-default\" data-id=\"a19fb8d\" data-element_type=\"section\" data-e-type=\"section\">\n\t\t\t\t\t\t<div class=\"elementor-container elementor-column-gap-default\">\n\t\t\t\t\t<div class=\"elementor-column elementor-col-100 elementor-top-column elementor-element elementor-element-8ea97a2\" data-id=\"8ea97a2\" data-element_type=\"column\" data-e-type=\"column\">\n\t\t\t<div class=\"elementor-widget-wrap elementor-element-populated\">\n\t\t\t\t\t\t<div class=\"elementor-element elementor-element-78f86b2 elementor-widget elementor-widget-text-editor\" data-id=\"78f86b2\" data-element_type=\"widget\" data-e-type=\"widget\" data-widget_type=\"text-editor.default\">\n\t\t\t\t<div class=\"elementor-widget-container\">\n\t\t\t\t\t\t\t\t\t<p>Az els\u0151 \u00e1llatok 2023 febru\u00e1rj\u00e1ban \u00e9rkeztek a gazdas\u00e1gba.<\/p><p>A sert\u00e9stelep 1.200 koca f\u00e9r\u0151hellyel rendelkezik, f\u0151 profilja a malacel\u0151\u00e1ll\u00edt\u00e1s \u00e9s -\u00e9rt\u00e9kes\u00edt\u00e9s. Emellett 1.800 h\u00edz\u00f3 egyidej\u0171 tart\u00e1s\u00e1t teszi lehet\u0151v\u00e9 a takarm\u00e1nyoz\u00e1si k\u00eds\u00e9rletek teljesk\u00f6r\u0171 lebonyol\u00edt\u00e1sa \u00e9rdek\u00e9ben. A Sano Agrar Institut oktat\u00f3 \u00e9s bemutat\u00f3 \u00fczemk\u00e9nt is funkcion\u00e1l, ez\u00e9rt az \u00e9p\u00fcletegy\u00fcttesben kialak\u00edt\u00e1sra ker\u00fclt egy l\u00e1togat\u00f3i folyos\u00f3, amin kereszt\u00fcl az \u00e9rdekl\u0151d\u0151 di\u00e1kok, szakemberek, \u00e1llattartt\u00f3 partnerek \u00e9s munkat\u00e1rsak az \u00e1llatokat \u00e9rintkez\u00e9s n\u00e9lk\u00fcl megtekinthetik a k\u00fcl\u00f6nb\u00f6z\u0151 \u00e9letszakaszokban, valamint betekint\u00e9st nyerhetnek a telepi munkafolyamatokba.<\/p>\t\t\t\t\t\t\t\t<\/div>\n\t\t\t\t<\/div>\n\t\t\t\t\t<\/div>\n\t\t<\/div>\n\t\t\t\t\t<\/div>\n\t\t<\/section>\n\t\t\t\t<section class=\"elementor-section elementor-top-section elementor-element elementor-element-3464cad elementor-section-boxed elementor-section-height-default elementor-section-height-default\" data-id=\"3464cad\" data-element_type=\"section\" data-e-type=\"section\">\n\t\t\t\t\t\t<div class=\"elementor-container elementor-column-gap-default\">\n\t\t\t\t\t<div class=\"elementor-column elementor-col-100 elementor-top-column elementor-element elementor-element-8666c6b\" data-id=\"8666c6b\" data-element_type=\"column\" data-e-type=\"column\">\n\t\t\t<div class=\"elementor-widget-wrap elementor-element-populated\">\n\t\t\t\t\t\t<div class=\"elementor-element elementor-element-1a2aeaf elementor-widget elementor-widget-video\" data-id=\"1a2aeaf\" data-element_type=\"widget\" data-e-type=\"widget\" data-settings=\"{&quot;youtube_url&quot;:&quot;https:\\\/\\\/www.youtube.com\\\/watch?v=QU3exg_mb1Y&amp;t=7s&quot;,&quot;yt_privacy&quot;:&quot;yes&quot;,&quot;video_type&quot;:&quot;youtube&quot;,&quot;controls&quot;:&quot;yes&quot;}\" data-widget_type=\"video.default\">\n\t\t\t\t<div class=\"elementor-widget-container\">\n\t\t\t\t\t\t\t<div class=\"elementor-wrapper elementor-open-inline\">\n\t\t\t<div class=\"elementor-video\"><\/div>\t\t<\/div>\n\t\t\t\t\t\t<\/div>\n\t\t\t\t<\/div>\n\t\t\t\t\t<\/div>\n\t\t<\/div>\n\t\t\t\t\t<\/div>\n\t\t<\/section>\n\t\t\t\t<\/div>","protected":false},"excerpt":{"rendered":"<p>A Sano Agrar Institut sert\u00e9start\u00f3 mintagazdas\u00e1ga a Sano csoport kutat\u00e1s-fejleszt\u00e9si k\u00f6zpontja, ahol kiemelt hangs\u00falyt fektet\u00fcnk a sert\u00e9s takarm\u00e1nyok kiterjedt gyakorlati tesztel\u00e9s\u00e9re \u00e9s tov\u00e1bbfejleszt\u00e9s\u00e9re. K\u00eds\u00e9rletek \u00e9s tanulm\u00e1nyokat v\u00e9gz\u00fcnk \u00faj term\u00e9kek \u00e9s takarm\u00e1nyoz\u00e1si koncepci\u00f3k kidolgoz\u00e1sa \u00e9rdek\u00e9ben. K\u00fcldet\u00e9s\u00fcnknek tekintj\u00fck a sert\u00e9steny\u00e9szt\u00e9s \u00fajradefini\u00e1l\u00e1s\u00e1t: az \u00e1llatj\u00f3l\u00e9t, a fenntarthat\u00f3s\u00e1g \u00e9s a hat\u00e9konys\u00e1g \u00f6tv\u00f6z\u00e9s\u00e9vel. Modern takarm\u00e1nyoz\u00e1si technol\u00f3gi\u00e1nk teljes digitaliz\u00e1ci\u00f3val forradalmas\u00edtja az \u00e1llatteny\u00e9szt\u00e9s [&hellip;]<\/p>\n","protected":false},"author":1,"featured_media":3561,"parent":0,"menu_order":3,"comment_status":"closed","ping_status":"closed","template":"","meta":{"footnotes":""},"class_list":["post-2","page","type-page","status-publish","has-post-thumbnail","hentry"],"_links":{"self":[{"href":"https:\/\/sano-agrar.hu\/de\/wp-json\/wp\/v2\/pages\/2","targetHints":{"allow":["GET"]}}],"collection":[{"href":"https:\/\/sano-agrar.hu\/de\/wp-json\/wp\/v2\/pages"}],"about":[{"href":"https:\/\/sano-agrar.hu\/de\/wp-json\/wp\/v2\/types\/page"}],"author":[{"embeddable":true,"href":"https:\/\/sano-agrar.hu\/de\/wp-json\/wp\/v2\/users\/1"}],"replies":[{"embeddable":true,"href":"https:\/\/sano-agrar.hu\/de\/wp-json\/wp\/v2\/comments?post=2"}],"version-history":[{"count":4,"href":"https:\/\/sano-agrar.hu\/de\/wp-json\/wp\/v2\/pages\/2\/revisions"}],"predecessor-version":[{"id":4084,"href":"https:\/\/sano-agrar.hu\/de\/wp-json\/wp\/v2\/pages\/2\/revisions\/4084"}],"wp:featuredmedia":[{"embeddable":true,"href":"https:\/\/sano-agrar.hu\/de\/wp-json\/wp\/v2\/media\/3561"}],"wp:attachment":[{"href":"https:\/\/sano-agrar.hu\/de\/wp-json\/wp\/v2\/media?parent=2"}],"curies":[{"name":"wp","href":"https:\/\/api.w.org\/{rel}","templated":true}]}}